{"id":3346,"date":"2025-10-07T13:50:38","date_gmt":"2025-10-07T13:50:38","guid":{"rendered":"https:\/\/habibimb.com\/?post_type=product&#038;p=3346"},"modified":"2025-10-20T06:51:05","modified_gmt":"2025-10-20T06:51:05","slug":"apa-de-parfum-hunter-noir-absolu-al-fakhr-perfumes-barbati-100ml","status":"publish","type":"product","link":"https:\/\/habibimb.com\/en\/product\/apa-de-parfum-hunter-noir-absolu-al-fakhr-perfumes-barbati-100ml\/","title":{"rendered":"Hunter Noir Absolu, Al Fakhr Perfumes"},"content":{"rendered":"<p><strong>Hunter Noir Absolu este un parfum b\u0103rb\u0103tesc intens \u0219i elegant, ce eman\u0103 putere \u0219i rafinament.<\/strong><br data-start=\"93\" data-end=\"96\" \/><strong>O combina\u021bie seduc\u0103toare de arome calde \u0219i lemnoase ofer\u0103 o prezen\u021b\u0103 memorabil\u0103.<\/strong><br data-start=\"176\" data-end=\"179\" \/><strong>Ideal pentru serile speciale sau momentele \u00een care vrei s\u0103 impui respect \u0219i mister.<\/strong><br data-start=\"262\" data-end=\"265\" \/><strong>Un parfum persistent, simbol al masculinit\u0103\u021bii moderne \u0219i al \u00eencrederii \u00een sine.<\/strong><\/p>","protected":false},"excerpt":{"rendered":"<article class=\"text-token-text-primary w-full focus:outline-none scroll-mt-[calc(var(--header-height)+min(200px,max(70px,20svh)))]\" dir=\"auto\" tabindex=\"-1\" data-turn-id=\"request-WEB:2dea411d-9e0a-47b0-a411-ab7d2998aec8-31\" data-testid=\"conversation-turn-6\" data-scroll-anchor=\"true\" data-turn=\"assistant\">\n<div class=\"text-base my-auto mx-auto pb-10 [--thread-content-margin:--spacing(4)] thread-sm:[--thread-content-margin:--spacing(6)] thread-lg:[--thread-content-margin:--spacing(16)] px-(--thread-content-margin)\">\n<div class=\"[--thread-content-max-width:40rem] thread-lg:[--thread-content-max-width:48rem] mx-auto max-w-(--thread-content-max-width) flex-1 group\/turn-messages focus-visible:outline-hidden relative flex w-full min-w-0 flex-col agent-turn\" tabindex=\"-1\">\n<div class=\"flex max-w-full flex-col grow\">\n<div class=\"min-h-8 text-message relative flex w-full flex-col items-end gap-2 text-start break-words whitespace-normal [.text-message+&amp;]:mt-5\" dir=\"auto\" data-message-author-role=\"assistant\" data-message-id=\"dfe2e5dc-ae45-4cb9-9352-b1dd2642297e\" data-message-model-slug=\"gpt-5\">\n<div class=\"flex w-full flex-col gap-1 empty:hidden first:pt-[1px]\">\n<div class=\"markdown prose dark:prose-invert w-full break-words dark markdown-new-styling\">\n<ul data-start=\"61\" data-end=\"275\" data-is-last-node=\"\" data-is-only-node=\"\">\n<li data-start=\"61\" data-end=\"122\">\n<p data-start=\"63\" data-end=\"122\"><strong data-start=\"63\" data-end=\"80\">Note de v\u00e2rf:<\/strong> scor\u021bi\u0219oar\u0103, mandarin\u0103, lavand\u0103, l\u0103m\u00e2ie<\/p>\n<\/li>\n<li data-start=\"123\" data-end=\"182\">\n<p data-start=\"125\" data-end=\"182\"><strong data-start=\"125\" data-end=\"144\">Note de mijloc:<\/strong> fructe, t\u0103m\u00e2ie, chimion, cedru ro\u0219u<\/p>\n<\/li>\n<li data-start=\"183\" data-end=\"275\" data-is-last-node=\"\">\n<p data-start=\"185\" data-end=\"275\" data-is-last-node=\"\"><strong data-start=\"185\" data-end=\"202\">Note de baz\u0103:<\/strong> tutun, vanilie, cedru, piele, benzoin\u0103, patchouli<\/p>\n<\/li>\n<\/ul>\n<\/div>\n<\/div>\n<\/div>\n<\/div>\n<div class=\"z-0 flex min-h-[46px] justify-start\"><\/div>\n<div class=\"mt-3 w-full empty:hidden\">\n<div class=\"text-center\"><\/div>\n<\/div>\n<\/div>\n<\/div>\n<\/article>\n<div class=\"pointer-events-none h-px w-px\" aria-hidden=\"true\" data-edge=\"true\"><\/div>","protected":false},"featured_media":3347,"comment_status":"open","ping_status":"closed","template":"","meta":{"om_disable_all_campaigns":false,"_monsterinsights_skip_tracking":false,"_monsterinsights_sitenote_active":false,"_monsterinsights_sitenote_note":"","_monsterinsights_sitenote_category":0},"product_brand":[104],"product_cat":[55],"product_tag":[],"class_list":{"0":"post-3346","1":"product","2":"type-product","3":"status-publish","4":"has-post-thumbnail","6":"product_brand-al-fakhr-perfumes","7":"product_cat-pentru-el","9":"first","10":"outofstock","11":"shipping-taxable","12":"purchasable","13":"product-type-simple"},"aioseo_notices":[],"ct_brands":[{"id":104,"name":"Al Fakhr Perfumes","slug":"al-fakhr-perfumes"}],"_links":{"self":[{"href":"https:\/\/habibimb.com\/en\/wp-json\/wp\/v2\/product\/3346","targetHints":{"allow":["GET"]}}],"collection":[{"href":"https:\/\/habibimb.com\/en\/wp-json\/wp\/v2\/product"}],"about":[{"href":"https:\/\/habibimb.com\/en\/wp-json\/wp\/v2\/types\/product"}],"replies":[{"embeddable":true,"href":"https:\/\/habibimb.com\/en\/wp-json\/wp\/v2\/comments?post=3346"}],"wp:featuredmedia":[{"embeddable":true,"href":"https:\/\/habibimb.com\/en\/wp-json\/wp\/v2\/media\/3347"}],"wp:attachment":[{"href":"https:\/\/habibimb.com\/en\/wp-json\/wp\/v2\/media?parent=3346"}],"wp:term":[{"taxonomy":"product_brand","embeddable":true,"href":"https:\/\/habibimb.com\/en\/wp-json\/wp\/v2\/product_brand?post=3346"},{"taxonomy":"product_cat","embeddable":true,"href":"https:\/\/habibimb.com\/en\/wp-json\/wp\/v2\/product_cat?post=3346"},{"taxonomy":"product_tag","embeddable":true,"href":"https:\/\/habibimb.com\/en\/wp-json\/wp\/v2\/product_tag?post=3346"}],"curies":[{"name":"wp","href":"https:\/\/api.w.org\/{rel}","templated":true}]}}