{"id":3340,"date":"2025-10-07T13:42:48","date_gmt":"2025-10-07T13:42:48","guid":{"rendered":"https:\/\/habibimb.com\/?post_type=product&#038;p=3340"},"modified":"2026-01-10T06:42:53","modified_gmt":"2026-01-10T06:42:53","slug":"apa-de-parfum-badr-al-oud-al-fakhr-perfumes-unisex-100ml","status":"publish","type":"product","link":"https:\/\/habibimb.com\/en\/product\/apa-de-parfum-badr-al-oud-al-fakhr-perfumes-unisex-100ml\/","title":{"rendered":"Badr Al Oud, Al Fakhr Perfumes"},"content":{"rendered":"<p data-start=\"0\" data-end=\"222\"><strong>Apa de Parfum Badr Al Oud de la Al Fakhr Perfumes este un parfum unisex \u00een flacon de 100 ml, cu o concentra\u021bie ridicat\u0103\u00a0 pentru o persisten\u021b\u0103 \u00eendelungat\u0103.<\/strong><\/p>\n<p data-start=\"224\" data-end=\"419\"><strong>Este construit \u00een jurul notei de oud (lemn de agar), oferind o arom\u0103 profund\u0103, lemnoas\u0103 \u0219i cald\u0103, ideal\u0103 pentru iubitorii parfumurilor orientale clasice.<\/strong><\/p>","protected":false},"excerpt":{"rendered":"<ul>\n<li data-start=\"82\" data-end=\"93\">\n<p data-start=\"84\" data-end=\"93\">\u0219ofran,<\/p>\n<\/li>\n<li data-start=\"94\" data-end=\"108\">\n<p data-start=\"96\" data-end=\"108\">trandafir,<\/p>\n<\/li>\n<li data-start=\"109\" data-end=\"123\">\n<p data-start=\"111\" data-end=\"123\">piper roz.<\/p>\n<\/li>\n<\/ul>","protected":false},"featured_media":3341,"comment_status":"open","ping_status":"closed","template":"","meta":{"om_disable_all_campaigns":false,"_monsterinsights_skip_tracking":false,"_monsterinsights_sitenote_active":false,"_monsterinsights_sitenote_note":"","_monsterinsights_sitenote_category":0},"product_brand":[104],"product_cat":[57],"product_tag":[],"class_list":{"0":"post-3340","1":"product","2":"type-product","3":"status-publish","4":"has-post-thumbnail","6":"product_brand-al-fakhr-perfumes","7":"product_cat-unisex","9":"first","10":"outofstock","11":"shipping-taxable","12":"purchasable","13":"product-type-simple"},"aioseo_notices":[],"ct_brands":[{"id":104,"name":"Al Fakhr Perfumes","slug":"al-fakhr-perfumes"}],"_links":{"self":[{"href":"https:\/\/habibimb.com\/en\/wp-json\/wp\/v2\/product\/3340","targetHints":{"allow":["GET"]}}],"collection":[{"href":"https:\/\/habibimb.com\/en\/wp-json\/wp\/v2\/product"}],"about":[{"href":"https:\/\/habibimb.com\/en\/wp-json\/wp\/v2\/types\/product"}],"replies":[{"embeddable":true,"href":"https:\/\/habibimb.com\/en\/wp-json\/wp\/v2\/comments?post=3340"}],"wp:featuredmedia":[{"embeddable":true,"href":"https:\/\/habibimb.com\/en\/wp-json\/wp\/v2\/media\/3341"}],"wp:attachment":[{"href":"https:\/\/habibimb.com\/en\/wp-json\/wp\/v2\/media?parent=3340"}],"wp:term":[{"taxonomy":"product_brand","embeddable":true,"href":"https:\/\/habibimb.com\/en\/wp-json\/wp\/v2\/product_brand?post=3340"},{"taxonomy":"product_cat","embeddable":true,"href":"https:\/\/habibimb.com\/en\/wp-json\/wp\/v2\/product_cat?post=3340"},{"taxonomy":"product_tag","embeddable":true,"href":"https:\/\/habibimb.com\/en\/wp-json\/wp\/v2\/product_tag?post=3340"}],"curies":[{"name":"wp","href":"https:\/\/api.w.org\/{rel}","templated":true}]}}