{"id":3331,"date":"2025-10-07T13:26:26","date_gmt":"2025-10-07T13:26:26","guid":{"rendered":"https:\/\/habibimb.com\/?post_type=product&#038;p=3331"},"modified":"2025-10-23T08:27:55","modified_gmt":"2025-10-23T08:27:55","slug":"apa-de-parfum-humrah-buni-al-fakhr-perfumes-unisex-100ml","status":"publish","type":"product","link":"https:\/\/habibimb.com\/en\/product\/apa-de-parfum-humrah-buni-al-fakhr-perfumes-unisex-100ml\/","title":{"rendered":"Humrah Buni, Al Fakhr Perfumes"},"content":{"rendered":"<p><strong>Humrah Buni este un parfum unisex care \u00eembin\u0103 accente calde, condimentate \u0219i r\u0103\u0219inoase. <\/strong><\/p>\n<p><strong>Se inspir\u0103 din tradi\u021bia aromelor orientale, oferind o atmosfer\u0103 sofisticat\u0103, misterioas\u0103 \u0219i profund\u0103. Ingredientele adaug\u0103 profunzime \u0219i rezisten\u021b\u0103, fiind potrivite pentru purtare seara sau \u00een anotimpurile reci.<\/strong><\/p>","protected":false},"excerpt":{"rendered":"<ul>\n<li data-start=\"437\" data-end=\"478\">\n<p data-start=\"439\" data-end=\"478\"><strong data-start=\"439\" data-end=\"456\">Note de v\u00e2rf:<\/strong> Bergamot\u0103, nuc\u0219oar\u0103<\/p>\n<\/li>\n<li data-start=\"479\" data-end=\"542\">\n<p data-start=\"481\" data-end=\"542\"><strong data-start=\"481\" data-end=\"500\">Note de mijloc:<\/strong> Curmale, tuberoz\u0103, note dulci (pralin\u0103)<\/p>\n<\/li>\n<li data-start=\"543\" data-end=\"638\">\n<p data-start=\"545\" data-end=\"638\"><strong data-start=\"545\" data-end=\"562\">Note de baz\u0103:<\/strong> Vanilie, r\u0103\u0219ini (smirn\u0103), ambr\u0103, tonka, lemn de oud, lemn de santal, mosc<\/p>\n<\/li>\n<\/ul>","protected":false},"featured_media":3332,"comment_status":"open","ping_status":"closed","template":"","meta":{"om_disable_all_campaigns":false,"_monsterinsights_skip_tracking":false,"_monsterinsights_sitenote_active":false,"_monsterinsights_sitenote_note":"","_monsterinsights_sitenote_category":0},"product_brand":[104],"product_cat":[57],"product_tag":[],"class_list":{"0":"post-3331","1":"product","2":"type-product","3":"status-publish","4":"has-post-thumbnail","6":"product_brand-al-fakhr-perfumes","7":"product_cat-unisex","9":"first","10":"outofstock","11":"shipping-taxable","12":"purchasable","13":"product-type-simple"},"aioseo_notices":[],"ct_brands":[{"id":104,"name":"Al Fakhr Perfumes","slug":"al-fakhr-perfumes"}],"_links":{"self":[{"href":"https:\/\/habibimb.com\/en\/wp-json\/wp\/v2\/product\/3331","targetHints":{"allow":["GET"]}}],"collection":[{"href":"https:\/\/habibimb.com\/en\/wp-json\/wp\/v2\/product"}],"about":[{"href":"https:\/\/habibimb.com\/en\/wp-json\/wp\/v2\/types\/product"}],"replies":[{"embeddable":true,"href":"https:\/\/habibimb.com\/en\/wp-json\/wp\/v2\/comments?post=3331"}],"wp:featuredmedia":[{"embeddable":true,"href":"https:\/\/habibimb.com\/en\/wp-json\/wp\/v2\/media\/3332"}],"wp:attachment":[{"href":"https:\/\/habibimb.com\/en\/wp-json\/wp\/v2\/media?parent=3331"}],"wp:term":[{"taxonomy":"product_brand","embeddable":true,"href":"https:\/\/habibimb.com\/en\/wp-json\/wp\/v2\/product_brand?post=3331"},{"taxonomy":"product_cat","embeddable":true,"href":"https:\/\/habibimb.com\/en\/wp-json\/wp\/v2\/product_cat?post=3331"},{"taxonomy":"product_tag","embeddable":true,"href":"https:\/\/habibimb.com\/en\/wp-json\/wp\/v2\/product_tag?post=3331"}],"curies":[{"name":"wp","href":"https:\/\/api.w.org\/{rel}","templated":true}]}}