{"id":3324,"date":"2025-10-07T13:17:30","date_gmt":"2025-10-07T13:17:30","guid":{"rendered":"https:\/\/habibimb.com\/?post_type=product&#038;p=3324"},"modified":"2025-10-20T06:53:33","modified_gmt":"2025-10-20T06:53:33","slug":"apa-de-parfum-aswad-aqua-al-fakhr-perfumes-barbati-100ml","status":"publish","type":"product","link":"https:\/\/habibimb.com\/en\/product\/apa-de-parfum-aswad-aqua-al-fakhr-perfumes-barbati-100ml\/","title":{"rendered":"Aswad Aqua, Al Fakhr Perfumes"},"content":{"rendered":"<p><strong>Aswad Aqua este un parfum aromatic-acvatic unisex ce combin\u0103 note proaspete, marine \u0219i dulci \u00een echilibru. <\/strong><\/p>\n<p><strong>Are un caracter lejer \u0219i r\u0103coritor la \u00eenceput, evolu\u00e2nd spre accente lemnoase \u0219i vanilate, cu o baz\u0103 Aswad Aqua este un parfum aromatic-acvatic unisex ce combin\u0103 note proaspete, marine \u0219i dulci \u00een echilibru. Are un caracter lejer \u0219i r\u0103coritor la \u00eenceput, evolu\u00e2nd spre accente lemnoase \u0219i vanilate, cu o baz\u0103 u\u0219or cald\u0103 \u0219i balsamic\u0103.\u0219or cald\u0103 \u0219i balsamic\u0103.<\/strong><\/p>","protected":false},"excerpt":{"rendered":"<ul>\n<li data-start=\"142\" data-end=\"184\">\n<p data-start=\"144\" data-end=\"184\"><strong data-start=\"144\" data-end=\"161\">Note de v\u00e2rf:<\/strong> lavand\u0103, piper negru<\/p>\n<\/li>\n<li data-start=\"185\" data-end=\"240\">\n<p data-start=\"187\" data-end=\"240\"><strong data-start=\"187\" data-end=\"206\">Note de mijloc:<\/strong> ap\u0103 de cocos, iris, sare marin\u0103<\/p>\n<\/li>\n<li data-start=\"241\" data-end=\"278\">\n<p data-start=\"243\" data-end=\"278\"><strong data-start=\"243\" data-end=\"260\">Note de baz\u0103:<\/strong> vanilie, t\u0103m\u00e2ie<\/p>\n<\/li>\n<\/ul>","protected":false},"featured_media":3325,"comment_status":"open","ping_status":"closed","template":"","meta":{"om_disable_all_campaigns":false,"_monsterinsights_skip_tracking":false,"_monsterinsights_sitenote_active":false,"_monsterinsights_sitenote_note":"","_monsterinsights_sitenote_category":0},"product_brand":[104],"product_cat":[55],"product_tag":[],"class_list":{"0":"post-3324","1":"product","2":"type-product","3":"status-publish","4":"has-post-thumbnail","6":"product_brand-al-fakhr-perfumes","7":"product_cat-pentru-el","9":"first","10":"outofstock","11":"shipping-taxable","12":"purchasable","13":"product-type-simple"},"aioseo_notices":[],"ct_brands":[{"id":104,"name":"Al Fakhr Perfumes","slug":"al-fakhr-perfumes"}],"_links":{"self":[{"href":"https:\/\/habibimb.com\/en\/wp-json\/wp\/v2\/product\/3324","targetHints":{"allow":["GET"]}}],"collection":[{"href":"https:\/\/habibimb.com\/en\/wp-json\/wp\/v2\/product"}],"about":[{"href":"https:\/\/habibimb.com\/en\/wp-json\/wp\/v2\/types\/product"}],"replies":[{"embeddable":true,"href":"https:\/\/habibimb.com\/en\/wp-json\/wp\/v2\/comments?post=3324"}],"wp:featuredmedia":[{"embeddable":true,"href":"https:\/\/habibimb.com\/en\/wp-json\/wp\/v2\/media\/3325"}],"wp:attachment":[{"href":"https:\/\/habibimb.com\/en\/wp-json\/wp\/v2\/media?parent=3324"}],"wp:term":[{"taxonomy":"product_brand","embeddable":true,"href":"https:\/\/habibimb.com\/en\/wp-json\/wp\/v2\/product_brand?post=3324"},{"taxonomy":"product_cat","embeddable":true,"href":"https:\/\/habibimb.com\/en\/wp-json\/wp\/v2\/product_cat?post=3324"},{"taxonomy":"product_tag","embeddable":true,"href":"https:\/\/habibimb.com\/en\/wp-json\/wp\/v2\/product_tag?post=3324"}],"curies":[{"name":"wp","href":"https:\/\/api.w.org\/{rel}","templated":true}]}}