{"id":3321,"date":"2025-10-07T13:14:01","date_gmt":"2025-10-07T13:14:01","guid":{"rendered":"https:\/\/habibimb.com\/?post_type=product&#038;p=3321"},"modified":"2025-10-23T08:28:12","modified_gmt":"2025-10-23T08:28:12","slug":"apa-de-parfum-humrah-al-fakhr-perfumes-unisex-100ml","status":"publish","type":"product","link":"https:\/\/habibimb.com\/en\/product\/apa-de-parfum-humrah-al-fakhr-perfumes-unisex-100ml\/","title":{"rendered":"Humrah, Al Fakhr Perfumes"},"content":{"rendered":"<p><strong>Un parfum oriental-fumos, care combin\u0103 contraste \u00eentre note luminoase \u0219i accente \u00eentunecate. <\/strong><\/p>\n<p><strong>La deschidere pot fi prezente accente citrice (mandarin\u0103) \u0219i condimente u\u0219oare . Inima evolueaz\u0103 c\u0103tre note florale delicate \u0219i note t\u0103m\u00e2ioase \/ r\u0103\u0219inoase. \u00cen baz\u0103 r\u0103m\u00e2n note calde \u0219i seduc\u0103toare de tutun, pralin\u0103, ambr\u0103 \u0219i benzoin, care adaug\u0103 profunzime \u0219i persisten\u021b\u0103.<\/strong><\/p>","protected":false},"excerpt":{"rendered":"<ul>\n<li data-start=\"364\" data-end=\"479\">\n<p data-start=\"366\" data-end=\"479\"><strong data-start=\"366\" data-end=\"388\">Note de v\u00e2rf <\/strong>: mandarin\u0103, pimento<\/p>\n<\/li>\n<li data-start=\"480\" data-end=\"620\">\n<p data-start=\"482\" data-end=\"620\"><strong data-start=\"482\" data-end=\"508\">Note de mijloc <\/strong>: cistus, floare de portocal, accente t\u0103m\u00e2ioase \/ incens<\/p>\n<\/li>\n<li data-start=\"621\" data-end=\"769\">\n<p data-start=\"623\" data-end=\"769\"><strong data-start=\"623\" data-end=\"639\">Note de baz\u0103<\/strong>: tutun, pralin\u0103, benzoin\u0103 , ambra \u0219i tonka, compozi\u021bie dulce, cald\u0103 \u0219i rezinoas\u0103<\/p>\n<\/li>\n<\/ul>","protected":false},"featured_media":3322,"comment_status":"open","ping_status":"closed","template":"","meta":{"om_disable_all_campaigns":false,"_monsterinsights_skip_tracking":false,"_monsterinsights_sitenote_active":false,"_monsterinsights_sitenote_note":"","_monsterinsights_sitenote_category":0},"product_brand":[104],"product_cat":[57],"product_tag":[],"class_list":{"0":"post-3321","1":"product","2":"type-product","3":"status-publish","4":"has-post-thumbnail","6":"product_brand-al-fakhr-perfumes","7":"product_cat-unisex","9":"first","10":"outofstock","11":"shipping-taxable","12":"purchasable","13":"product-type-simple"},"aioseo_notices":[],"ct_brands":[{"id":104,"name":"Al Fakhr Perfumes","slug":"al-fakhr-perfumes"}],"_links":{"self":[{"href":"https:\/\/habibimb.com\/en\/wp-json\/wp\/v2\/product\/3321","targetHints":{"allow":["GET"]}}],"collection":[{"href":"https:\/\/habibimb.com\/en\/wp-json\/wp\/v2\/product"}],"about":[{"href":"https:\/\/habibimb.com\/en\/wp-json\/wp\/v2\/types\/product"}],"replies":[{"embeddable":true,"href":"https:\/\/habibimb.com\/en\/wp-json\/wp\/v2\/comments?post=3321"}],"wp:featuredmedia":[{"embeddable":true,"href":"https:\/\/habibimb.com\/en\/wp-json\/wp\/v2\/media\/3322"}],"wp:attachment":[{"href":"https:\/\/habibimb.com\/en\/wp-json\/wp\/v2\/media?parent=3321"}],"wp:term":[{"taxonomy":"product_brand","embeddable":true,"href":"https:\/\/habibimb.com\/en\/wp-json\/wp\/v2\/product_brand?post=3321"},{"taxonomy":"product_cat","embeddable":true,"href":"https:\/\/habibimb.com\/en\/wp-json\/wp\/v2\/product_cat?post=3321"},{"taxonomy":"product_tag","embeddable":true,"href":"https:\/\/habibimb.com\/en\/wp-json\/wp\/v2\/product_tag?post=3321"}],"curies":[{"name":"wp","href":"https:\/\/api.w.org\/{rel}","templated":true}]}}