{"id":3315,"date":"2025-10-07T13:06:48","date_gmt":"2025-10-07T13:06:48","guid":{"rendered":"https:\/\/habibimb.com\/?post_type=product&#038;p=3315"},"modified":"2026-01-10T06:44:53","modified_gmt":"2026-01-10T06:44:53","slug":"apa-de-parfum-badr-al-oud-wardi-al-fakhr-perfumes-femei-100ml","status":"publish","type":"product","link":"https:\/\/habibimb.com\/en\/product\/apa-de-parfum-badr-al-oud-wardi-al-fakhr-perfumes-femei-100ml\/","title":{"rendered":"Badr Al Oud Wardi, Al Fakhr Perfumes, &#8211;"},"content":{"rendered":"<p><strong>O compozi\u021bie oriental-floral\u0103 elegant\u0103, dedicat\u0103 femeilor, \u00een care acorde delicate de trandafir se contopesc cu profunzimea lemnului de oud. <\/strong><\/p>\n<p><strong>Aroma este cald\u0103, senzual\u0103, cu un echilibru \u00eentre feminitate \u0219i caracter oriental. <\/strong><\/p>\n<p><strong>Persisten\u021ba este bun\u0103, potrivit\u0103 pentru purtare de zi sau sear\u0103.<\/strong><\/p>","protected":false},"excerpt":{"rendered":"<ul>\n<li data-start=\"107\" data-end=\"188\">\n<p data-start=\"109\" data-end=\"188\">Note de v\u00e2rf: \u0219ofran, nuc\u0219oar\u0103, lavand\u0103<\/p>\n<\/li>\n<li data-start=\"189\" data-end=\"280\">\n<p data-start=\"191\" data-end=\"280\">Note de mijloc : agarwood, patchouli<\/p>\n<\/li>\n<li data-start=\"281\" data-end=\"341\">\n<p data-start=\"283\" data-end=\"341\">Note de baz\u0103: mosc<\/p>\n<\/li>\n<\/ul>","protected":false},"featured_media":3316,"comment_status":"open","ping_status":"closed","template":"","meta":{"om_disable_all_campaigns":false,"_monsterinsights_skip_tracking":false,"_monsterinsights_sitenote_active":false,"_monsterinsights_sitenote_note":"","_monsterinsights_sitenote_category":0},"product_brand":[104],"product_cat":[56],"product_tag":[],"class_list":{"0":"post-3315","1":"product","2":"type-product","3":"status-publish","4":"has-post-thumbnail","6":"product_brand-al-fakhr-perfumes","7":"product_cat-pentru-ea","9":"first","10":"outofstock","11":"shipping-taxable","12":"purchasable","13":"product-type-simple"},"aioseo_notices":[],"ct_brands":[{"id":104,"name":"Al Fakhr Perfumes","slug":"al-fakhr-perfumes"}],"_links":{"self":[{"href":"https:\/\/habibimb.com\/en\/wp-json\/wp\/v2\/product\/3315","targetHints":{"allow":["GET"]}}],"collection":[{"href":"https:\/\/habibimb.com\/en\/wp-json\/wp\/v2\/product"}],"about":[{"href":"https:\/\/habibimb.com\/en\/wp-json\/wp\/v2\/types\/product"}],"replies":[{"embeddable":true,"href":"https:\/\/habibimb.com\/en\/wp-json\/wp\/v2\/comments?post=3315"}],"wp:featuredmedia":[{"embeddable":true,"href":"https:\/\/habibimb.com\/en\/wp-json\/wp\/v2\/media\/3316"}],"wp:attachment":[{"href":"https:\/\/habibimb.com\/en\/wp-json\/wp\/v2\/media?parent=3315"}],"wp:term":[{"taxonomy":"product_brand","embeddable":true,"href":"https:\/\/habibimb.com\/en\/wp-json\/wp\/v2\/product_brand?post=3315"},{"taxonomy":"product_cat","embeddable":true,"href":"https:\/\/habibimb.com\/en\/wp-json\/wp\/v2\/product_cat?post=3315"},{"taxonomy":"product_tag","embeddable":true,"href":"https:\/\/habibimb.com\/en\/wp-json\/wp\/v2\/product_tag?post=3315"}],"curies":[{"name":"wp","href":"https:\/\/api.w.org\/{rel}","templated":true}]}}