{"id":3311,"date":"2025-10-07T13:02:50","date_gmt":"2025-10-07T13:02:50","guid":{"rendered":"https:\/\/habibimb.com\/?post_type=product&#038;p=3311"},"modified":"2025-10-20T06:54:18","modified_gmt":"2025-10-20T06:54:18","slug":"apa-de-parfum-namar-al-fakhr-perfumes-barbati-100ml","status":"publish","type":"product","link":"https:\/\/habibimb.com\/en\/product\/apa-de-parfum-namar-al-fakhr-perfumes-barbati-100ml\/","title":{"rendered":"Namar, Al Fakhr Perfumes, &#8211;"},"content":{"rendered":"<p><strong>Namar este un parfum oriental-lemnos, care \u00eencepe cu accente \u201cArabian woody\u201d (lemnos arab)<\/strong><br data-start=\"225\" data-end=\"228\" \/><strong>\u00cen inima compozi\u021biei se reg\u0103sesc note de santal \u0219i chihlimbar\u00a0<\/strong><br data-start=\"345\" data-end=\"348\" \/><strong>\u00cen ansamblu, este o arom\u0103 masculin\u0103, elegant\u0103 \u0219i persistent\u0103, potrivit\u0103 pentru utilizare cotidian\u0103 \u0219i ocazii speciale<\/strong><\/p>","protected":false},"excerpt":{"rendered":"<ul>\n<li data-start=\"1161\" data-end=\"1232\">\n<p data-start=\"1163\" data-end=\"1232\"><strong data-start=\"1163\" data-end=\"1180\">Note de v\u00e2rf:<\/strong> note lemnoase arabe \/ accente citrice<\/p>\n<\/li>\n<li data-start=\"1233\" data-end=\"1304\">\n<p data-start=\"1235\" data-end=\"1304\"><strong data-start=\"1235\" data-end=\"1262\">Note de mijloc \/ inima:<\/strong> santal, chihlimbar<\/p>\n<\/li>\n<li data-start=\"1305\" data-end=\"1350\">\n<p data-start=\"1307\" data-end=\"1350\"><strong data-start=\"1307\" data-end=\"1324\">Note de baz\u0103:<\/strong> oud, patchouli, vanilie<\/p>\n<\/li>\n<\/ul>","protected":false},"featured_media":3312,"comment_status":"open","ping_status":"closed","template":"","meta":{"om_disable_all_campaigns":false,"_monsterinsights_skip_tracking":false,"_monsterinsights_sitenote_active":false,"_monsterinsights_sitenote_note":"","_monsterinsights_sitenote_category":0},"product_brand":[104],"product_cat":[55],"product_tag":[],"class_list":{"0":"post-3311","1":"product","2":"type-product","3":"status-publish","4":"has-post-thumbnail","6":"product_brand-al-fakhr-perfumes","7":"product_cat-pentru-el","9":"first","10":"outofstock","11":"shipping-taxable","12":"purchasable","13":"product-type-simple"},"aioseo_notices":[],"ct_brands":[{"id":104,"name":"Al Fakhr Perfumes","slug":"al-fakhr-perfumes"}],"_links":{"self":[{"href":"https:\/\/habibimb.com\/en\/wp-json\/wp\/v2\/product\/3311","targetHints":{"allow":["GET"]}}],"collection":[{"href":"https:\/\/habibimb.com\/en\/wp-json\/wp\/v2\/product"}],"about":[{"href":"https:\/\/habibimb.com\/en\/wp-json\/wp\/v2\/types\/product"}],"replies":[{"embeddable":true,"href":"https:\/\/habibimb.com\/en\/wp-json\/wp\/v2\/comments?post=3311"}],"wp:featuredmedia":[{"embeddable":true,"href":"https:\/\/habibimb.com\/en\/wp-json\/wp\/v2\/media\/3312"}],"wp:attachment":[{"href":"https:\/\/habibimb.com\/en\/wp-json\/wp\/v2\/media?parent=3311"}],"wp:term":[{"taxonomy":"product_brand","embeddable":true,"href":"https:\/\/habibimb.com\/en\/wp-json\/wp\/v2\/product_brand?post=3311"},{"taxonomy":"product_cat","embeddable":true,"href":"https:\/\/habibimb.com\/en\/wp-json\/wp\/v2\/product_cat?post=3311"},{"taxonomy":"product_tag","embeddable":true,"href":"https:\/\/habibimb.com\/en\/wp-json\/wp\/v2\/product_tag?post=3311"}],"curies":[{"name":"wp","href":"https:\/\/api.w.org\/{rel}","templated":true}]}}