{"id":3301,"date":"2025-10-03T15:55:12","date_gmt":"2025-10-03T15:55:12","guid":{"rendered":"https:\/\/habibimb.com\/?post_type=product&#038;p=3301"},"modified":"2025-10-03T15:54:32","modified_gmt":"2025-10-03T15:54:32","slug":"apa-de-parfum-marina-ard-al-zaafaran-femei-50ml","status":"publish","type":"product","link":"https:\/\/habibimb.com\/en\/product\/apa-de-parfum-marina-ard-al-zaafaran-femei-50ml\/","title":{"rendered":"Marina, Ard Al Zaafaran"},"content":{"rendered":"<h2>Transform\u0103 fiecare zi \u00een ceva extraordinar<\/h2>\n<p>Apa de Parfum Marina de la Ard Al Zaafaran este mai mult dec\u00e2t un simplu parfum \u2013 este o declara\u021bie de stil, rafinament \u0219i feminitate. Conceput\u0103 special pentru femeile care apreciaz\u0103 subtilitatea \u0219i elegan\u021ba, aceast\u0103 esen\u021b\u0103 captivant\u0103 ofer\u0103 o experien\u021b\u0103 olfactiv\u0103 memorabil\u0103 \u0219i transform\u0103 momentul \u00een care \u00eel por\u021bi \u00eentr-o adev\u0103rat\u0103 celebrare.<\/p>\n<h2>Note olfactive care definesc feminitatea<\/h2>\n<p>Ceea ce face Apa de Parfum Marina cu adev\u0103rat special\u0103 este combina\u021bia atent\u0103 de note olfactive sofisticate. Aroma se deschide cu tonuri proaspete \u0219i vibrante, \u00eenainte de a se ad\u00e2nci \u00een inima florilor delicate \u0219i a accenelor calde, orientale. Fiecare strop \u00ee\u021bi \u00eembrac\u0103 pielea cu un sentiment de senzualitate subtil\u0103, oferind at\u00e2t prospe\u021bime, c\u00e2t \u0219i profunzime, perfect echilibrate.<\/p>\n<h2>Un cadou perfect sau un r\u0103sf\u0103\u021b personal<\/h2>\n<p>\u00centr-un recipient elegant de 50ml, Apa de Parfum Marina este ideal\u0103 at\u00e2t ca un cadou apreciat, c\u00e2t \u0219i ca un r\u0103sf\u0103\u021b personal pentru cei care vor s\u0103 se bucure de calitate \u0219i stil. Cu un parfum care persist\u0103 pe parcursul zilei, aceasta este alegerea perfect\u0103 pentru \u00eent\u00e2lniri speciale, petreceri sau pentru momentele \u00een care vrei s\u0103 te sim\u021bi cea mai bun\u0103 versiune a ta. Ard Al Zaafaran continu\u0103 s\u0103-\u0219i construiasc\u0103 prestigiul prin produse premium, iar Apa de Parfum Marina nu face excep\u021bie.<\/p>","protected":false},"excerpt":{"rendered":"<p>Inspirat din Megamare Orto Parisi<\/p>","protected":false},"featured_media":3302,"comment_status":"open","ping_status":"closed","template":"","meta":{"om_disable_all_campaigns":false,"_monsterinsights_skip_tracking":false,"_monsterinsights_sitenote_active":false,"_monsterinsights_sitenote_note":"","_monsterinsights_sitenote_category":0},"product_brand":[64],"product_cat":[56],"product_tag":[],"class_list":{"0":"post-3301","1":"product","2":"type-product","3":"status-publish","4":"has-post-thumbnail","6":"product_brand-ard-al-zaafaran","7":"product_cat-pentru-ea","9":"first","10":"instock","11":"shipping-taxable","12":"purchasable","13":"product-type-simple"},"aioseo_notices":[],"ct_brands":[{"id":64,"name":"Ard Al Zaafaran","slug":"ard-al-zaafaran"}],"_links":{"self":[{"href":"https:\/\/habibimb.com\/en\/wp-json\/wp\/v2\/product\/3301","targetHints":{"allow":["GET"]}}],"collection":[{"href":"https:\/\/habibimb.com\/en\/wp-json\/wp\/v2\/product"}],"about":[{"href":"https:\/\/habibimb.com\/en\/wp-json\/wp\/v2\/types\/product"}],"replies":[{"embeddable":true,"href":"https:\/\/habibimb.com\/en\/wp-json\/wp\/v2\/comments?post=3301"}],"wp:featuredmedia":[{"embeddable":true,"href":"https:\/\/habibimb.com\/en\/wp-json\/wp\/v2\/media\/3302"}],"wp:attachment":[{"href":"https:\/\/habibimb.com\/en\/wp-json\/wp\/v2\/media?parent=3301"}],"wp:term":[{"taxonomy":"product_brand","embeddable":true,"href":"https:\/\/habibimb.com\/en\/wp-json\/wp\/v2\/product_brand?post=3301"},{"taxonomy":"product_cat","embeddable":true,"href":"https:\/\/habibimb.com\/en\/wp-json\/wp\/v2\/product_cat?post=3301"},{"taxonomy":"product_tag","embeddable":true,"href":"https:\/\/habibimb.com\/en\/wp-json\/wp\/v2\/product_tag?post=3301"}],"curies":[{"name":"wp","href":"https:\/\/api.w.org\/{rel}","templated":true}]}}