{"id":3298,"date":"2025-10-03T15:52:32","date_gmt":"2025-10-03T15:52:32","guid":{"rendered":"https:\/\/habibimb.com\/?post_type=product&#038;p=3298"},"modified":"2025-10-03T15:51:32","modified_gmt":"2025-10-03T15:51:32","slug":"apa-de-parfum-marina-deep-dark-ard-al-zaafaran-unisex-100ml","status":"publish","type":"product","link":"https:\/\/habibimb.com\/en\/product\/apa-de-parfum-marina-deep-dark-ard-al-zaafaran-unisex-100ml\/","title":{"rendered":"Marina Deep &#038; Dark, Ard Al Zaafaran"},"content":{"rendered":"<p data-start=\"81\" data-end=\"334\"><strong>Apa de Parfum Marina Deep este o c\u0103l\u0103torie olfactiv\u0103 inspirat\u0103 de frumuse\u021bea \u0219i misterul oceanului. Notele fresh de v\u00e2rf amintesc de briza m\u0103rii, inima floral\u0103 adaug\u0103 c\u0103ldur\u0103 \u0219i rafinament, iar baza lemnoas\u0103 ofer\u0103 profunzime \u0219i elegan\u021b\u0103 de durat\u0103.<\/strong><\/p>\n<p data-start=\"336\" data-end=\"595\"><strong>Un parfum versatil \u0219i sofisticat, potrivit at\u00e2t pentru serile elegante, c\u00e2t \u0219i pentru momentele de lini\u0219te. Cu persisten\u021b\u0103 \u00eendelungat\u0103 \u0219i prezentare rafinat\u0103, <em data-start=\"495\" data-end=\"508\">Marina Deep<\/em> este alegerea ideal\u0103 pentru cei care apreciaz\u0103 luxul subtil \u0219i conexiunea cu natura.<\/strong><\/p>","protected":false},"excerpt":{"rendered":"<p>Inspirat din Ganymede Marc Antoine Barrois<\/p>","protected":false},"featured_media":3299,"comment_status":"open","ping_status":"closed","template":"","meta":{"om_disable_all_campaigns":false,"_monsterinsights_skip_tracking":false,"_monsterinsights_sitenote_active":false,"_monsterinsights_sitenote_note":"","_monsterinsights_sitenote_category":0},"product_brand":[64],"product_cat":[57],"product_tag":[],"class_list":{"0":"post-3298","1":"product","2":"type-product","3":"status-publish","4":"has-post-thumbnail","6":"product_brand-ard-al-zaafaran","7":"product_cat-unisex","9":"first","10":"instock","11":"shipping-taxable","12":"purchasable","13":"product-type-simple"},"aioseo_notices":[],"ct_brands":[{"id":64,"name":"Ard Al Zaafaran","slug":"ard-al-zaafaran"}],"_links":{"self":[{"href":"https:\/\/habibimb.com\/en\/wp-json\/wp\/v2\/product\/3298","targetHints":{"allow":["GET"]}}],"collection":[{"href":"https:\/\/habibimb.com\/en\/wp-json\/wp\/v2\/product"}],"about":[{"href":"https:\/\/habibimb.com\/en\/wp-json\/wp\/v2\/types\/product"}],"replies":[{"embeddable":true,"href":"https:\/\/habibimb.com\/en\/wp-json\/wp\/v2\/comments?post=3298"}],"wp:featuredmedia":[{"embeddable":true,"href":"https:\/\/habibimb.com\/en\/wp-json\/wp\/v2\/media\/3299"}],"wp:attachment":[{"href":"https:\/\/habibimb.com\/en\/wp-json\/wp\/v2\/media?parent=3298"}],"wp:term":[{"taxonomy":"product_brand","embeddable":true,"href":"https:\/\/habibimb.com\/en\/wp-json\/wp\/v2\/product_brand?post=3298"},{"taxonomy":"product_cat","embeddable":true,"href":"https:\/\/habibimb.com\/en\/wp-json\/wp\/v2\/product_cat?post=3298"},{"taxonomy":"product_tag","embeddable":true,"href":"https:\/\/habibimb.com\/en\/wp-json\/wp\/v2\/product_tag?post=3298"}],"curies":[{"name":"wp","href":"https:\/\/api.w.org\/{rel}","templated":true}]}}