{"id":3295,"date":"2025-10-03T15:48:31","date_gmt":"2025-10-03T15:48:31","guid":{"rendered":"https:\/\/habibimb.com\/?post_type=product&#038;p=3295"},"modified":"2025-10-03T15:48:27","modified_gmt":"2025-10-03T15:48:27","slug":"apa-de-parfum-al-dirgham-ard-al-zaafaran-barbati-100ml","status":"publish","type":"product","link":"https:\/\/habibimb.com\/en\/product\/apa-de-parfum-al-dirgham-ard-al-zaafaran-barbati-100ml\/","title":{"rendered":"Al Dirgham, Ard Al Zaafaran"},"content":{"rendered":"<ul>\n<li data-start=\"208\" data-end=\"294\">\n<p data-start=\"210\" data-end=\"294\"><strong data-start=\"210\" data-end=\"227\">Note de v\u00e2rf:<\/strong> bergamot\u0103, l\u0103m\u00e2ie, ienup\u0103r<\/p>\n<\/li>\n<li data-start=\"295\" data-end=\"411\">\n<p data-start=\"297\" data-end=\"411\"><strong data-start=\"297\" data-end=\"316\">Note de mijloc:<\/strong> ghimbir, mere, tonuri lemnoase \u0219i accente condimentate<\/p>\n<\/li>\n<li data-start=\"412\" data-end=\"520\">\n<p data-start=\"414\" data-end=\"520\"><strong data-start=\"414\" data-end=\"431\">Note de baz\u0103:<\/strong> mosc, cashmeran, tonka, santal, patchouli, cedru<\/p>\n<\/li>\n<li data-start=\"412\" data-end=\"520\"><strong data-start=\"522\" data-end=\"550\">Caracter \u0219i performan\u021b\u0103:<\/strong><br data-start=\"550\" data-end=\"553\" \/>Este un parfum care porne\u0219te dinamic, cu prospe\u021bime citric\u0103, apoi trece treptat \u00eentr-o mixtur\u0103 cald\u0103, lemnoas\u0103 \u0219i u\u0219or condimente. Durabilitatea \u00eel plaseaz\u0103 \u00eentre 6\u20138 ore pe piele, cu o proiec\u021bie moderat\u0103 la \u00eenceput.<\/li>\n<\/ul>","protected":false},"excerpt":{"rendered":"<p><strong>Inspirat din Allure Homme Sport Chane<\/strong><\/p>\n<p>&nbsp;<\/p>","protected":false},"featured_media":3297,"comment_status":"open","ping_status":"closed","template":"","meta":{"om_disable_all_campaigns":false,"_monsterinsights_skip_tracking":false,"_monsterinsights_sitenote_active":false,"_monsterinsights_sitenote_note":"","_monsterinsights_sitenote_category":0},"product_brand":[64],"product_cat":[55],"product_tag":[],"class_list":{"0":"post-3295","1":"product","2":"type-product","3":"status-publish","4":"has-post-thumbnail","6":"product_brand-ard-al-zaafaran","7":"product_cat-pentru-el","9":"first","10":"instock","11":"shipping-taxable","12":"purchasable","13":"product-type-simple"},"aioseo_notices":[],"ct_brands":[{"id":64,"name":"Ard Al Zaafaran","slug":"ard-al-zaafaran"}],"_links":{"self":[{"href":"https:\/\/habibimb.com\/en\/wp-json\/wp\/v2\/product\/3295","targetHints":{"allow":["GET"]}}],"collection":[{"href":"https:\/\/habibimb.com\/en\/wp-json\/wp\/v2\/product"}],"about":[{"href":"https:\/\/habibimb.com\/en\/wp-json\/wp\/v2\/types\/product"}],"replies":[{"embeddable":true,"href":"https:\/\/habibimb.com\/en\/wp-json\/wp\/v2\/comments?post=3295"}],"wp:featuredmedia":[{"embeddable":true,"href":"https:\/\/habibimb.com\/en\/wp-json\/wp\/v2\/media\/3297"}],"wp:attachment":[{"href":"https:\/\/habibimb.com\/en\/wp-json\/wp\/v2\/media?parent=3295"}],"wp:term":[{"taxonomy":"product_brand","embeddable":true,"href":"https:\/\/habibimb.com\/en\/wp-json\/wp\/v2\/product_brand?post=3295"},{"taxonomy":"product_cat","embeddable":true,"href":"https:\/\/habibimb.com\/en\/wp-json\/wp\/v2\/product_cat?post=3295"},{"taxonomy":"product_tag","embeddable":true,"href":"https:\/\/habibimb.com\/en\/wp-json\/wp\/v2\/product_tag?post=3295"}],"curies":[{"name":"wp","href":"https:\/\/api.w.org\/{rel}","templated":true}]}}