{"id":3292,"date":"2025-10-03T15:44:16","date_gmt":"2025-10-03T15:44:16","guid":{"rendered":"https:\/\/habibimb.com\/?post_type=product&#038;p=3292"},"modified":"2025-10-03T15:42:27","modified_gmt":"2025-10-03T15:42:27","slug":"apa-de-parfum-majd-al-shabab-ard-al-zaafaran-barbati-100ml","status":"publish","type":"product","link":"https:\/\/habibimb.com\/en\/product\/apa-de-parfum-majd-al-shabab-ard-al-zaafaran-barbati-100ml\/","title":{"rendered":"Majd Al Shabab, Ard Al Zaafaran"},"content":{"rendered":"<h2>Un parfum sofisticat pentru b\u0103rba\u021bii moderni<\/h2>\n<p>Apa de Parfum Majd Al Shabab, Ard Al Zaafaran, este creat\u0103 pentru b\u0103rba\u021bii care \u00ee\u0219i doresc o arom\u0103 sofisticat\u0103, ce eman\u0103 rafinament \u0219i o prezen\u021b\u0103 puternic\u0103. Acest parfum de 100 ml combin\u0103 esen\u021be exotice \u0219i moderne pentru a oferi un echilibru perfect \u00eentre clasic \u0219i contemporan. Fie c\u0103 \u00eel por\u021bi zilnic sau la ocazii speciale, Majd Al Shabab va deveni rapid semn\u0103tura ta olfactiv\u0103.<\/p>\n<h2>Compozi\u021bie unic\u0103 \u0219i captivant\u0103<\/h2>\n<p>Ceea ce face Apa de Parfum Majd Al Shabab cu adev\u0103rat special\u0103 este combina\u021bia magistral\u0103 de note olfactive. Parfumul se deschide cu note proaspete de citrice, care sunt purtate de o inim\u0103 floral\u0103 seduc\u0103toare, al\u0103turi de accente lemnoase robuste. Baza sa cald\u0103 \u0219i senzual\u0103, compus\u0103 din mosc \u0219i ambr\u0103 oriental\u0103, adaug\u0103 o profunzime de neuitat. Aceste ingrediente deosebite sunt atent selectate pentru a crea o experien\u021b\u0103 olfactiv\u0103 inedit\u0103.<\/p>\n<h2>Calitate \u0219i rafinament \u00een fiecare detaliu<\/h2>\n<p>Majd Al Shabab de la Ard Al Zaafaran nu este doar un parfum, ci o declara\u021bie de stil. Sticla elegant\u0103 reflect\u0103 aten\u021bia la detalii \u0219i designul premium al acestui produs. Cu o capacitate generoas\u0103 de 100 ml, vei putea s\u0103 te bucuri de aceast\u0103 arom\u0103 \u00eembietoare pentru o perioad\u0103 \u00eendelungat\u0103. Ideal pentru cadouri sau pentru a ad\u0103uga un plus de elegan\u021b\u0103 colec\u021biei tale personale, acest parfum este alegerea perfect\u0103 pentru b\u0103rba\u021bii \u00eencrez\u0103tori \u0219i moderni.<\/p>\n<p>Transform\u0103 fiecare zi \u00eentr-o ocazie special\u0103 cu Apa de Parfum Majd Al Shabab. Alege rafinamentul \u0219i calitatea oferite de Ard Al Zaafaran, pentru a l\u0103sa o impresie de ne\u0219ters oriunde te-ai afla.<\/p>","protected":false},"excerpt":{"rendered":"<p><strong>bergamot, lime, anason \u00een v\u00e2rf;<\/strong><\/p>\n<p><strong> cardamom, ienup\u0103r, coriandru \u00een mijloc; <\/strong><\/p>\n<p><strong>baze de santal, patchouli, vetiver \u0219i mosc alb.<\/strong><\/p>","protected":false},"featured_media":3294,"comment_status":"open","ping_status":"closed","template":"","meta":{"om_disable_all_campaigns":false,"_monsterinsights_skip_tracking":false,"_monsterinsights_sitenote_active":false,"_monsterinsights_sitenote_note":"","_monsterinsights_sitenote_category":0},"product_brand":[64],"product_cat":[55],"product_tag":[],"class_list":{"0":"post-3292","1":"product","2":"type-product","3":"status-publish","4":"has-post-thumbnail","6":"product_brand-ard-al-zaafaran","7":"product_cat-pentru-el","9":"first","10":"instock","11":"shipping-taxable","12":"purchasable","13":"product-type-simple"},"aioseo_notices":[],"ct_brands":[{"id":64,"name":"Ard Al Zaafaran","slug":"ard-al-zaafaran"}],"_links":{"self":[{"href":"https:\/\/habibimb.com\/en\/wp-json\/wp\/v2\/product\/3292","targetHints":{"allow":["GET"]}}],"collection":[{"href":"https:\/\/habibimb.com\/en\/wp-json\/wp\/v2\/product"}],"about":[{"href":"https:\/\/habibimb.com\/en\/wp-json\/wp\/v2\/types\/product"}],"replies":[{"embeddable":true,"href":"https:\/\/habibimb.com\/en\/wp-json\/wp\/v2\/comments?post=3292"}],"wp:featuredmedia":[{"embeddable":true,"href":"https:\/\/habibimb.com\/en\/wp-json\/wp\/v2\/media\/3294"}],"wp:attachment":[{"href":"https:\/\/habibimb.com\/en\/wp-json\/wp\/v2\/media?parent=3292"}],"wp:term":[{"taxonomy":"product_brand","embeddable":true,"href":"https:\/\/habibimb.com\/en\/wp-json\/wp\/v2\/product_brand?post=3292"},{"taxonomy":"product_cat","embeddable":true,"href":"https:\/\/habibimb.com\/en\/wp-json\/wp\/v2\/product_cat?post=3292"},{"taxonomy":"product_tag","embeddable":true,"href":"https:\/\/habibimb.com\/en\/wp-json\/wp\/v2\/product_tag?post=3292"}],"curies":[{"name":"wp","href":"https:\/\/api.w.org\/{rel}","templated":true}]}}