{"id":3289,"date":"2025-10-03T15:21:15","date_gmt":"2025-10-03T15:21:15","guid":{"rendered":"https:\/\/habibimb.com\/?post_type=product&#038;p=3289"},"modified":"2025-10-03T15:16:08","modified_gmt":"2025-10-03T15:16:08","slug":"apa-de-parfum-dar-al-hae-ard-al-zaafaran-femei-100ml","status":"publish","type":"product","link":"https:\/\/habibimb.com\/en\/product\/apa-de-parfum-dar-al-hae-ard-al-zaafaran-femei-100ml\/","title":{"rendered":"Dar Al Hae, Ard Al Zaafaran"},"content":{"rendered":"<h2>O Ap\u0103 De Parfum Care Captiveaz\u0103 Sim\u021burile<\/h2>\n<p>Descoper\u0103 Apa De Parfum Dar Al Hae, crea\u021bia elegant\u0103 a reputatului brand Ard Al Zaafaran. Acest parfum, dedicat femeilor, este perfect pentru cele care \u00ee\u0219i doresc s\u0103 impresioneze prin rafinament \u0219i unicitate. Oferind o combina\u021bie sofisticat\u0103 de note, Dar Al Hae este mai mult dec\u00e2t un simplu parfum \u2013 este o declara\u021bie a elegan\u021bei \u0219i feminit\u0103\u021bii. Cu o sticl\u0103 de 100 ml, acest produs se dovede\u0219te a fi at\u00e2t practic, c\u00e2t \u0219i luxos.<\/p>\n<h2>Note Olfactive Ce Inspir\u0103 Elegan\u021b\u0103<\/h2>\n<p>Apa De Parfum Dar Al Hae impresioneaz\u0103 prin amestecul perfect al notelor sale. La deschidere, vei fi \u00eent\u00e2mpinat\u0103 de prospe\u021bimea notelor florale delicate, care eman\u0103 o senzualitate discret\u0103. Apoi, notele de mijloc te vor vr\u0103ji prin calitatea lor cald\u0103 \u0219i bogat\u0103, complet\u00e2nd experien\u021ba olfactiv\u0103 cu o intensitate memorabil\u0103. Baza parfumului se stabilizeaz\u0103 cu accente lemnoase misterioase \u0219i tonuri u\u0219or dulci, asigur\u00e2nd o persisten\u021b\u0103 \u00eendelungat\u0103, ideal\u0103 pentru orice moment al zilei.<\/p>\n<h2>Esen\u021ba Perfect\u0103 pentru Femei<\/h2>\n<p>Dar Al Hae este creat special pentru femeile care apreciaz\u0103 luxul, farmecul \u0219i calitatea. Ideal pentru utilizare zilnic\u0103 sau ocazii speciale, parfumul este o alegere potrivit\u0103 at\u00e2t pentru momentele casual, c\u00e2t \u0219i pentru evenimentele sofisticate. Ard Al Zaafaran se remarc\u0103 prin angajamentul s\u0103u de a oferi produse de \u00eenalt\u0103 calitate, iar Dar Al Hae este o reflectare perfect\u0103 a acestui standard. Fie c\u0103 \u00eel oferi \u00een dar sau te r\u0103sfe\u021bi cu el, aceast\u0103 ap\u0103 de parfum va deveni rapid preferata ta.<\/p>","protected":false},"excerpt":{"rendered":"<p><strong>Asem\u0103n\u0103tor cu La nuit Tresor Lancome<\/strong><\/p>","protected":false},"featured_media":3291,"comment_status":"open","ping_status":"closed","template":"","meta":{"om_disable_all_campaigns":false,"_monsterinsights_skip_tracking":false,"_monsterinsights_sitenote_active":false,"_monsterinsights_sitenote_note":"","_monsterinsights_sitenote_category":0},"product_brand":[64],"product_cat":[56],"product_tag":[],"class_list":{"0":"post-3289","1":"product","2":"type-product","3":"status-publish","4":"has-post-thumbnail","6":"product_brand-ard-al-zaafaran","7":"product_cat-pentru-ea","9":"first","10":"instock","11":"shipping-taxable","12":"purchasable","13":"product-type-simple"},"aioseo_notices":[],"ct_brands":[{"id":64,"name":"Ard Al Zaafaran","slug":"ard-al-zaafaran"}],"_links":{"self":[{"href":"https:\/\/habibimb.com\/en\/wp-json\/wp\/v2\/product\/3289","targetHints":{"allow":["GET"]}}],"collection":[{"href":"https:\/\/habibimb.com\/en\/wp-json\/wp\/v2\/product"}],"about":[{"href":"https:\/\/habibimb.com\/en\/wp-json\/wp\/v2\/types\/product"}],"replies":[{"embeddable":true,"href":"https:\/\/habibimb.com\/en\/wp-json\/wp\/v2\/comments?post=3289"}],"wp:featuredmedia":[{"embeddable":true,"href":"https:\/\/habibimb.com\/en\/wp-json\/wp\/v2\/media\/3291"}],"wp:attachment":[{"href":"https:\/\/habibimb.com\/en\/wp-json\/wp\/v2\/media?parent=3289"}],"wp:term":[{"taxonomy":"product_brand","embeddable":true,"href":"https:\/\/habibimb.com\/en\/wp-json\/wp\/v2\/product_brand?post=3289"},{"taxonomy":"product_cat","embeddable":true,"href":"https:\/\/habibimb.com\/en\/wp-json\/wp\/v2\/product_cat?post=3289"},{"taxonomy":"product_tag","embeddable":true,"href":"https:\/\/habibimb.com\/en\/wp-json\/wp\/v2\/product_tag?post=3289"}],"curies":[{"name":"wp","href":"https:\/\/api.w.org\/{rel}","templated":true}]}}