{"id":3283,"date":"2025-10-03T14:39:31","date_gmt":"2025-10-03T14:39:31","guid":{"rendered":"https:\/\/habibimb.com\/?post_type=product&#038;p=3283"},"modified":"2026-03-24T10:54:13","modified_gmt":"2026-03-24T10:54:13","slug":"apa-de-parfum-riqqa-arl-al-zaafaran-unisex-100ml","status":"publish","type":"product","link":"https:\/\/habibimb.com\/en\/product\/apa-de-parfum-riqqa-arl-al-zaafaran-unisex-100ml\/","title":{"rendered":"Riqqa, Arl Al Zaafaran"},"content":{"rendered":"<p><strong>Descoper\u0103 Elegan\u021ba Etern\u0103<\/strong><\/p>\n<p><strong>\u00ce\u021bi prezent\u0103m Apa de Parfum Riqqa de la Arl Al Zaafaran, un parfum sofisticat unisex, creat pentru a captiva sim\u021burile. Aceast\u0103 ap\u0103 de parfum de 100 ml ofer\u0103 un echilibru delicat \u00eentre opulen\u021b\u0103 \u0219i farmec subtil, fiind alegerea perfect\u0103 pentru persoanele care caut\u0103 un parfum atemporal care s\u0103 le completeze personalitatea. Indiferent dac\u0103 este purtat la un eveniment special sau zilnic, compozi\u021bia unic\u0103 a lui Riqqa asigur\u0103 o impresie de durat\u0103.<\/strong><\/p>\n<p><strong>Un Amestec Armonios de Note<\/strong><\/p>\n<p><strong>Profilul olfactiv al lui Riqqa combin\u0103 note atent selectate care se transform\u0103 \u00eentr-o experien\u021b\u0103 senzorial\u0103 memorabil\u0103. Se deschide cu note de v\u00e2rf proaspete, care se \u00eembin\u0103 armonios \u00eentr-o inim\u0103 cu acorduri florale \u0219i lemnoase. \u00cen cele din urm\u0103, notele de baz\u0103 au tonuri calde \u0219i persistente, care radiaz\u0103 sofisticare la fiecare pulverizare. Designul s\u0103u unisex asigur\u0103 versatilitate, fiind ideal at\u00e2t pentru b\u0103rba\u021bi, c\u00e2t \u0219i pentru femei care doresc s\u0103-\u0219i ridice stilul zilnic.<\/strong><\/p>","protected":false},"excerpt":{"rendered":"<p><strong>Inspirat din Angel&#8217;s Share Kilian<\/strong><\/p>","protected":false},"featured_media":3284,"comment_status":"open","ping_status":"closed","template":"","meta":{"om_disable_all_campaigns":false,"_monsterinsights_skip_tracking":false,"_monsterinsights_sitenote_active":false,"_monsterinsights_sitenote_note":"","_monsterinsights_sitenote_category":0},"product_brand":[64],"product_cat":[57],"product_tag":[],"class_list":{"0":"post-3283","1":"product","2":"type-product","3":"status-publish","4":"has-post-thumbnail","6":"product_brand-ard-al-zaafaran","7":"product_cat-unisex","9":"first","10":"instock","11":"shipping-taxable","12":"purchasable","13":"product-type-simple"},"aioseo_notices":[],"ct_brands":[{"id":64,"name":"Ard Al Zaafaran","slug":"ard-al-zaafaran"}],"_links":{"self":[{"href":"https:\/\/habibimb.com\/en\/wp-json\/wp\/v2\/product\/3283","targetHints":{"allow":["GET"]}}],"collection":[{"href":"https:\/\/habibimb.com\/en\/wp-json\/wp\/v2\/product"}],"about":[{"href":"https:\/\/habibimb.com\/en\/wp-json\/wp\/v2\/types\/product"}],"replies":[{"embeddable":true,"href":"https:\/\/habibimb.com\/en\/wp-json\/wp\/v2\/comments?post=3283"}],"wp:featuredmedia":[{"embeddable":true,"href":"https:\/\/habibimb.com\/en\/wp-json\/wp\/v2\/media\/3284"}],"wp:attachment":[{"href":"https:\/\/habibimb.com\/en\/wp-json\/wp\/v2\/media?parent=3283"}],"wp:term":[{"taxonomy":"product_brand","embeddable":true,"href":"https:\/\/habibimb.com\/en\/wp-json\/wp\/v2\/product_brand?post=3283"},{"taxonomy":"product_cat","embeddable":true,"href":"https:\/\/habibimb.com\/en\/wp-json\/wp\/v2\/product_cat?post=3283"},{"taxonomy":"product_tag","embeddable":true,"href":"https:\/\/habibimb.com\/en\/wp-json\/wp\/v2\/product_tag?post=3283"}],"curies":[{"name":"wp","href":"https:\/\/api.w.org\/{rel}","templated":true}]}}