{"id":3279,"date":"2025-10-03T14:30:00","date_gmt":"2025-10-03T14:30:00","guid":{"rendered":"https:\/\/habibimb.com\/?post_type=product&#038;p=3279"},"modified":"2026-01-31T17:50:16","modified_gmt":"2026-01-31T17:50:16","slug":"apa-de-parfum-ard-al-zaafaran-jazzab-silver-barbati-100-ml","status":"publish","type":"product","link":"https:\/\/habibimb.com\/en\/product\/apa-de-parfum-ard-al-zaafaran-jazzab-silver-barbati-100-ml\/","title":{"rendered":"Ard Al Zaafaran, Jazzab Silver, , 100"},"content":{"rendered":"<h2>Un parfum rafinat pentru b\u0103rba\u021bi cu stil<\/h2>\n<p>Descoperi\u021bi elegan\u021ba oriental\u0103 \u00een fiecare strop cu Apa de Parfum Ard Al Zaafaran, Jazzab Silver. Conceput pentru b\u0103rba\u021bii ce aprecieaz\u0103 calitatea, acest parfum eman\u0103 o armonie sofisticat\u0103 \u00eentre intensitate \u0219i delicate\u021be. Cu o sticl\u0103 elegant\u0103 de 100 ml, Jazzab Silver este mai mult dec\u00e2t un parfum \u2013 este o declara\u021bie de stil.<\/p>\n<h2>Note aromatice captivante<\/h2>\n<p>Jazzab Silver este parfumul ideal pentru b\u0103rba\u021bii \u00eencrez\u0103tori. Cu un buchet complex al unor parfumuri exotice, acesta combin\u0103 note de v\u00e2rf vibrante cu note de mijloc delicate \u0219i note de baz\u0103 persistente, rezult\u00e2nd o experien\u021b\u0103 olfactiv\u0103 memorabil\u0103. Notele sale orientale \u0219i u\u0219or condimentate \u00eel fac perfect pentru orice ocazie, fie c\u0103 este vorba de \u00eent\u00e2lniri de afaceri sau momente personale speciale.<\/p>\n<h2>Calitatea premium \u00een fiecare detaliu<\/h2>\n<p>Apa de Parfum Ard Al Zaafaran Jazzab Silver este realizat\u0103 cu aten\u021bie la detalii, folosind ingrediente de \u00eenalt\u0103 calitate pentru a crea un parfum durabil \u0219i unic. Cu o persisten\u021b\u0103 remarcabil\u0103, acest parfum se va men\u021bine pe piele ore \u00eentregi, asigur\u00e2ndu-se c\u0103 r\u0103m\u00e2ne\u021bi \u00een centrul aten\u021biei oriunde merge\u021bi.<\/p>\n<p>Dac\u0103 sunte\u021bi \u00een c\u0103utarea unui parfum care s\u0103 reflecte perfect masculinitatea \u0219i sofisticarea, Jazzab Silver este alegerea ideal\u0103 pentru dumneavoastr\u0103. Bucura\u021bi-v\u0103 de un parfum oriental care eman\u0103 rafinament \u0219i \u00eencredere!<\/p>","protected":false},"excerpt":{"rendered":"<p><strong>Inspirat din Acqua di Gio Giorgio Armani<\/strong><\/p>","protected":false},"featured_media":3280,"comment_status":"open","ping_status":"closed","template":"","meta":{"om_disable_all_campaigns":false,"_monsterinsights_skip_tracking":false,"_monsterinsights_sitenote_active":false,"_monsterinsights_sitenote_note":"","_monsterinsights_sitenote_category":0},"product_brand":[64],"product_cat":[55],"product_tag":[],"class_list":{"0":"post-3279","1":"product","2":"type-product","3":"status-publish","4":"has-post-thumbnail","6":"product_brand-ard-al-zaafaran","7":"product_cat-pentru-el","9":"first","10":"outofstock","11":"shipping-taxable","12":"purchasable","13":"product-type-simple"},"aioseo_notices":[],"ct_brands":[{"id":64,"name":"Ard Al Zaafaran","slug":"ard-al-zaafaran"}],"_links":{"self":[{"href":"https:\/\/habibimb.com\/en\/wp-json\/wp\/v2\/product\/3279","targetHints":{"allow":["GET"]}}],"collection":[{"href":"https:\/\/habibimb.com\/en\/wp-json\/wp\/v2\/product"}],"about":[{"href":"https:\/\/habibimb.com\/en\/wp-json\/wp\/v2\/types\/product"}],"replies":[{"embeddable":true,"href":"https:\/\/habibimb.com\/en\/wp-json\/wp\/v2\/comments?post=3279"}],"wp:featuredmedia":[{"embeddable":true,"href":"https:\/\/habibimb.com\/en\/wp-json\/wp\/v2\/media\/3280"}],"wp:attachment":[{"href":"https:\/\/habibimb.com\/en\/wp-json\/wp\/v2\/media?parent=3279"}],"wp:term":[{"taxonomy":"product_brand","embeddable":true,"href":"https:\/\/habibimb.com\/en\/wp-json\/wp\/v2\/product_brand?post=3279"},{"taxonomy":"product_cat","embeddable":true,"href":"https:\/\/habibimb.com\/en\/wp-json\/wp\/v2\/product_cat?post=3279"},{"taxonomy":"product_tag","embeddable":true,"href":"https:\/\/habibimb.com\/en\/wp-json\/wp\/v2\/product_tag?post=3279"}],"curies":[{"name":"wp","href":"https:\/\/api.w.org\/{rel}","templated":true}]}}