{"id":3276,"date":"2025-10-03T14:21:23","date_gmt":"2025-10-03T14:21:23","guid":{"rendered":"https:\/\/habibimb.com\/?post_type=product&#038;p=3276"},"modified":"2025-10-03T14:17:34","modified_gmt":"2025-10-03T14:17:34","slug":"apa-de-parfum-mousuf-ard-al-zaafaran-unisex-100ml","status":"publish","type":"product","link":"https:\/\/habibimb.com\/en\/product\/apa-de-parfum-mousuf-ard-al-zaafaran-unisex-100ml\/","title":{"rendered":"Mousuf, Ard Al Zaafaran"},"content":{"rendered":"<p><strong>Experimenteaz\u0103 Echilibrul Perfect \u00eentre Lux \u0219i Versatilitate<\/strong><\/p>\n<p><strong>Apa de Parfum Mousuf de la Ard Al Zaafaran este o capodoper\u0103 olfactiv\u0103 creat\u0103 pentru a atrage pe oricine apreciaz\u0103 aromele fine, indiferent de gen. Acest parfum unisex vine \u00eentr-o sticl\u0103 generoas\u0103 de 100 ml, oferind elegan\u021b\u0103 de durat\u0103 \u0219i o experien\u021b\u0103 olfactiv\u0103 captivant\u0103. Cu amestecul s\u0103u rafinat de note, acest parfum este perfect at\u00e2t pentru purtarea zilnic\u0103, c\u00e2t \u0219i pentru ocazii speciale.<\/strong><\/p>","protected":false},"excerpt":{"rendered":"<p><strong>Asem\u0103n\u0103tor cu 1 Milion Lucky <\/strong><\/p>","protected":false},"featured_media":3277,"comment_status":"open","ping_status":"closed","template":"","meta":{"om_disable_all_campaigns":false,"_monsterinsights_skip_tracking":false,"_monsterinsights_sitenote_active":false,"_monsterinsights_sitenote_note":"","_monsterinsights_sitenote_category":0},"product_brand":[64],"product_cat":[57],"product_tag":[],"class_list":{"0":"post-3276","1":"product","2":"type-product","3":"status-publish","4":"has-post-thumbnail","6":"product_brand-ard-al-zaafaran","7":"product_cat-unisex","9":"first","10":"instock","11":"shipping-taxable","12":"purchasable","13":"product-type-simple"},"aioseo_notices":[],"ct_brands":[{"id":64,"name":"Ard Al Zaafaran","slug":"ard-al-zaafaran"}],"_links":{"self":[{"href":"https:\/\/habibimb.com\/en\/wp-json\/wp\/v2\/product\/3276","targetHints":{"allow":["GET"]}}],"collection":[{"href":"https:\/\/habibimb.com\/en\/wp-json\/wp\/v2\/product"}],"about":[{"href":"https:\/\/habibimb.com\/en\/wp-json\/wp\/v2\/types\/product"}],"replies":[{"embeddable":true,"href":"https:\/\/habibimb.com\/en\/wp-json\/wp\/v2\/comments?post=3276"}],"wp:featuredmedia":[{"embeddable":true,"href":"https:\/\/habibimb.com\/en\/wp-json\/wp\/v2\/media\/3277"}],"wp:attachment":[{"href":"https:\/\/habibimb.com\/en\/wp-json\/wp\/v2\/media?parent=3276"}],"wp:term":[{"taxonomy":"product_brand","embeddable":true,"href":"https:\/\/habibimb.com\/en\/wp-json\/wp\/v2\/product_brand?post=3276"},{"taxonomy":"product_cat","embeddable":true,"href":"https:\/\/habibimb.com\/en\/wp-json\/wp\/v2\/product_cat?post=3276"},{"taxonomy":"product_tag","embeddable":true,"href":"https:\/\/habibimb.com\/en\/wp-json\/wp\/v2\/product_tag?post=3276"}],"curies":[{"name":"wp","href":"https:\/\/api.w.org\/{rel}","templated":true}]}}