{"id":3225,"date":"2025-09-17T11:37:49","date_gmt":"2025-09-17T11:37:49","guid":{"rendered":"https:\/\/habibimb.com\/?post_type=product&#038;p=3225"},"modified":"2025-11-11T08:56:03","modified_gmt":"2025-11-11T08:56:03","slug":"apa-de-parfum-royal-blend-nero-french-avenue-unisex-100ml","status":"publish","type":"product","link":"https:\/\/habibimb.com\/en\/product\/apa-de-parfum-royal-blend-nero-french-avenue-unisex-100ml\/","title":{"rendered":"Royal Blend Nero, French Avenue"},"content":{"rendered":"<p><strong>La primul contact, Royal Blend Nero ofer\u0103 un contrast interesant: prospe\u021bime prin bergamot\u0103 \u0219i m\u0103r, u\u0219or condimentat de nuc\u0219oar\u0103, care treptat se a\u0219az\u0103 \u00eentr-o inim\u0103 cald\u0103 \u0219i lemnoas\u0103. Scor\u021bi\u0219oara \u0219i \u0219ofranul dau senza\u021bia de mirodenie luxoas\u0103, iar lemnul uscat adaug\u0103 structur\u0103 \u0219i profunzime. Pe m\u0103sur\u0103 ce parfumul se usuc\u0103, vanilia \u0219i tonka preiau conducerea, \u00eembr\u0103\u021bi\u0219ate de benzoin\u0103 \u0219i mosc, l\u0103s\u00e2nd un trail catifelat, persistent \u0219i aproape gourmand.<\/strong><\/p>","protected":false},"excerpt":{"rendered":"<p>Inspirat din Sava Gissah<\/p>","protected":false},"featured_media":3227,"comment_status":"open","ping_status":"closed","template":"","meta":{"om_disable_all_campaigns":false,"_monsterinsights_skip_tracking":false,"_monsterinsights_sitenote_active":false,"_monsterinsights_sitenote_note":"","_monsterinsights_sitenote_category":0},"product_brand":[103],"product_cat":[57],"product_tag":[],"class_list":{"0":"post-3225","1":"product","2":"type-product","3":"status-publish","4":"has-post-thumbnail","6":"product_brand-french-avenue","7":"product_cat-unisex","9":"first","10":"outofstock","11":"shipping-taxable","12":"purchasable","13":"product-type-simple"},"aioseo_notices":[],"ct_brands":[{"id":103,"name":"French Avenue","slug":"french-avenue"}],"_links":{"self":[{"href":"https:\/\/habibimb.com\/en\/wp-json\/wp\/v2\/product\/3225","targetHints":{"allow":["GET"]}}],"collection":[{"href":"https:\/\/habibimb.com\/en\/wp-json\/wp\/v2\/product"}],"about":[{"href":"https:\/\/habibimb.com\/en\/wp-json\/wp\/v2\/types\/product"}],"replies":[{"embeddable":true,"href":"https:\/\/habibimb.com\/en\/wp-json\/wp\/v2\/comments?post=3225"}],"wp:featuredmedia":[{"embeddable":true,"href":"https:\/\/habibimb.com\/en\/wp-json\/wp\/v2\/media\/3227"}],"wp:attachment":[{"href":"https:\/\/habibimb.com\/en\/wp-json\/wp\/v2\/media?parent=3225"}],"wp:term":[{"taxonomy":"product_brand","embeddable":true,"href":"https:\/\/habibimb.com\/en\/wp-json\/wp\/v2\/product_brand?post=3225"},{"taxonomy":"product_cat","embeddable":true,"href":"https:\/\/habibimb.com\/en\/wp-json\/wp\/v2\/product_cat?post=3225"},{"taxonomy":"product_tag","embeddable":true,"href":"https:\/\/habibimb.com\/en\/wp-json\/wp\/v2\/product_tag?post=3225"}],"curies":[{"name":"wp","href":"https:\/\/api.w.org\/{rel}","templated":true}]}}