{"id":3221,"date":"2025-09-17T11:33:48","date_gmt":"2025-09-17T11:33:48","guid":{"rendered":"https:\/\/habibimb.com\/?post_type=product&#038;p=3221"},"modified":"2025-09-17T11:33:46","modified_gmt":"2025-09-17T11:33:46","slug":"apa-de-parfum-vanille-apsolu-fariis-unisex-100ml","status":"publish","type":"product","link":"https:\/\/habibimb.com\/en\/product\/apa-de-parfum-vanille-apsolu-fariis-unisex-100ml\/","title":{"rendered":"Vanille Apsolu, Fariis"},"content":{"rendered":"<p data-start=\"266\" data-end=\"732\"><strong>Vanille Absolu se deschide cu o vanilie dens\u0103, autentic\u0103, aproape lichid\u0103 \u2014 este ca \u0219i cum ai fi \u00een buc\u0103t\u0103ria unei case vechi, unde vanilia de leac fierbe pe aragaz \u0219i aroma ei se r\u0103sp\u00e2nde\u0219te \u00een aer. Dar nu este simpl\u0103: primul impact include note de scor\u021bi\u0219oar\u0103 \u0219i cui\u0219oare care adaug\u0103 o c\u0103ldur\u0103 condimentat\u0103, u\u0219or picant\u0103, care taie din suculen\u021ba vaniliei \u0219i o face mai complex\u0103. Pe m\u0103sur\u0103 ce parfumul se a\u015faz\u0103, apar accente lemnoase subtile care \u00eei dau profunzime.<\/strong><\/p>\n<p data-start=\"734\" data-end=\"1084\"><strong>Vanilia devine cremoas\u0103, dulce dar nu excesiv, echilibr\u00e2ndu-se cu mirodeniile \u2014 scor\u021bi\u0219oar\u0103, cui\u015foare \u2014 \u0219i cu lemnul de baz\u0103, care \u00eei ofer\u0103 stabilitate, textur\u0103 \u0219i caracter. Dry-down-ul este ca un desert cald: un sos de vanilie cu o tent\u0103 de caramel, \u00eenconjurat de lemn fin. Persist\u0103 mult pe piele \u015fi haine, l\u0103s\u00e2nd o urm\u0103 dulce, bogat\u0103, dar rafinat\u0103.<\/strong><\/p>","protected":false},"excerpt":{"rendered":"<p>Inspirat din Kayali Vanilla<\/p>","protected":false},"featured_media":3224,"comment_status":"open","ping_status":"closed","template":"","meta":{"om_disable_all_campaigns":false,"_monsterinsights_skip_tracking":false,"_monsterinsights_sitenote_active":false,"_monsterinsights_sitenote_note":"","_monsterinsights_sitenote_category":0},"product_brand":[102],"product_cat":[57],"product_tag":[],"class_list":{"0":"post-3221","1":"product","2":"type-product","3":"status-publish","4":"has-post-thumbnail","6":"product_brand-fariis","7":"product_cat-unisex","9":"first","10":"instock","11":"shipping-taxable","12":"purchasable","13":"product-type-simple"},"aioseo_notices":[],"ct_brands":[{"id":102,"name":"Fariis","slug":"fariis"}],"_links":{"self":[{"href":"https:\/\/habibimb.com\/en\/wp-json\/wp\/v2\/product\/3221","targetHints":{"allow":["GET"]}}],"collection":[{"href":"https:\/\/habibimb.com\/en\/wp-json\/wp\/v2\/product"}],"about":[{"href":"https:\/\/habibimb.com\/en\/wp-json\/wp\/v2\/types\/product"}],"replies":[{"embeddable":true,"href":"https:\/\/habibimb.com\/en\/wp-json\/wp\/v2\/comments?post=3221"}],"wp:featuredmedia":[{"embeddable":true,"href":"https:\/\/habibimb.com\/en\/wp-json\/wp\/v2\/media\/3224"}],"wp:attachment":[{"href":"https:\/\/habibimb.com\/en\/wp-json\/wp\/v2\/media?parent=3221"}],"wp:term":[{"taxonomy":"product_brand","embeddable":true,"href":"https:\/\/habibimb.com\/en\/wp-json\/wp\/v2\/product_brand?post=3221"},{"taxonomy":"product_cat","embeddable":true,"href":"https:\/\/habibimb.com\/en\/wp-json\/wp\/v2\/product_cat?post=3221"},{"taxonomy":"product_tag","embeddable":true,"href":"https:\/\/habibimb.com\/en\/wp-json\/wp\/v2\/product_tag?post=3221"}],"curies":[{"name":"wp","href":"https:\/\/api.w.org\/{rel}","templated":true}]}}