{"id":3218,"date":"2025-09-17T11:26:01","date_gmt":"2025-09-17T11:26:01","guid":{"rendered":"https:\/\/habibimb.com\/?post_type=product&#038;p=3218"},"modified":"2026-03-03T10:26:22","modified_gmt":"2026-03-03T10:26:22","slug":"apa-de-parfum-r-spectra-surge-unisex-100ml","status":"publish","type":"product","link":"https:\/\/habibimb.com\/en\/product\/apa-de-parfum-r-spectra-surge-unisex-100ml\/","title":{"rendered":"R Spectra &#038; Surge"},"content":{"rendered":"<p>Descoperi\u021bi Esen\u021ba R SpectraApa de Parfum R Spectra este un parfum luxos \u0219i modern, creat pentru cei care caut\u0103 elegan\u021b\u0103 \u0219i sofisticare \u00een fiecare aspect al vie\u021bii lor. G\u0103sind echilibrul perfect \u00eentre subtilitate \u0219i atrac\u021bie, acest parfum este conceput pentru a captura sim\u021burile \u0219i a completa personalitatea dumneavoastr\u0103 unic\u0103. Indiferent dac\u0103 este vorba despre o \u00eent\u00e2lnire important\u0103, o ie\u0219ire casual\u0103 sau o sear\u0103 romantic\u0103, R Spectra adaug\u0103 o not\u0103 de exclusivitate fiec\u0103rei ocazii.Un Amestec Harmonios de NoteParfumul \u00ee\u0219i dezv\u0103luie farmecul printr-o compozi\u021bie m\u0103iestrit\u0103 de note proaspete, florale \u0219i calde. Deschiz\u00e2ndu-se cu o explozie vibrant\u0103 de citrice \u0219i flori delicate, aroma se desf\u0103\u0219oar\u0103 treptat \u00eentr-un inim\u0103 bogat\u0103 de vanilie cremoas\u0103 \u0219i condimente exotice. O sugestie de tonuri lemnoase completeaz\u0103 experien\u021ba, l\u0103s\u00e2nd o impresie de durat\u0103, care este at\u00e2t fascinant\u0103, c\u00e2t \u0219i de neuitat. Cu formula sa echilibrat\u0103 cu meticulozitate, R Spectra \u00eentruchipeaz\u0103 versatilitatea \u2013 fiind la fel de potrivit pentru vivacitatea de zi sau sofisticarea de sear\u0103.<\/p>","protected":false},"excerpt":{"rendered":"<p>Parfumul \u201cRiiffs Surge &amp; Spectra\u201d are note declarate precum <strong data-start=\"275\" data-end=\"289\">grapefruit<\/strong>, <strong data-start=\"291\" data-end=\"306\">pink pepper<\/strong>, <strong data-start=\"308\" data-end=\"317\">lemon<\/strong>, <strong data-start=\"319\" data-end=\"330\">vetiver<\/strong>, <strong data-start=\"332\" data-end=\"345\">dry woods<\/strong>, <strong data-start=\"347\" data-end=\"355\">sage<\/strong>, plus note de baz\u0103 cum ar fi <strong data-start=\"385\" data-end=\"393\">musk<\/strong>, <strong data-start=\"395\" data-end=\"404\">amber<\/strong>, <strong data-start=\"406\" data-end=\"422\">soft leather<\/strong><\/p>","protected":false},"featured_media":3220,"comment_status":"open","ping_status":"closed","template":"","meta":{"om_disable_all_campaigns":false,"_monsterinsights_skip_tracking":false,"_monsterinsights_sitenote_active":false,"_monsterinsights_sitenote_note":"","_monsterinsights_sitenote_category":0},"product_brand":[73],"product_cat":[57],"product_tag":[],"class_list":{"0":"post-3218","1":"product","2":"type-product","3":"status-publish","4":"has-post-thumbnail","6":"product_brand-riiffs","7":"product_cat-unisex","9":"first","10":"outofstock","11":"sale","12":"shipping-taxable","13":"purchasable","14":"product-type-simple"},"aioseo_notices":[],"ct_brands":[{"id":73,"name":"Riiffs","slug":"riiffs"}],"_links":{"self":[{"href":"https:\/\/habibimb.com\/en\/wp-json\/wp\/v2\/product\/3218","targetHints":{"allow":["GET"]}}],"collection":[{"href":"https:\/\/habibimb.com\/en\/wp-json\/wp\/v2\/product"}],"about":[{"href":"https:\/\/habibimb.com\/en\/wp-json\/wp\/v2\/types\/product"}],"replies":[{"embeddable":true,"href":"https:\/\/habibimb.com\/en\/wp-json\/wp\/v2\/comments?post=3218"}],"wp:featuredmedia":[{"embeddable":true,"href":"https:\/\/habibimb.com\/en\/wp-json\/wp\/v2\/media\/3220"}],"wp:attachment":[{"href":"https:\/\/habibimb.com\/en\/wp-json\/wp\/v2\/media?parent=3218"}],"wp:term":[{"taxonomy":"product_brand","embeddable":true,"href":"https:\/\/habibimb.com\/en\/wp-json\/wp\/v2\/product_brand?post=3218"},{"taxonomy":"product_cat","embeddable":true,"href":"https:\/\/habibimb.com\/en\/wp-json\/wp\/v2\/product_cat?post=3218"},{"taxonomy":"product_tag","embeddable":true,"href":"https:\/\/habibimb.com\/en\/wp-json\/wp\/v2\/product_tag?post=3218"}],"curies":[{"name":"wp","href":"https:\/\/api.w.org\/{rel}","templated":true}]}}