{"id":3215,"date":"2025-09-17T11:18:51","date_gmt":"2025-09-17T11:18:51","guid":{"rendered":"https:\/\/habibimb.com\/?post_type=product&#038;p=3215"},"modified":"2026-02-17T10:15:03","modified_gmt":"2026-02-17T10:15:03","slug":"apa-de-parfum-apple-nectar-fariis-unisex-100ml","status":"publish","type":"product","link":"https:\/\/habibimb.com\/en\/product\/apa-de-parfum-apple-nectar-fariis-unisex-100ml\/","title":{"rendered":"Apple Nectar, Fariis"},"content":{"rendered":"<p>Experien\u021ba esen\u021bei nectarului de mere, Apa de parfum Apple Nectar de la Fariis este mai mult dec\u00e2t o simpl\u0103 arom\u0103 \u2013 este o invita\u021bie de a te r\u0103sf\u0103\u021ba \u00een armonia sublim\u0103 a naturii \u0219i sofistic\u0103rii. Proiectat pentru a se adapta at\u00e2t b\u0103rba\u021bilor, c\u00e2t \u0219i femeilor, acest parfum unisex celebreaz\u0103 atrac\u021bia universal\u0103 a elegan\u021bei proaspete \u0219i fructate. Cu fiecare pulverizare, vei experimenta o arom\u0103 care capteaz\u0103 echilibrul perfect \u00eentre dulcea\u021b\u0103 \u0219i prospe\u021bime, f\u0103c\u00e2ndu-l o alegere ideal\u0103 pentru orice ocazie.Un amestec unic de sofisticare fructat\u0103Sticla de 100ml de Apple Nectar este o capodoper\u0103 infuzat\u0103 cu aroma captivant\u0103 a merelor crocante amestecate cu nuan\u021be florale subtile \u0219i note calde, lemnoase. Fie c\u0103 te preg\u0103te\u0219ti pentru o ie\u0219ire casual\u0103 sau o sear\u0103 elegant\u0103, acest parfum completeaz\u0103 perfect stilul t\u0103u personal. Formula sa de lung\u0103 durat\u0103 asigur\u0103 c\u0103 prezen\u021ba ta este de neuitat, f\u0103c\u00e2ndu-l o ad\u0103ugare perfect\u0103 la colec\u021bia ta de parfumuri<\/p>","protected":false},"excerpt":{"rendered":"<p>Inspirat din Kayali Eden Juicy Apple<\/p>","protected":false},"featured_media":3217,"comment_status":"open","ping_status":"closed","template":"","meta":{"om_disable_all_campaigns":false,"_monsterinsights_skip_tracking":false,"_monsterinsights_sitenote_active":false,"_monsterinsights_sitenote_note":"","_monsterinsights_sitenote_category":0},"product_brand":[102],"product_cat":[57],"product_tag":[],"class_list":{"0":"post-3215","1":"product","2":"type-product","3":"status-publish","4":"has-post-thumbnail","6":"product_brand-fariis","7":"product_cat-unisex","9":"first","10":"instock","11":"shipping-taxable","12":"purchasable","13":"product-type-simple"},"aioseo_notices":[],"ct_brands":[{"id":102,"name":"Fariis","slug":"fariis"}],"_links":{"self":[{"href":"https:\/\/habibimb.com\/en\/wp-json\/wp\/v2\/product\/3215","targetHints":{"allow":["GET"]}}],"collection":[{"href":"https:\/\/habibimb.com\/en\/wp-json\/wp\/v2\/product"}],"about":[{"href":"https:\/\/habibimb.com\/en\/wp-json\/wp\/v2\/types\/product"}],"replies":[{"embeddable":true,"href":"https:\/\/habibimb.com\/en\/wp-json\/wp\/v2\/comments?post=3215"}],"wp:featuredmedia":[{"embeddable":true,"href":"https:\/\/habibimb.com\/en\/wp-json\/wp\/v2\/media\/3217"}],"wp:attachment":[{"href":"https:\/\/habibimb.com\/en\/wp-json\/wp\/v2\/media?parent=3215"}],"wp:term":[{"taxonomy":"product_brand","embeddable":true,"href":"https:\/\/habibimb.com\/en\/wp-json\/wp\/v2\/product_brand?post=3215"},{"taxonomy":"product_cat","embeddable":true,"href":"https:\/\/habibimb.com\/en\/wp-json\/wp\/v2\/product_cat?post=3215"},{"taxonomy":"product_tag","embeddable":true,"href":"https:\/\/habibimb.com\/en\/wp-json\/wp\/v2\/product_tag?post=3215"}],"curies":[{"name":"wp","href":"https:\/\/api.w.org\/{rel}","templated":true}]}}