{"id":3130,"date":"2025-06-23T16:08:40","date_gmt":"2025-06-23T16:08:40","guid":{"rendered":"https:\/\/habibimb.com\/?post_type=product&#038;p=3130"},"modified":"2025-06-23T16:08:32","modified_gmt":"2025-06-23T16:08:32","slug":"set-cadou-fakhar-women-apa-de-parfum-100ml-deo-spray-200ml-parfum-pentru-par-50ml-lattafa","status":"publish","type":"product","link":"https:\/\/habibimb.com\/en\/product\/set-cadou-fakhar-women-apa-de-parfum-100ml-deo-spray-200ml-parfum-pentru-par-50ml-lattafa\/","title":{"rendered":"Set Cadou Fakhar Women +Deo Spray 200 + Parfum Pentru Par , Lattafa"},"content":{"rendered":"<h2>Dezl\u0103n\u021buie-\u021bi elegan\u021ba cu setul nostru cadou<\/h2>\n<p>Introduce\u021bi-v\u0103 \u00eentr-o experien\u021b\u0103 senzorial\u0103 ridicat\u0103 cu colec\u021bia de parfumuri Set Cadou Fakhar Women de la Lattafa. Conceput pentru femeia modern\u0103, acest set rafinat include o ap\u0103 de parfum de 100 ml, un spray Deo de 200 ml \u0219i un parfum de p\u0103r de 50 ml, oferind tot ce ai nevoie pentru a-\u021bi \u00eembr\u0103\u021bi\u0219a feminitatea \u0219i farmecul. Fie c\u0103 te \u00eembraci pentru o ocazie special\u0103 sau \u00ee\u021bi \u00eembun\u0103t\u0103\u021be\u0219ti rutina de zi cu zi, acest set cadou de lux transcende obi\u0219nuitul, oferind o experien\u021b\u0103 unic\u0103 de parfum care persist\u0103 pe tot parcursul zilei.<\/p>\n<h2>M\u0103iestrie \u0219i calitate<\/h2>\n<p>Lattafa este renumit pentru dedicarea sa fa\u021b\u0103 de calitate \u0219i detalii, iar Set Cadou Fakhar Women nu face excep\u021bie. Apa de parfum are note bogate de flori exotice \u0219i condimente calde, perfect echilibrate pentru a se potrivi oric\u0103rei st\u0103ri de spirit sau ocazii. \u00censo\u021bit de spray-ul revigorant Deo de 200 ml, te po\u021bi sim\u021bi \u00eencrez\u0103tor \u0219tiind c\u0103 parfumul t\u0103u va dura, oferind prospe\u021bime de durat\u0103 \u00een timp ce mascheaz\u0103 delicat mirosurile nedorite. \u00cen plus, parfumul nostru de p\u0103r de 50 ml adaug\u0103 un parfum irezistibil p\u0103rului t\u0103u, asigur\u00e2ndu-te c\u0103 elegan\u021ba ta str\u0103luce\u0219te \u00een fiecare mi\u0219care pe care o faci.<\/p>\n<h2>Un cadou perfect pentru fiecare ocazie<\/h2>\n<p>Acest set cadou frumos organizat este un cadou atent pentru zile de na\u0219tere, anivers\u0103ri sau orice moment special care merit\u0103 s\u0103rb\u0103torit. Ambalajul elegant \u0219i con\u021binutul de \u00eenalt\u0103 calitate simbolizeaz\u0103 dragostea \u0219i aprecierea, f\u0103c\u00e2ndu-l o alegere ideal\u0103 pentru prieteni, familie sau chiar ca un r\u0103sf\u0103\u021b special pentru tine. Cu Set Cadou Fakhar Women, nu numai c\u0103 \u00eemp\u0103rt\u0103\u0219i\u021bi un parfum \u00eenc\u00e2nt\u0103tor, ci \u0219i o experien\u021b\u0103 care exprim\u0103 grij\u0103 \u0219i rafinament.<\/p>\n<p>P\u0103\u0219e\u0219te \u00eentr-un t\u0103r\u00e2m al \u00eenc\u00e2nt\u0103rii cu Set Cadou Fakhar Women de la Lattafa. \u00cembr\u0103\u021bi\u0219eaz\u0103-\u021bi feminitatea, exprim\u0103-\u021bi stilul \u0219i r\u0103sf\u0103\u021b\u0103-te cu luxul pe care \u00eel meri\u021bi. \u00cembun\u0103t\u0103\u021be\u0219te-\u021bi colec\u021bia personal\u0103 de parfumuri ast\u0103zi!<\/p>","protected":false},"excerpt":{"rendered":"<p>Dezl\u0103n\u021buie-\u021bi elegan\u021ba cu setul nostru cadou Introduce\u021bi-v\u0103 \u00eentr-o experien\u021b\u0103 senzorial\u0103 ridicat\u0103 cu colec\u021bia de parfumuri Set Cadou Fakhar Women de la Lattafa. Conceput pentru femeia modern\u0103, acest set rafinat include o ap\u0103 de parfum de 100 ml, un spray Deo de 200 ml \u0219i un parfum de p\u0103r de 50 ml, oferind tot ce ai [&hellip;]<\/p>","protected":false},"featured_media":3131,"comment_status":"open","ping_status":"closed","template":"","meta":{"om_disable_all_campaigns":false,"_monsterinsights_skip_tracking":false,"_monsterinsights_sitenote_active":false,"_monsterinsights_sitenote_note":"","_monsterinsights_sitenote_category":0},"product_brand":[63],"product_cat":[82],"product_tag":[],"class_list":{"0":"post-3130","1":"product","2":"type-product","3":"status-publish","4":"has-post-thumbnail","6":"product_brand-lattafa","7":"product_cat-set-cadou","9":"first","10":"instock","11":"shipping-taxable","12":"purchasable","13":"product-type-simple"},"aioseo_notices":[],"ct_brands":[{"id":63,"name":"Lattafa","slug":"lattafa"}],"_links":{"self":[{"href":"https:\/\/habibimb.com\/en\/wp-json\/wp\/v2\/product\/3130","targetHints":{"allow":["GET"]}}],"collection":[{"href":"https:\/\/habibimb.com\/en\/wp-json\/wp\/v2\/product"}],"about":[{"href":"https:\/\/habibimb.com\/en\/wp-json\/wp\/v2\/types\/product"}],"replies":[{"embeddable":true,"href":"https:\/\/habibimb.com\/en\/wp-json\/wp\/v2\/comments?post=3130"}],"wp:featuredmedia":[{"embeddable":true,"href":"https:\/\/habibimb.com\/en\/wp-json\/wp\/v2\/media\/3131"}],"wp:attachment":[{"href":"https:\/\/habibimb.com\/en\/wp-json\/wp\/v2\/media?parent=3130"}],"wp:term":[{"taxonomy":"product_brand","embeddable":true,"href":"https:\/\/habibimb.com\/en\/wp-json\/wp\/v2\/product_brand?post=3130"},{"taxonomy":"product_cat","embeddable":true,"href":"https:\/\/habibimb.com\/en\/wp-json\/wp\/v2\/product_cat?post=3130"},{"taxonomy":"product_tag","embeddable":true,"href":"https:\/\/habibimb.com\/en\/wp-json\/wp\/v2\/product_tag?post=3130"}],"curies":[{"name":"wp","href":"https:\/\/api.w.org\/{rel}","templated":true}]}}