{"id":3128,"date":"2025-06-23T16:04:27","date_gmt":"2025-06-23T16:04:27","guid":{"rendered":"https:\/\/habibimb.com\/?post_type=product&#038;p=3128"},"modified":"2025-10-28T11:24:46","modified_gmt":"2025-10-28T11:24:46","slug":"set-cadou-asad-apa-de-parfum-100ml-deo-spray-200ml-odorizant-camera-300ml-lattafa","status":"publish","type":"product","link":"https:\/\/habibimb.com\/en\/product\/set-cadou-asad-apa-de-parfum-100ml-deo-spray-200ml-odorizant-camera-300ml-lattafa\/","title":{"rendered":"Set Cadou Asad +Deo Spray 200 +Odorizant Camera 300 Lattafa"},"content":{"rendered":"<h2>R\u0103sf\u0103\u021ba\u021bi-v\u0103 cu luxul cu setul Cadou Asad<\/h2>\n<p>Experimenta\u021bi amestecul rafinat de arome cu Setul Cadou Asad, care include o sticl\u0103 de 100 ml de Asad Apa De Parfum, un spray Deo de 200 ml \u0219i o camer\u0103 odorizant\u0103 de 300 ml de la Lattafa. Acest set cadou este perfect pentru oricine apreciaz\u0103 arta parfumeriei. Este conceput pentru a v\u0103 \u00eembun\u0103t\u0103\u021bi colec\u021bia personal\u0103 de parfumuri, oferind \u00een acela\u0219i timp arome r\u0103coritoare \u00een tot spa\u021biul.<\/p>\n<h2>Un ansamblu unic de parfumuri<\/h2>\n<p>Asad Apa De Parfum este piesa central\u0103 a acestui set de lux. Cu notele sale parfumate captivante, eman\u0103 rafinament \u0219i elegan\u021b\u0103, f\u0103c\u00e2ndu-l potrivit pentru orice ocazie. Parfumul este \u00eenso\u021bit de un Deo Spray de lung\u0103 durat\u0103 care ofer\u0103 un strat suplimentar de prospe\u021bime, perfect pentru purtarea zilnic\u0103. Camera Odorizant aduce mirosuri \u00eenc\u00e2nt\u0103toare \u00een spa\u021biile tale de locuit, asigur\u00e2nd o atmosfer\u0103 primitoare \u00een orice moment.<\/p>\n<h2>Perfect pentru cadouri sau uz personal<\/h2>\n<p>Fie c\u0103 v\u0103 r\u0103sf\u0103\u021ba\u021bi sau c\u0103uta\u021bi cadoul ideal, Set Cadou Asad este o alegere atent\u0103. Designul s\u0103u elegant \u00eel face un cadou atractiv pentru zile de na\u0219tere, anivers\u0103ri sau s\u0103rb\u0103tori speciale. Combina\u021bia dintre un parfum luxos, un deodorant r\u0103coritor \u0219i un odorizant pentru cas\u0103 se adreseaz\u0103 tuturor zonelor de parfum, f\u0103c\u00e2ndu-l o op\u021biune versatil\u0103 pentru oricine dore\u0219te s\u0103-\u0219i \u00eembun\u0103t\u0103\u021beasc\u0103 experien\u021ba senzorial\u0103. Investe\u0219te \u00een c\u0103l\u0103toria ta parfumat\u0103 cu Set Cadou Asad \u0219i scufund\u0103-te \u00eentr-o lume de arome \u00eenc\u00e2nt\u0103toare.<\/p>","protected":false},"excerpt":{"rendered":"<p>Inspirat din Sauvage Elixir Dior<\/p>","protected":false},"featured_media":3129,"comment_status":"open","ping_status":"closed","template":"","meta":{"om_disable_all_campaigns":false,"_monsterinsights_skip_tracking":false,"_monsterinsights_sitenote_active":false,"_monsterinsights_sitenote_note":"","_monsterinsights_sitenote_category":0},"product_brand":[63],"product_cat":[82],"product_tag":[],"class_list":{"0":"post-3128","1":"product","2":"type-product","3":"status-publish","4":"has-post-thumbnail","6":"product_brand-lattafa","7":"product_cat-set-cadou","9":"first","10":"outofstock","11":"shipping-taxable","12":"purchasable","13":"product-type-simple"},"aioseo_notices":[],"ct_brands":[{"id":63,"name":"Lattafa","slug":"lattafa"}],"_links":{"self":[{"href":"https:\/\/habibimb.com\/en\/wp-json\/wp\/v2\/product\/3128","targetHints":{"allow":["GET"]}}],"collection":[{"href":"https:\/\/habibimb.com\/en\/wp-json\/wp\/v2\/product"}],"about":[{"href":"https:\/\/habibimb.com\/en\/wp-json\/wp\/v2\/types\/product"}],"replies":[{"embeddable":true,"href":"https:\/\/habibimb.com\/en\/wp-json\/wp\/v2\/comments?post=3128"}],"wp:featuredmedia":[{"embeddable":true,"href":"https:\/\/habibimb.com\/en\/wp-json\/wp\/v2\/media\/3129"}],"wp:attachment":[{"href":"https:\/\/habibimb.com\/en\/wp-json\/wp\/v2\/media?parent=3128"}],"wp:term":[{"taxonomy":"product_brand","embeddable":true,"href":"https:\/\/habibimb.com\/en\/wp-json\/wp\/v2\/product_brand?post=3128"},{"taxonomy":"product_cat","embeddable":true,"href":"https:\/\/habibimb.com\/en\/wp-json\/wp\/v2\/product_cat?post=3128"},{"taxonomy":"product_tag","embeddable":true,"href":"https:\/\/habibimb.com\/en\/wp-json\/wp\/v2\/product_tag?post=3128"}],"curies":[{"name":"wp","href":"https:\/\/api.w.org\/{rel}","templated":true}]}}