{"id":3125,"date":"2025-06-23T15:55:24","date_gmt":"2025-06-23T15:55:24","guid":{"rendered":"https:\/\/habibimb.com\/?post_type=product&#038;p=3125"},"modified":"2025-06-23T15:53:26","modified_gmt":"2025-06-23T15:53:26","slug":"apa-de-parfum-cocoa-morado-french-avenue-unisex-100ml","status":"publish","type":"product","link":"https:\/\/habibimb.com\/en\/product\/apa-de-parfum-cocoa-morado-french-avenue-unisex-100ml\/","title":{"rendered":"Cocoa Morado, French Avenue"},"content":{"rendered":"<h2>Descoperi\u021bi esen\u021ba Cocoa Morado<\/h2>\n<p>R\u0103sf\u0103\u021ba\u021bi-v\u0103 sim\u021burile cu Apa De Parfum Cocoa Morado, un parfum captivant de la French Avenue conceput at\u00e2t pentru b\u0103rba\u021bi, c\u00e2t \u0219i pentru femei. Amestecul s\u0103u unic de note aromatice creeaz\u0103 un parfum care nu este doar un parfum, ci o expresie elegant\u0103 a individualit\u0103\u021bii tale. Prezentat \u00eentr-o sticl\u0103 sofisticat\u0103 de 100 ml, acest parfum unisex promite s\u0103 \u00eenc\u00e2nte cu fiecare aplica\u021bie.<\/p>\n<h2>O simfonie de note<\/h2>\n<p>Cacao Morado prezint\u0103 o fuziune armonioas\u0103 de cacao bogat\u0103, flori moi \u0219i nuan\u021be calde lemnoase. Parfumul se desf\u0103\u0219oar\u0103 cu o not\u0103 de v\u00e2rf \u00eembietoare de cacao cremoas\u0103 care te \u00eenv\u0103luie imediat \u00een c\u0103ldur\u0103, urmat\u0103 de note delicate de iasomie \u0219i trandafir care adaug\u0103 o not\u0103 de rafinament. Notele de baz\u0103 de lemn de santal \u0219i vanilie ofer\u0103 un finisaj durabil, p\u0103m\u00e2ntesc, asigur\u00e2ndu-v\u0103 c\u0103 l\u0103sa\u021bi o impresie memorabil\u0103 oriunde merge\u021bi.<\/p>\n<h2>Perfect pentru orice ocazie<\/h2>\n<p>Acest parfum unisex este ideal pentru toate ocaziile, indiferent dac\u0103 te \u00eembraci pentru un eveniment formal sau te bucuri de o zi informal\u0103. Profilul s\u0103u de parfum versatil \u00eel face potrivit at\u00e2t pentru zi, c\u00e2t \u0219i pentru noapte, oferindu-v\u0103 flexibilitatea de a v\u0103 exprima stilul \u00een orice moment. Apa De Parfum Cocoa Morado nu este doar un parfum; este o declara\u021bie care \u00ee\u021bi spore\u0219te frumos prezen\u021ba.<\/p>\n<p>Experimenta\u021bi un parfum care dep\u0103\u0219e\u0219te obi\u0219nuitul cu Apa De Parfum Cocoa Morado. Compozi\u021bia sa atent\u0103 este perfect\u0103 pentru cei care apreciaz\u0103 arome unice care spun o poveste. \u00cembun\u0103t\u0103\u021be\u0219te-\u021bi colec\u021bia de parfumuri ast\u0103zi \u0219i descoper\u0103 de ce acest parfum unisex este un must-have pentru oricine dore\u0219te s\u0103 lase o impresie de elegan\u021b\u0103 \u0219i farmec.<\/p>","protected":false},"excerpt":{"rendered":"<p>Inspirat din Oud Cadenza Maison Crivelli<\/p>","protected":false},"featured_media":3126,"comment_status":"open","ping_status":"closed","template":"","meta":{"om_disable_all_campaigns":false,"_monsterinsights_skip_tracking":false,"_monsterinsights_sitenote_active":false,"_monsterinsights_sitenote_note":"","_monsterinsights_sitenote_category":0},"product_brand":[103],"product_cat":[57],"product_tag":[],"class_list":{"0":"post-3125","1":"product","2":"type-product","3":"status-publish","4":"has-post-thumbnail","6":"product_brand-french-avenue","7":"product_cat-unisex","9":"first","10":"instock","11":"shipping-taxable","12":"purchasable","13":"product-type-simple"},"aioseo_notices":[],"ct_brands":[{"id":103,"name":"French Avenue","slug":"french-avenue"}],"_links":{"self":[{"href":"https:\/\/habibimb.com\/en\/wp-json\/wp\/v2\/product\/3125","targetHints":{"allow":["GET"]}}],"collection":[{"href":"https:\/\/habibimb.com\/en\/wp-json\/wp\/v2\/product"}],"about":[{"href":"https:\/\/habibimb.com\/en\/wp-json\/wp\/v2\/types\/product"}],"replies":[{"embeddable":true,"href":"https:\/\/habibimb.com\/en\/wp-json\/wp\/v2\/comments?post=3125"}],"wp:featuredmedia":[{"embeddable":true,"href":"https:\/\/habibimb.com\/en\/wp-json\/wp\/v2\/media\/3126"}],"wp:attachment":[{"href":"https:\/\/habibimb.com\/en\/wp-json\/wp\/v2\/media?parent=3125"}],"wp:term":[{"taxonomy":"product_brand","embeddable":true,"href":"https:\/\/habibimb.com\/en\/wp-json\/wp\/v2\/product_brand?post=3125"},{"taxonomy":"product_cat","embeddable":true,"href":"https:\/\/habibimb.com\/en\/wp-json\/wp\/v2\/product_cat?post=3125"},{"taxonomy":"product_tag","embeddable":true,"href":"https:\/\/habibimb.com\/en\/wp-json\/wp\/v2\/product_tag?post=3125"}],"curies":[{"name":"wp","href":"https:\/\/api.w.org\/{rel}","templated":true}]}}