{"id":3122,"date":"2025-06-23T15:52:17","date_gmt":"2025-06-23T15:52:17","guid":{"rendered":"https:\/\/habibimb.com\/?post_type=product&#038;p=3122"},"modified":"2025-06-23T15:51:43","modified_gmt":"2025-06-23T15:51:43","slug":"apa-de-parfum-azzure-aoud-french-avenue-unisex-100ml","status":"publish","type":"product","link":"https:\/\/habibimb.com\/en\/product\/apa-de-parfum-azzure-aoud-french-avenue-unisex-100ml\/","title":{"rendered":"Azzure Aoud, French Avenue"},"content":{"rendered":"<h2>R\u0103sf\u0103\u021ba\u021bi-v\u0103 cu elegan\u021b\u0103 atemporal\u0103<\/h2>\n<p>Descoper\u0103 esen\u021ba rafinamentului cu Apa De Parfum Azzure Aoud, un parfum unisex care \u00eentruchipeaz\u0103 luxul \u0219i farmecul \u00een fiecare pic\u0103tur\u0103. Acest parfum rafinat surprinde spiritul elegan\u021bei fran\u021buze\u0219ti, f\u0103c\u00e2ndu-l completarea perfect\u0103 pentru colec\u021bia ta personal\u0103 de parfumuri. Conceput\u0103 at\u00e2t pentru b\u0103rba\u021bi, c\u00e2t \u0219i pentru femei, aceast\u0103 sticl\u0103 de 100 ml ofer\u0103 o op\u021biune versatil\u0103, potrivit\u0103 pentru orice ocazie, fie c\u0103 este vorba de un eveniment formal sau de o cin\u0103 intim\u0103.<\/p>\n<h2>Aroma distinc\u021biei<\/h2>\n<p>Azzure Aoud este un amestec rafinat de note bogate care captiveaz\u0103 sim\u021burile. Explozia ini\u021bial\u0103 de prospe\u021bime se deschide cu nuan\u021be vibrante de citrice \u0219i florale, trec\u00e2nd f\u0103r\u0103 probleme la o inim\u0103 care ofer\u0103 o c\u0103ldur\u0103 primitoare prin notele sale lemnoase. Pe m\u0103sur\u0103 ce parfumul se a\u0219eaz\u0103, baza dezv\u0103luie o profunzime captivant\u0103 cu note de mosc senzual \u0219i tonuri p\u0103m\u00e2ntii. Aceast\u0103 fuziune armonioas\u0103 face ca Apa De Parfum Azzure Aoud s\u0103 nu fie doar un parfum, ci o experien\u021b\u0103 care persist\u0103 pe tot parcursul zilei.<\/p>\n<h2>Atrac\u021bie unisex<\/h2>\n<p>Acest parfum unisex este conceput pentru a sparge barierele clasific\u0103rilor tradi\u021bionale ale parfumurilor, atr\u0103g\u00e2nd pe oricine apreciaz\u0103 arta fin\u0103 a parfumeriei. Profilul s\u0103u echilibrat permite o not\u0103 personal\u0103, f\u0103c\u00e2ndu-l la fel de potrivit pentru zi \u0219i noapte. \u00cemp\u0103rt\u0103\u0219i\u021bi-l cu un partener sau r\u0103sf\u0103\u021ba\u021bi-v\u0103 cu luxul s\u0103u; alegerea este a ta. Cu un parfum fermec\u0103tor care evolueaz\u0103 gra\u021bios, Azzure Aoud las\u0103 o impresie de durat\u0103 f\u0103r\u0103 a cople\u0219i sim\u021burile.<\/p>\n<p>Perfect ambalat \u00eentr-o sticl\u0103 elegant\u0103, Apa De Parfum Azzure Aoud se a\u0219eaz\u0103 elegant pe orice chiuvet\u0103 sau raft, reflect\u00e2nd rafinamentul con\u021binutului s\u0103u. \u00cembun\u0103t\u0103\u021be\u0219te-\u021bi jocul de parfumuri cu acest parfum \u00eenc\u00e2nt\u0103tor care promite s\u0103 fie un plus \u00eenc\u00e2nt\u0103tor pentru elementele tale esen\u021biale zilnice.<\/p>","protected":false},"excerpt":{"rendered":"<p>Inspirat din Oud Maracuja Maison Crivelli<\/p>","protected":false},"featured_media":3123,"comment_status":"open","ping_status":"closed","template":"","meta":{"om_disable_all_campaigns":false,"_monsterinsights_skip_tracking":false,"_monsterinsights_sitenote_active":false,"_monsterinsights_sitenote_note":"","_monsterinsights_sitenote_category":0},"product_brand":[103],"product_cat":[57],"product_tag":[],"class_list":{"0":"post-3122","1":"product","2":"type-product","3":"status-publish","4":"has-post-thumbnail","6":"product_brand-french-avenue","7":"product_cat-unisex","9":"first","10":"instock","11":"shipping-taxable","12":"purchasable","13":"product-type-simple"},"aioseo_notices":[],"ct_brands":[{"id":103,"name":"French Avenue","slug":"french-avenue"}],"_links":{"self":[{"href":"https:\/\/habibimb.com\/en\/wp-json\/wp\/v2\/product\/3122","targetHints":{"allow":["GET"]}}],"collection":[{"href":"https:\/\/habibimb.com\/en\/wp-json\/wp\/v2\/product"}],"about":[{"href":"https:\/\/habibimb.com\/en\/wp-json\/wp\/v2\/types\/product"}],"replies":[{"embeddable":true,"href":"https:\/\/habibimb.com\/en\/wp-json\/wp\/v2\/comments?post=3122"}],"wp:featuredmedia":[{"embeddable":true,"href":"https:\/\/habibimb.com\/en\/wp-json\/wp\/v2\/media\/3123"}],"wp:attachment":[{"href":"https:\/\/habibimb.com\/en\/wp-json\/wp\/v2\/media?parent=3122"}],"wp:term":[{"taxonomy":"product_brand","embeddable":true,"href":"https:\/\/habibimb.com\/en\/wp-json\/wp\/v2\/product_brand?post=3122"},{"taxonomy":"product_cat","embeddable":true,"href":"https:\/\/habibimb.com\/en\/wp-json\/wp\/v2\/product_cat?post=3122"},{"taxonomy":"product_tag","embeddable":true,"href":"https:\/\/habibimb.com\/en\/wp-json\/wp\/v2\/product_tag?post=3122"}],"curies":[{"name":"wp","href":"https:\/\/api.w.org\/{rel}","templated":true}]}}