{"id":3119,"date":"2025-06-23T15:47:58","date_gmt":"2025-06-23T15:47:58","guid":{"rendered":"https:\/\/habibimb.com\/?post_type=product&#038;p=3119"},"modified":"2025-10-02T11:18:22","modified_gmt":"2025-10-02T11:18:22","slug":"apa-de-parfum-fierte-french-avenue-femei-80ml","status":"publish","type":"product","link":"https:\/\/habibimb.com\/en\/product\/apa-de-parfum-fierte-french-avenue-femei-80ml\/","title":{"rendered":"Fierte, French Avenue, 80"},"content":{"rendered":"<h2>Dezl\u0103n\u021buie-\u021bi esen\u021ba<\/h2>\n<p>Descoper\u0103 alura \u00eenc\u00e2nt\u0103toare a <strong>Apa De Parfum Fierte<\/strong>, un parfum realizat cu m\u0103iestrie care \u00eentruchipeaz\u0103 rafinamentul \u0219i elegan\u021ba. Conceput pentru femeia modern\u0103, acest parfum rafinat se desf\u0103\u0219oar\u0103 \u00een straturi, dezv\u0103luind o arom\u0103 captivant\u0103 care persist\u0103 pe tot parcursul zilei. Las\u0103 fiecare spritz s\u0103 te transporte \u00eentr-o lume a romantismului \u0219i a farmecului, f\u0103c\u00e2nd din fiecare moment o ocazie demn\u0103 de s\u0103rb\u0103torit.<\/p>\n<h2>Compozi\u021bia parfumului<\/h2>\n<p>Un amestec emo\u021bionant, <strong>Apa De Parfum Fierte<\/strong> se deschide cu note de v\u00e2rf r\u0103coritoare, care includ citrice vibrante \u0219i note florale delicate. Pe m\u0103sur\u0103 ce parfumul se dezvolt\u0103, se \u00eentrep\u0103trund note de inim\u0103 de iasomie moale \u0219i trandafir elegant, cre\u00e2nd un buchet fascinant care \u00eenc\u00e2nt\u0103 sim\u021burile. \u00cen cele din urm\u0103, parfumul se instaleaz\u0103 \u00een note calde de vanilie cremoas\u0103 \u0219i lemn de santal bogat, oferind un finisaj senzual care las\u0103 o impresie de durat\u0103.<\/p>\n<h2>Perfect pentru orice ocazie<\/h2>\n<p>Fie c\u0103 participa\u021bi la un eveniment formal, v\u0103 bucura\u021bi de o zi informal\u0103 sau pur \u0219i simplu v\u0103 r\u0103sf\u0103\u021ba\u021bi cu o sear\u0103 lini\u0219tit\u0103 acas\u0103, <strong>Apa De Parfum Fierte<\/strong> este \u00eenso\u021bitorul ideal. Parfumul s\u0103u versatil se adapteaz\u0103 perfect la orice cadru \u0219i \u00ee\u021bi \u00eembun\u0103t\u0103\u021be\u0219te farmecul natural cu gra\u021bie. Prezentat \u00eentr-o sticl\u0103 de 80 ml frumos proiectat\u0103, acest parfum nu este doar un parfum; este o declara\u021bie a personalit\u0103\u021bii \u0219i stilului t\u0103u unic.<\/p>\n<p>\u00cembun\u0103t\u0103\u021be\u0219te-\u021bi rutina zilnic\u0103 cu esen\u021ba <strong>Apa De Parfum Fierte<\/strong>. Experimenteaz\u0103 \u00eencrederea care vine din purtarea unui parfum care \u00ee\u021bi surprinde spiritul \u0219i creativitatea. Fie c\u0103 este un cadou pentru o persoan\u0103 drag\u0103 sau un r\u0103sf\u0103\u021b pentru tine, r\u0103sf\u0103\u021ba\u021bi-v\u0103 cu luxul acestui parfum elegant \u0219i l\u0103sa\u021bi-l s\u0103 devin\u0103 o parte esen\u021bial\u0103 a colec\u021biei dumneavoastr\u0103 de frumuse\u021be.<\/p>","protected":false},"excerpt":{"rendered":"<p>Dezl\u0103n\u021buie-\u021bi esen\u021ba Descoper\u0103 alura \u00eenc\u00e2nt\u0103toare a Apa De Parfum Fierte, un parfum realizat cu m\u0103iestrie care \u00eentruchipeaz\u0103 rafinamentul \u0219i elegan\u021ba. Conceput pentru femeia modern\u0103, acest parfum rafinat se desf\u0103\u0219oar\u0103 \u00een straturi, dezv\u0103luind o arom\u0103 captivant\u0103 care persist\u0103 pe tot parcursul zilei. Las\u0103 fiecare spritz s\u0103 te transporte \u00eentr-o lume a romantismului \u0219i a farmecului, f\u0103c\u00e2nd [&hellip;]<\/p>","protected":false},"featured_media":3120,"comment_status":"open","ping_status":"closed","template":"","meta":{"om_disable_all_campaigns":false,"_monsterinsights_skip_tracking":false,"_monsterinsights_sitenote_active":false,"_monsterinsights_sitenote_note":"","_monsterinsights_sitenote_category":0},"product_brand":[103],"product_cat":[56],"product_tag":[],"class_list":{"0":"post-3119","1":"product","2":"type-product","3":"status-publish","4":"has-post-thumbnail","6":"product_brand-french-avenue","7":"product_cat-pentru-ea","9":"first","10":"outofstock","11":"shipping-taxable","12":"purchasable","13":"product-type-simple"},"aioseo_notices":[],"ct_brands":[{"id":103,"name":"French Avenue","slug":"french-avenue"}],"_links":{"self":[{"href":"https:\/\/habibimb.com\/en\/wp-json\/wp\/v2\/product\/3119","targetHints":{"allow":["GET"]}}],"collection":[{"href":"https:\/\/habibimb.com\/en\/wp-json\/wp\/v2\/product"}],"about":[{"href":"https:\/\/habibimb.com\/en\/wp-json\/wp\/v2\/types\/product"}],"replies":[{"embeddable":true,"href":"https:\/\/habibimb.com\/en\/wp-json\/wp\/v2\/comments?post=3119"}],"wp:featuredmedia":[{"embeddable":true,"href":"https:\/\/habibimb.com\/en\/wp-json\/wp\/v2\/media\/3120"}],"wp:attachment":[{"href":"https:\/\/habibimb.com\/en\/wp-json\/wp\/v2\/media?parent=3119"}],"wp:term":[{"taxonomy":"product_brand","embeddable":true,"href":"https:\/\/habibimb.com\/en\/wp-json\/wp\/v2\/product_brand?post=3119"},{"taxonomy":"product_cat","embeddable":true,"href":"https:\/\/habibimb.com\/en\/wp-json\/wp\/v2\/product_cat?post=3119"},{"taxonomy":"product_tag","embeddable":true,"href":"https:\/\/habibimb.com\/en\/wp-json\/wp\/v2\/product_tag?post=3119"}],"curies":[{"name":"wp","href":"https:\/\/api.w.org\/{rel}","templated":true}]}}