{"id":3116,"date":"2025-06-23T15:44:09","date_gmt":"2025-06-23T15:44:09","guid":{"rendered":"https:\/\/habibimb.com\/?post_type=product&#038;p=3116"},"modified":"2026-03-12T05:28:10","modified_gmt":"2026-03-12T05:28:10","slug":"apa-de-parfum-spectre-french-avenue-barbati-80ml","status":"publish","type":"product","link":"https:\/\/habibimb.com\/en\/product\/apa-de-parfum-spectre-french-avenue-barbati-80ml\/","title":{"rendered":"Spectre, French Avenue, 80"},"content":{"rendered":"<h2>Dezv\u0103luie-\u021bi parfumul semn\u0103tur\u0103<\/h2>\n<p>V\u0103 prezent\u0103m <strong>Apa De Parfum Spectre, French Avenue, Barbati 80ml<\/strong>, un parfum rafinat care surprinde esen\u021ba elegan\u021bei \u0219i rafinamentului. Acest parfum este conceput pentru persoanele care caut\u0103 un parfum distinctiv care las\u0103 o impresie de durat\u0103. Cu amestecul s\u0103u atent lucrat de note, \u00eentruchipeaz\u0103 spiritul rafinamentului contemporan, cre\u00e2nd o aur\u0103 de \u00eencredere \u0219i alur\u0103.<\/p>\n<h2>Note captivante pentru o experien\u021b\u0103 unic\u0103<\/h2>\n<p><strong>Apa De Parfum Spectre<\/strong> se deschide cu note de v\u00e2rf str\u0103lucitoare \u0219i r\u0103coritoare care \u00ee\u021bi revigoreaz\u0103 sim\u021burile. Pe m\u0103sur\u0103 ce se a\u0219eaz\u0103, inima dezv\u0103luie un buchet floral, bogat \u00een profunzime \u0219i complexitate, oferind un echilibru perfect notelor de v\u00e2rf vii. \u00cen cele din urm\u0103, notele de baz\u0103 ancoreaz\u0103 parfumul cu nuan\u021be calde \u0219i p\u0103m\u00e2ntii, asigur\u00e2nd o experien\u021b\u0103 captivant\u0103 de la \u00eenceput p\u00e2n\u0103 la sf\u00e2r\u0219it. Acest amestec armonios \u00eel face potrivit pentru orice ocazie, indiferent dac\u0103 sunte\u021bi la birou sau \u00een ora\u0219.<\/p>\n<h2>Perfect ambalat pentru cadouri<\/h2>\n<p>Prezentat \u00eentr-o sticl\u0103 de 80 ml cu design elegant, <strong>Apa De Parfum Spectre, French Avenue, Barbati<\/strong> este perfect pentru a fi d\u0103ruit sau ad\u0103ugat la colec\u021bia personal\u0103. Ambalajul s\u0103u luxos reflect\u0103 calitatea parfumului din interior, f\u0103c\u00e2ndu-l un cadou ideal pentru prieteni sau cei dragi care apreciaz\u0103 parfumurile fine. R\u0103sf\u0103\u021ba\u021bi-v\u0103 pe dumneavoastr\u0103 sau pe cineva special cu acest parfum \u00eenc\u00e2nt\u0103tor care promite s\u0103 \u00eembun\u0103t\u0103\u021beasc\u0103 orice garderob\u0103 de parfumuri.<\/p>","protected":false},"excerpt":{"rendered":"<p>Dezv\u0103luie-\u021bi parfumul semn\u0103tur\u0103 V\u0103 prezent\u0103m Apa De Parfum Spectre, French Avenue, Barbati 80ml, un parfum rafinat care surprinde esen\u021ba elegan\u021bei \u0219i rafinamentului. Acest parfum este conceput pentru persoanele care caut\u0103 un parfum distinctiv care las\u0103 o impresie de durat\u0103. Cu amestecul s\u0103u atent lucrat de note, \u00eentruchipeaz\u0103 spiritul rafinamentului contemporan, cre\u00e2nd o aur\u0103 de \u00eencredere [&hellip;]<\/p>","protected":false},"featured_media":3117,"comment_status":"open","ping_status":"closed","template":"","meta":{"om_disable_all_campaigns":false,"_monsterinsights_skip_tracking":false,"_monsterinsights_sitenote_active":false,"_monsterinsights_sitenote_note":"","_monsterinsights_sitenote_category":0},"product_brand":[103],"product_cat":[55],"product_tag":[],"class_list":{"0":"post-3116","1":"product","2":"type-product","3":"status-publish","4":"has-post-thumbnail","6":"product_brand-french-avenue","7":"product_cat-pentru-el","9":"first","10":"instock","11":"sale","12":"shipping-taxable","13":"purchasable","14":"product-type-simple"},"aioseo_notices":[],"ct_brands":[{"id":103,"name":"French Avenue","slug":"french-avenue"}],"_links":{"self":[{"href":"https:\/\/habibimb.com\/en\/wp-json\/wp\/v2\/product\/3116","targetHints":{"allow":["GET"]}}],"collection":[{"href":"https:\/\/habibimb.com\/en\/wp-json\/wp\/v2\/product"}],"about":[{"href":"https:\/\/habibimb.com\/en\/wp-json\/wp\/v2\/types\/product"}],"replies":[{"embeddable":true,"href":"https:\/\/habibimb.com\/en\/wp-json\/wp\/v2\/comments?post=3116"}],"wp:featuredmedia":[{"embeddable":true,"href":"https:\/\/habibimb.com\/en\/wp-json\/wp\/v2\/media\/3117"}],"wp:attachment":[{"href":"https:\/\/habibimb.com\/en\/wp-json\/wp\/v2\/media?parent=3116"}],"wp:term":[{"taxonomy":"product_brand","embeddable":true,"href":"https:\/\/habibimb.com\/en\/wp-json\/wp\/v2\/product_brand?post=3116"},{"taxonomy":"product_cat","embeddable":true,"href":"https:\/\/habibimb.com\/en\/wp-json\/wp\/v2\/product_cat?post=3116"},{"taxonomy":"product_tag","embeddable":true,"href":"https:\/\/habibimb.com\/en\/wp-json\/wp\/v2\/product_tag?post=3116"}],"curies":[{"name":"wp","href":"https:\/\/api.w.org\/{rel}","templated":true}]}}