{"id":3113,"date":"2025-06-23T15:37:48","date_gmt":"2025-06-23T15:37:48","guid":{"rendered":"https:\/\/habibimb.com\/?post_type=product&#038;p=3113"},"modified":"2025-06-23T15:35:42","modified_gmt":"2025-06-23T15:35:42","slug":"apa-de-parfum-afrah-bonbon-fariis-femei-100ml","status":"publish","type":"product","link":"https:\/\/habibimb.com\/en\/product\/apa-de-parfum-afrah-bonbon-fariis-femei-100ml\/","title":{"rendered":"Afrah BonBon, Fariis"},"content":{"rendered":"<h2>Descoper\u0103 parfumul atr\u0103g\u0103tor<\/h2>\n<p>R\u0103sf\u0103\u021ba\u021bi-v\u0103 sim\u021burile cu aroma captivant\u0103 a Apa De Parfum Afrah BonBon, Fariis, special conceput\u0103 pentru femei. Acest parfum rafinat \u00eencapsuleaz\u0103 feminitatea, elegan\u021ba \u0219i farmecul \u00eentr-o sticl\u0103 de 100 ml frumos proiectat\u0103, f\u0103c\u00e2ndu-l un \u00eenso\u021bitor ideal pentru orice ocazie. Indiferent dac\u0103 v\u0103 \u00eendrepta\u021bi spre un eveniment formal sau v\u0103 bucura\u021bi de o ie\u0219ire casual, l\u0103sa\u021bi acest parfum s\u0103 v\u0103 \u00eenv\u0103luie \u00eentr-o \u00eembr\u0103\u021bi\u0219are floral\u0103 care eman\u0103 \u00eencredere \u0219i gra\u021bie.<\/p>\n<h2>Un amestec perfect de note<\/h2>\n<p>Apa De Parfum Afrah BonBon prezint\u0103 o combina\u021bie sofisticat\u0103 de note de v\u00e2rf, mijloc \u0219i de baz\u0103 care creeaz\u0103 un profil olfactiv armonios. Parfumul se deschide cu note fructate r\u0103coritoare, care trec frumos \u00eentr-un buchet de note florale de mijloc, sporind rafinamentul delicat al parfumului. Pe m\u0103sur\u0103 ce parfumul progreseaz\u0103, o baz\u0103 cald\u0103 \u0219i senzual\u0103 persist\u0103 pe piele, l\u0103s\u00e2nd o impresie de durat\u0103. Acest parfum de semn\u0103tur\u0103 nu este doar un parfum; este o expresie a individualit\u0103\u021bii tale.<\/p>\n<h2>De ce s\u0103 alegi Afrah BonBon?<\/h2>\n<p>Acest parfum \u00eenc\u00e2nt\u0103tor se remarc\u0103 printre concuren\u021bii s\u0103i datorit\u0103 longevit\u0103\u021bii \u0219i silajului s\u0103u remarcabil. C\u00e2teva spray-uri de Afrah BonBon v\u0103 vor purta pe tot parcursul zilei, asigur\u00e2ndu-v\u0103 \u00een acela\u0219i timp c\u0103 mirosi\u021bi \u00eenc\u00e2nt\u0103tor \u00een orice moment. Este perfect pentru a v\u0103 \u00eembr\u0103ca cu stilul personal, indiferent dac\u0103 v\u0103 \u00eembr\u0103ca\u021bi pentru o noapte \u00een ora\u0219 sau v\u0103 bucura\u021bi de o sear\u0103 confortabil\u0103 acas\u0103. \u00cen plus, sticla de 100 ml ofer\u0103 un produs amplu pentru a v\u0103 asigura c\u0103 v\u0103 pute\u021bi r\u0103sf\u0103\u021ba cu parfumul preferat din nou \u0219i din nou.<\/p>\n<p>Afrah BonBon este mai mult dec\u00e2t un simplu parfum; este o s\u0103rb\u0103toare a feminit\u0103\u021bii \u0219i a \u00eencrederii. \u00cembr\u0103\u021bi\u0219eaz\u0103 acest parfum ca parte a ritualului t\u0103u zilnic \u0219i permite-i s\u0103-\u021bi sporeasc\u0103 frumuse\u021bea natural\u0103. Cu caracterul s\u0103u unic \u0219i prezen\u021ba atr\u0103g\u0103toare, Apa De Parfum Afrah BonBon este un plus indispensabil pentru colec\u021bia ta de parfumuri.<\/p>","protected":false},"excerpt":{"rendered":"<p>Inspirat din Yara Candy Lattafa<\/p>","protected":false},"featured_media":3114,"comment_status":"open","ping_status":"closed","template":"","meta":{"om_disable_all_campaigns":false,"_monsterinsights_skip_tracking":false,"_monsterinsights_sitenote_active":false,"_monsterinsights_sitenote_note":"","_monsterinsights_sitenote_category":0},"product_brand":[102],"product_cat":[56],"product_tag":[],"class_list":{"0":"post-3113","1":"product","2":"type-product","3":"status-publish","4":"has-post-thumbnail","6":"product_brand-fariis","7":"product_cat-pentru-ea","9":"first","10":"instock","11":"shipping-taxable","12":"purchasable","13":"product-type-simple"},"aioseo_notices":[],"ct_brands":[{"id":102,"name":"Fariis","slug":"fariis"}],"_links":{"self":[{"href":"https:\/\/habibimb.com\/en\/wp-json\/wp\/v2\/product\/3113","targetHints":{"allow":["GET"]}}],"collection":[{"href":"https:\/\/habibimb.com\/en\/wp-json\/wp\/v2\/product"}],"about":[{"href":"https:\/\/habibimb.com\/en\/wp-json\/wp\/v2\/types\/product"}],"replies":[{"embeddable":true,"href":"https:\/\/habibimb.com\/en\/wp-json\/wp\/v2\/comments?post=3113"}],"wp:featuredmedia":[{"embeddable":true,"href":"https:\/\/habibimb.com\/en\/wp-json\/wp\/v2\/media\/3114"}],"wp:attachment":[{"href":"https:\/\/habibimb.com\/en\/wp-json\/wp\/v2\/media?parent=3113"}],"wp:term":[{"taxonomy":"product_brand","embeddable":true,"href":"https:\/\/habibimb.com\/en\/wp-json\/wp\/v2\/product_brand?post=3113"},{"taxonomy":"product_cat","embeddable":true,"href":"https:\/\/habibimb.com\/en\/wp-json\/wp\/v2\/product_cat?post=3113"},{"taxonomy":"product_tag","embeddable":true,"href":"https:\/\/habibimb.com\/en\/wp-json\/wp\/v2\/product_tag?post=3113"}],"curies":[{"name":"wp","href":"https:\/\/api.w.org\/{rel}","templated":true}]}}