{"id":3110,"date":"2025-06-23T15:32:19","date_gmt":"2025-06-23T15:32:19","guid":{"rendered":"https:\/\/habibimb.com\/?post_type=product&#038;p=3110"},"modified":"2025-06-23T15:30:44","modified_gmt":"2025-06-23T15:30:44","slug":"apa-de-parfum-sama-nusuk-unisex-100ml","status":"publish","type":"product","link":"https:\/\/habibimb.com\/en\/product\/apa-de-parfum-sama-nusuk-unisex-100ml\/","title":{"rendered":"Sama, Nusuk"},"content":{"rendered":"<h2>\u00cembr\u0103\u021bi\u0219eaz\u0103 elegan\u021ba cu Apa De Parfum Sama<\/h2>\n<p>Descoper\u0103 farmecul Apa De Parfum Sama, un parfum unisex rafinat creat pentru a \u00eencapsula esen\u021ba rafinamentului \u0219i farmecului. Aceast\u0103 sticl\u0103 de 100 ml este \u00eenso\u021bitorul perfect pentru cei care caut\u0103 s\u0103-\u0219i exprime personalitatea unic\u0103 prin parfum. Indiferent dac\u0103 v\u0103 \u00eendrepta\u021bi spre un eveniment formal, o ie\u0219ire casual sau pur \u0219i simplu v\u0103 r\u0103sf\u0103\u021ba\u021bi cu \u00eengrijirea de sine, acest parfum promite s\u0103 v\u0103 ridice prezen\u021ba \u0219i \u00eencrederea.<\/p>\n<h2>Un amestec armonios de note<\/h2>\n<p>Apa De Parfum Sama dezv\u0103luie o compozi\u021bie frumos echilibrat\u0103, care \u00eembin\u0103 perfect diverse elemente aromatice. Notele de v\u00e2rf ofer\u0103 o explozie revigorant\u0103, \u00een timp ce notele de mijloc dezv\u0103luie o esen\u021b\u0103 floral\u0103 captivant\u0103. \u00cen cele din urm\u0103, notele de baz\u0103 se instaleaz\u0103 \u00eentr-o arom\u0103 cald\u0103 \u0219i \u00eembietoare care persist\u0103 pe tot parcursul zilei. Acest amestec armonios \u00eel face potrivit pentru orice gen, permi\u021b\u00e2nd tuturor s\u0103 se delecteze cu rafinamentul s\u0103u \u00eenc\u00e2nt\u0103tor.<\/p>\n<h2>Cadoul ideal pentru cei dragi<\/h2>\n<p>Cau\u021bi un cadou atent? Apa De Parfum Sama este o alegere versatil\u0103 care cu siguran\u021b\u0103 va \u00eenc\u00e2nta pe oricine \u00eel prime\u0219te. Ambalajul s\u0103u elegant \u0219i parfumul universal atr\u0103g\u0103tor \u00eel fac un cadou perfect pentru zile de na\u0219tere, anivers\u0103ri sau pur \u0219i simplu pentru a ar\u0103ta cuiva c\u0103 \u00ee\u021bi pas\u0103. Cu acest parfum, ofer\u0103-le celor dragi \u0219ansa de a se r\u0103sf\u0103\u021ba cu o experien\u021b\u0103 senzorial\u0103 care transcende obi\u0219nuitul.<\/p>\n<p>\u00centr-o lume \u00een care exprimarea personal\u0103 este primordial\u0103, Apa De Parfum Sama permite fiec\u0103rui individ s\u0103-\u0219i prezinte frumuse\u021bea interioar\u0103 printr-o c\u0103l\u0103torie olfactiv\u0103 captivant\u0103. Scufunda\u021bi-v\u0103 \u00een aceast\u0103 experien\u021b\u0103 unic\u0103 de parfum care promite s\u0103 lase o impresie de durat\u0103.<\/p>","protected":false},"excerpt":{"rendered":"<p>\u00cembr\u0103\u021bi\u0219eaz\u0103 elegan\u021ba cu Apa De Parfum Sama Descoper\u0103 farmecul Apa De Parfum Sama, un parfum unisex rafinat creat pentru a \u00eencapsula esen\u021ba rafinamentului \u0219i farmecului. Aceast\u0103 sticl\u0103 de 100 ml este \u00eenso\u021bitorul perfect pentru cei care caut\u0103 s\u0103-\u0219i exprime personalitatea unic\u0103 prin parfum. Indiferent dac\u0103 v\u0103 \u00eendrepta\u021bi spre un eveniment formal, o ie\u0219ire casual sau [&hellip;]<\/p>","protected":false},"featured_media":3111,"comment_status":"open","ping_status":"closed","template":"","meta":{"om_disable_all_campaigns":false,"_monsterinsights_skip_tracking":false,"_monsterinsights_sitenote_active":false,"_monsterinsights_sitenote_note":"","_monsterinsights_sitenote_category":0},"product_brand":[77],"product_cat":[57],"product_tag":[],"class_list":{"0":"post-3110","1":"product","2":"type-product","3":"status-publish","4":"has-post-thumbnail","6":"product_brand-nusuk","7":"product_cat-unisex","9":"first","10":"instock","11":"shipping-taxable","12":"purchasable","13":"product-type-simple"},"aioseo_notices":[],"ct_brands":[{"id":77,"name":"Nusuk","slug":"nusuk"}],"_links":{"self":[{"href":"https:\/\/habibimb.com\/en\/wp-json\/wp\/v2\/product\/3110","targetHints":{"allow":["GET"]}}],"collection":[{"href":"https:\/\/habibimb.com\/en\/wp-json\/wp\/v2\/product"}],"about":[{"href":"https:\/\/habibimb.com\/en\/wp-json\/wp\/v2\/types\/product"}],"replies":[{"embeddable":true,"href":"https:\/\/habibimb.com\/en\/wp-json\/wp\/v2\/comments?post=3110"}],"wp:featuredmedia":[{"embeddable":true,"href":"https:\/\/habibimb.com\/en\/wp-json\/wp\/v2\/media\/3111"}],"wp:attachment":[{"href":"https:\/\/habibimb.com\/en\/wp-json\/wp\/v2\/media?parent=3110"}],"wp:term":[{"taxonomy":"product_brand","embeddable":true,"href":"https:\/\/habibimb.com\/en\/wp-json\/wp\/v2\/product_brand?post=3110"},{"taxonomy":"product_cat","embeddable":true,"href":"https:\/\/habibimb.com\/en\/wp-json\/wp\/v2\/product_cat?post=3110"},{"taxonomy":"product_tag","embeddable":true,"href":"https:\/\/habibimb.com\/en\/wp-json\/wp\/v2\/product_tag?post=3110"}],"curies":[{"name":"wp","href":"https:\/\/api.w.org\/{rel}","templated":true}]}}