{"id":3107,"date":"2025-06-23T15:28:57","date_gmt":"2025-06-23T15:28:57","guid":{"rendered":"https:\/\/habibimb.com\/?post_type=product&#038;p=3107"},"modified":"2025-10-30T08:28:54","modified_gmt":"2025-10-30T08:28:54","slug":"apa-de-parfum-exclusive-prive-mystique-noir-riiffs-unisex-100ml","status":"publish","type":"product","link":"https:\/\/habibimb.com\/en\/product\/apa-de-parfum-exclusive-prive-mystique-noir-riiffs-unisex-100ml\/","title":{"rendered":"Exclusive Prive Mystique Noir, Riiffs"},"content":{"rendered":"<h2>Descoperi\u021bi farmecul Mystique Noir<\/h2>\n<p>P\u0103\u0219i\u021bi \u00eentr-o lume a rafinamentului \u0219i a \u00eenc\u00e2nt\u0103rii cu <strong>Apa De Parfum Exclusive Prive Mystique Noir<\/strong> de la Riiffs. Acest parfum unisex rafinat este conceput pentru cei care caut\u0103 un parfum care \u00eentruchipeaz\u0103 elegan\u021ba \u0219i misterul. Cu notele sale captivante, creeaz\u0103 o aur\u0103 de neuitat care persist\u0103 pe tot parcursul zilei.<\/p>\n<h2>Un amestec unic pentru fiecare ocazie<\/h2>\n<p>Exclusiv Prive Mystique Noir este un amestec magistral de elemente aromatice care se adreseaz\u0103 at\u00e2t b\u0103rba\u021bilor, c\u00e2t \u0219i femeilor. Compozi\u021bia sa prezint\u0103 note de v\u00e2rf care capteaz\u0103 imediat sim\u021burile cu prospe\u021bimea lor, tranzi\u021bion\u00e2nd lin \u00eentr-o inim\u0103 care dezv\u0103luie o profunzime a complexit\u0103\u021bii. \u00cen cele din urm\u0103, notele de baz\u0103 rezoneaz\u0103 cu c\u0103ldur\u0103 \u0219i senzualitate, f\u0103c\u00e2nd acest parfum ideal pentru orice ocazie &#8211; fie c\u0103 este vorba de o sear\u0103 intim\u0103 sau de un eveniment vibrant \u00een timpul zilei.<\/p>\n<h2>Cadoul perfect pentru iubitorii de parfumuri<\/h2>\n<p>Cau\u021bi un cadou remarcabil? Apa De Parfum Exclusive Prive Mystique Noir vine \u00eentr-o sticl\u0103 uimitoare de 100 ml, care nu numai c\u0103 arat\u0103 rafinat pe orice vanitate, dar este \u0219i un cadou perfect pentru prietenii sau cei dragi care apreciaz\u0103 lucrurile mai bune din via\u021b\u0103. Acest parfum \u00eentruchipeaz\u0103 luxul, f\u0103c\u00e2ndu-l un plus atemporal pentru orice colec\u021bie de parfumuri.<\/p>\n<p>R\u0103sf\u0103\u021ba\u021bi-v\u0103 cu lumea \u00eenc\u00e2nt\u0103toare a <strong>Apa De Parfum Exclusive Prive Mystique Noir<\/strong> \u0219i l\u0103sa\u021bi parfumul s\u0103u bogat \u0219i captivant s\u0103 devin\u0103 o parte din aroma dvs. Ridica\u021bi-v\u0103 jocul de parfumuri ast\u0103zi \u0219i \u00eembr\u0103\u021bi\u0219a\u021bi elegan\u021ba complexit\u0103\u021bii pe care o ofer\u0103 acest parfum.<\/p>","protected":false},"excerpt":{"rendered":"<p>Descoperi\u021bi farmecul Mystique Noir P\u0103\u0219i\u021bi \u00eentr-o lume a rafinamentului \u0219i a \u00eenc\u00e2nt\u0103rii cu Apa De Parfum Exclusive Prive Mystique Noir de la Riiffs. Acest parfum unisex rafinat este conceput pentru cei care caut\u0103 un parfum care \u00eentruchipeaz\u0103 elegan\u021ba \u0219i misterul. Cu notele sale captivante, creeaz\u0103 o aur\u0103 de neuitat care persist\u0103 pe tot parcursul zilei. [&hellip;]<\/p>","protected":false},"featured_media":3108,"comment_status":"open","ping_status":"closed","template":"","meta":{"om_disable_all_campaigns":false,"_monsterinsights_skip_tracking":false,"_monsterinsights_sitenote_active":false,"_monsterinsights_sitenote_note":"","_monsterinsights_sitenote_category":0},"product_brand":[73],"product_cat":[57],"product_tag":[],"class_list":{"0":"post-3107","1":"product","2":"type-product","3":"status-publish","4":"has-post-thumbnail","6":"product_brand-riiffs","7":"product_cat-unisex","9":"first","10":"instock","11":"sale","12":"shipping-taxable","13":"purchasable","14":"product-type-simple"},"aioseo_notices":[],"ct_brands":[{"id":73,"name":"Riiffs","slug":"riiffs"}],"_links":{"self":[{"href":"https:\/\/habibimb.com\/en\/wp-json\/wp\/v2\/product\/3107","targetHints":{"allow":["GET"]}}],"collection":[{"href":"https:\/\/habibimb.com\/en\/wp-json\/wp\/v2\/product"}],"about":[{"href":"https:\/\/habibimb.com\/en\/wp-json\/wp\/v2\/types\/product"}],"replies":[{"embeddable":true,"href":"https:\/\/habibimb.com\/en\/wp-json\/wp\/v2\/comments?post=3107"}],"wp:featuredmedia":[{"embeddable":true,"href":"https:\/\/habibimb.com\/en\/wp-json\/wp\/v2\/media\/3108"}],"wp:attachment":[{"href":"https:\/\/habibimb.com\/en\/wp-json\/wp\/v2\/media?parent=3107"}],"wp:term":[{"taxonomy":"product_brand","embeddable":true,"href":"https:\/\/habibimb.com\/en\/wp-json\/wp\/v2\/product_brand?post=3107"},{"taxonomy":"product_cat","embeddable":true,"href":"https:\/\/habibimb.com\/en\/wp-json\/wp\/v2\/product_cat?post=3107"},{"taxonomy":"product_tag","embeddable":true,"href":"https:\/\/habibimb.com\/en\/wp-json\/wp\/v2\/product_tag?post=3107"}],"curies":[{"name":"wp","href":"https:\/\/api.w.org\/{rel}","templated":true}]}}