{"id":3104,"date":"2025-06-23T15:25:14","date_gmt":"2025-06-23T15:25:14","guid":{"rendered":"https:\/\/habibimb.com\/?post_type=product&#038;p=3104"},"modified":"2025-06-23T15:24:12","modified_gmt":"2025-06-23T15:24:12","slug":"apa-de-parfum-fleurie-violette-riiffs-femei-100ml","status":"publish","type":"product","link":"https:\/\/habibimb.com\/en\/product\/apa-de-parfum-fleurie-violette-riiffs-femei-100ml\/","title":{"rendered":"Fleurie Violette, Riiffs"},"content":{"rendered":"<h2>Dezv\u0103luirea elegan\u021bei cu Fleurie Violette<\/h2>\n<p>Descoperi\u021bi farmecul \u00eenc\u00e2nt\u0103tor al Apa De Parfum Fleurie Violette de la Riiffs, un parfum conceput pentru femeile care apreciaz\u0103 elegan\u021ba \u0219i rafinamentul atemporal. Acest parfum rafinat \u00eembin\u0103 note florale \u0219i fructate, promi\u021b\u00e2nd s\u0103-\u021bi ridice sim\u021burile cu fiecare pulverizare. Fie c\u0103 este vorba de o \u00eent\u00e2lnire intim\u0103 sau de o ocazie grandioas\u0103, Fleurie Violette adaug\u0103 un aer de mister \u0219i gra\u021bie care este pur \u0219i simplu irezistibil.<\/p>\n<h2>Profilul parfumului<\/h2>\n<p>\u00cen inima Fleurie Violette se afl\u0103 o fuziune armonioas\u0103 de flori de violet\u0103 \u0219i ingrediente florale proaspete, realizate delicat pentru a evoca un sentiment de senin\u0103tate \u0219i farmec. Notele de v\u00e2rf prezint\u0103 note vibrante de bergamot\u0103 delicioas\u0103 \u0219i pere suculente, care se transform\u0103 perfect \u00eentr-un buchet cald de violete \u00eenflorite \u0219i iasomie. Pe m\u0103sur\u0103 ce parfumul se dezvolt\u0103, dezv\u0103luie o baz\u0103 subtil\u0103 de mosc moale \u0219i lemn de santal cremos, oferind o elegan\u021b\u0103 de durat\u0103 care persist\u0103 pe tot parcursul zilei.<\/p>\n<h2>Perfect pentru orice ocazie<\/h2>\n<p>Fie c\u0103 te \u00eendrep\u021bi spre un eveniment formal, o cin\u0103 romantic\u0103 sau pur \u0219i simplu vrei s\u0103 te sim\u021bi cel mai bine \u00een timpul unei ie\u0219iri casual, Apa De Parfum Fleurie Violette este \u00eenso\u021bitorul ideal. Aroma sa captivant\u0103 este perfect\u0103 pentru orice anotimp, adapt\u00e2ndu-se f\u0103r\u0103 efort stilului \u0219i personalit\u0103\u021bii tale unice. \u00cembr\u0103\u021bi\u0219eaz\u0103 \u00eencrederea care vine odat\u0103 cu purtarea unui parfum care este at\u00e2t captivant, c\u00e2t \u0219i memorabil, f\u0103c\u00e2nd fiecare moment pe care \u00eel \u00eemp\u0103rt\u0103\u0219e\u0219ti de neuitat.<\/p>\n<p>Experimenta\u021bi farmecul rafinat al Apa De Parfum Fleurie Violette, Riiffs, \u0219i l\u0103sa\u021bi-v\u0103 \u00eenv\u0103luit de rafinament \u0219i alur\u0103. Perfect ambalat \u00eentr-o sticl\u0103 elegant\u0103 de 100 ml, acest parfum nu este doar un parfum, ci o expresie a esen\u021bei tale. Descoper\u0103 frumuse\u021bea feminit\u0103\u021bii atemporale cu fiecare aplica\u021bie \u0219i f\u0103 o impresie de durat\u0103 oriunde te-ai duce.<\/p>","protected":false},"excerpt":{"rendered":"<p>Dezv\u0103luirea elegan\u021bei cu Fleurie Violette Descoperi\u021bi farmecul \u00eenc\u00e2nt\u0103tor al Apa De Parfum Fleurie Violette de la Riiffs, un parfum conceput pentru femeile care apreciaz\u0103 elegan\u021ba \u0219i rafinamentul atemporal. Acest parfum rafinat \u00eembin\u0103 note florale \u0219i fructate, promi\u021b\u00e2nd s\u0103-\u021bi ridice sim\u021burile cu fiecare pulverizare. Fie c\u0103 este vorba de o \u00eent\u00e2lnire intim\u0103 sau de o ocazie [&hellip;]<\/p>","protected":false},"featured_media":3105,"comment_status":"open","ping_status":"closed","template":"","meta":{"om_disable_all_campaigns":false,"_monsterinsights_skip_tracking":false,"_monsterinsights_sitenote_active":false,"_monsterinsights_sitenote_note":"","_monsterinsights_sitenote_category":0},"product_brand":[73],"product_cat":[56],"product_tag":[],"class_list":{"0":"post-3104","1":"product","2":"type-product","3":"status-publish","4":"has-post-thumbnail","6":"product_brand-riiffs","7":"product_cat-pentru-ea","9":"first","10":"instock","11":"shipping-taxable","12":"purchasable","13":"product-type-simple"},"aioseo_notices":[],"ct_brands":[{"id":73,"name":"Riiffs","slug":"riiffs"}],"_links":{"self":[{"href":"https:\/\/habibimb.com\/en\/wp-json\/wp\/v2\/product\/3104","targetHints":{"allow":["GET"]}}],"collection":[{"href":"https:\/\/habibimb.com\/en\/wp-json\/wp\/v2\/product"}],"about":[{"href":"https:\/\/habibimb.com\/en\/wp-json\/wp\/v2\/types\/product"}],"replies":[{"embeddable":true,"href":"https:\/\/habibimb.com\/en\/wp-json\/wp\/v2\/comments?post=3104"}],"wp:featuredmedia":[{"embeddable":true,"href":"https:\/\/habibimb.com\/en\/wp-json\/wp\/v2\/media\/3105"}],"wp:attachment":[{"href":"https:\/\/habibimb.com\/en\/wp-json\/wp\/v2\/media?parent=3104"}],"wp:term":[{"taxonomy":"product_brand","embeddable":true,"href":"https:\/\/habibimb.com\/en\/wp-json\/wp\/v2\/product_brand?post=3104"},{"taxonomy":"product_cat","embeddable":true,"href":"https:\/\/habibimb.com\/en\/wp-json\/wp\/v2\/product_cat?post=3104"},{"taxonomy":"product_tag","embeddable":true,"href":"https:\/\/habibimb.com\/en\/wp-json\/wp\/v2\/product_tag?post=3104"}],"curies":[{"name":"wp","href":"https:\/\/api.w.org\/{rel}","templated":true}]}}