{"id":3101,"date":"2025-06-23T15:20:20","date_gmt":"2025-06-23T15:20:20","guid":{"rendered":"https:\/\/habibimb.com\/?post_type=product&#038;p=3101"},"modified":"2025-12-30T05:39:23","modified_gmt":"2025-12-30T05:39:23","slug":"apa-de-parfum-fleurie-emerald-riiffs-femei-100ml","status":"publish","type":"product","link":"https:\/\/habibimb.com\/en\/product\/apa-de-parfum-fleurie-emerald-riiffs-femei-100ml\/","title":{"rendered":"Fleurie Emerald, Riiffs"},"content":{"rendered":"<h2>Experimenta\u021bi aroma atr\u0103g\u0103toare<\/h2>\n<p>P\u0103\u0219i\u021bi \u00eentr-o lume a rafinamentului cu Apa De Parfum Fleurie Emerald de la Riiffs. Acest parfum rafinat este conceput pentru femeia modern\u0103 care \u00eentruchipeaz\u0103 at\u00e2t for\u021ba, c\u00e2t \u0219i elegan\u021ba. Cu notele sale captivante, acest parfum nu numai c\u0103 \u00ee\u021bi spore\u0219te alura natural\u0103, dar face \u0219i o declara\u021bie oriunde mergi. Las\u0103 parfumul \u00eenc\u00e2nt\u0103tor s\u0103 te transporte \u00eentr-o gr\u0103din\u0103 \u00eenflorit\u0103, surprinz\u00e2nd esen\u021ba feminit\u0103\u021bii \u0219i a gra\u021biei.<\/p>\n<h2>O simfonie de note florale \u0219i p\u0103m\u00e2ntii<\/h2>\n<p>Parfumul se deschide cu o explozie vibrant\u0103 de flori proaspete, invit\u00e2ndu-v\u0103 \u00eentr-o simfonie de note care \u00eentruchipeaz\u0103 at\u00e2t c\u0103ldura, c\u00e2t \u0219i prospe\u021bimea. Inima dezv\u0103luie nuan\u021be florale bogate, armoniz\u00e2ndu-se frumos cu note subtile de p\u0103m\u00e2nt care \u00eemp\u0103m\u00e2nteaz\u0103 mirosul. Pe m\u0103sur\u0103 ce parfumul se a\u0219eaz\u0103, notele de baz\u0103 ofer\u0103 o impresie de durat\u0103 cu o not\u0103 de c\u0103ldur\u0103, asigur\u00e2ndu-v\u0103 c\u0103 purta\u021bi esen\u021ba \u00eenc\u00e2nt\u0103toare pe tot parcursul zilei. Amestecul atent organizat \u00eel face perfect pentru orice ocazie, fie c\u0103 este vorba de o zi la birou sau de o sear\u0103 romantic\u0103.<\/p>\n<h2>Design luxos al sticlei de 100 ml<\/h2>\n<p>Prezentat \u00eentr-o sticl\u0103 de 100 ml frumos realizat\u0103, Apa De Parfum Fleurie Emerald este at\u00e2t o s\u0103rb\u0103toare pentru ochi, c\u00e2t \u0219i pentru sim\u021buri. Designul elegant reflect\u0103 natura premium a parfumului din interior, f\u0103c\u00e2ndu-l un plus minunat pentru toaleta ta sau un cadou atent pentru cineva special. Sticla robust\u0103, dar sofisticat\u0103, este conceput\u0103 pentru o utilizare convenabil\u0103, permi\u021b\u00e2ndu-v\u0103 s\u0103 v\u0103 bucura\u021bi de parfumul preferat f\u0103r\u0103 compromisuri.<\/p>\n<p>R\u0103sf\u0103\u021ba\u021bi-v\u0103 cu lumea \u00eenc\u00e2nt\u0103toare a Riiffs cu Apa De Parfum Fleurie Emerald, unde fiecare spritz este o s\u0103rb\u0103toare a feminit\u0103\u021bii \u0219i rafinamentului. Ideal pentru purtarea zilnic\u0103 sau pentru ocazii speciale, acest parfum va deveni cu siguran\u021b\u0103 un element de baz\u0103 pre\u021buit \u00een colec\u021bia ta de parfumuri.<\/p>","protected":false},"excerpt":{"rendered":"<p>Experimenta\u021bi aroma atr\u0103g\u0103toare P\u0103\u0219i\u021bi \u00eentr-o lume a rafinamentului cu Apa De Parfum Fleurie Emerald de la Riiffs. Acest parfum rafinat este conceput pentru femeia modern\u0103 care \u00eentruchipeaz\u0103 at\u00e2t for\u021ba, c\u00e2t \u0219i elegan\u021ba. Cu notele sale captivante, acest parfum nu numai c\u0103 \u00ee\u021bi spore\u0219te alura natural\u0103, dar face \u0219i o declara\u021bie oriunde mergi. Las\u0103 parfumul \u00eenc\u00e2nt\u0103tor [&hellip;]<\/p>","protected":false},"featured_media":3102,"comment_status":"open","ping_status":"closed","template":"","meta":{"om_disable_all_campaigns":false,"_monsterinsights_skip_tracking":false,"_monsterinsights_sitenote_active":false,"_monsterinsights_sitenote_note":"","_monsterinsights_sitenote_category":0},"product_brand":[73],"product_cat":[56],"product_tag":[],"class_list":{"0":"post-3101","1":"product","2":"type-product","3":"status-publish","4":"has-post-thumbnail","6":"product_brand-riiffs","7":"product_cat-pentru-ea","9":"first","10":"instock","11":"shipping-taxable","12":"purchasable","13":"product-type-simple"},"aioseo_notices":[],"ct_brands":[{"id":73,"name":"Riiffs","slug":"riiffs"}],"_links":{"self":[{"href":"https:\/\/habibimb.com\/en\/wp-json\/wp\/v2\/product\/3101","targetHints":{"allow":["GET"]}}],"collection":[{"href":"https:\/\/habibimb.com\/en\/wp-json\/wp\/v2\/product"}],"about":[{"href":"https:\/\/habibimb.com\/en\/wp-json\/wp\/v2\/types\/product"}],"replies":[{"embeddable":true,"href":"https:\/\/habibimb.com\/en\/wp-json\/wp\/v2\/comments?post=3101"}],"wp:featuredmedia":[{"embeddable":true,"href":"https:\/\/habibimb.com\/en\/wp-json\/wp\/v2\/media\/3102"}],"wp:attachment":[{"href":"https:\/\/habibimb.com\/en\/wp-json\/wp\/v2\/media?parent=3101"}],"wp:term":[{"taxonomy":"product_brand","embeddable":true,"href":"https:\/\/habibimb.com\/en\/wp-json\/wp\/v2\/product_brand?post=3101"},{"taxonomy":"product_cat","embeddable":true,"href":"https:\/\/habibimb.com\/en\/wp-json\/wp\/v2\/product_cat?post=3101"},{"taxonomy":"product_tag","embeddable":true,"href":"https:\/\/habibimb.com\/en\/wp-json\/wp\/v2\/product_tag?post=3101"}],"curies":[{"name":"wp","href":"https:\/\/api.w.org\/{rel}","templated":true}]}}