{"id":3098,"date":"2025-06-23T15:10:37","date_gmt":"2025-06-23T15:10:37","guid":{"rendered":"https:\/\/habibimb.com\/?post_type=product&#038;p=3098"},"modified":"2025-06-23T15:08:32","modified_gmt":"2025-06-23T15:08:32","slug":"apa-de-parfum-afrah-tropical-zest-fariis-unisex-100ml","status":"publish","type":"product","link":"https:\/\/habibimb.com\/en\/product\/apa-de-parfum-afrah-tropical-zest-fariis-unisex-100ml\/","title":{"rendered":"Afrah Tropical Zest, Fariis"},"content":{"rendered":"<h2>Descoperi\u021bi esen\u021ba fericirii tropicale<\/h2>\n<p>V\u0103 prezent\u0103m <strong>Apa De Parfum Afrah Tropical Zest<\/strong> de Fariis, un parfum captivant conceput pentru to\u021bi cei care caut\u0103 s\u0103 \u00eembr\u0103\u021bi\u0219eze esen\u021ba vibrant\u0103 a verii pe tot parcursul anului. Acest parfum unisex, prezentat \u00eentr-o sticl\u0103 generoas\u0103 de 100 ml, \u00eentruchipeaz\u0103 un amestec \u00eenc\u00e2nt\u0103tor de note fructate \u0219i florale, cre\u00e2nd un parfum revigorant care \u00eenal\u021b\u0103 \u0219i energizeaz\u0103. Indiferent dac\u0103 te \u00eendrep\u021bi spre un ora\u0219 plin de via\u021b\u0103 sau o plaj\u0103 lini\u0219tit\u0103, acest parfum este \u00eenso\u021bitorul t\u0103u perfect.<\/p>\n<h2>Un amestec unic pentru fiecare ocazie<\/h2>\n<p>\u00cen inima <strong>Apa De Parfum Afrah Tropical Zest<\/strong> se afl\u0103 o fuziune complicat\u0103 de note aromatice care te transport\u0103 \u00eentr-un paradis tropical. Compozi\u021bia se deschide cu citrice picante care \u00ee\u021bi trezesc imediat sim\u021burile. Pe m\u0103sur\u0103 ce parfumul se dezvolt\u0103, inima dezv\u0103luie accente florale luxuriante care se \u00eembin\u0103 frumos cu verdea\u021ba proasp\u0103t\u0103, oferindu-\u021bi senza\u021bia de a fi \u00eenconjurat de tot ce este mai bun din natur\u0103. Notele de baz\u0103 ofer\u0103 o \u00eembr\u0103\u021bi\u0219are cald\u0103 de dulcea\u021b\u0103 subtil\u0103, asigur\u00e2ndu-se c\u0103 parfumul persist\u0103 delicat pe piele, f\u0103c\u00e2ndu-l potrivit pentru orice ocazie, zi sau noapte.<\/p>\n<h2>De lung\u0103 durat\u0103 \u0219i versatil<\/h2>\n<p>Una dintre caracteristicile remarcabile ale <strong>Apa De Parfum Afrah Tropical Zest<\/strong> este formula sa de lung\u0103 durat\u0103. Doar c\u00e2teva pulveriz\u0103ri sunt tot ce ai nevoie pentru a te bucura de un parfum r\u0103coritor care poate dura toat\u0103 ziua ta plin\u0103. Profilul s\u0103u versatil \u00eel face ideal pentru munc\u0103, ie\u0219iri casual sau evenimente formale, oferind un sentiment de elegan\u021b\u0103 \u0219i prospe\u021bime oriunde te-ai duce. Echilibrul \u00eenc\u00e2nt\u0103tor de note asigur\u0103 c\u0103 acest parfum poate trece f\u0103r\u0103 probleme de la un parfum de zi la ceva mai \u00eenc\u00e2nt\u0103tor pentru sear\u0103.<\/p>\n<p>Experimenteaz\u0103 farmecul \u00eenc\u00e2nt\u0103tor al <strong>Apa De Parfum Afrah Tropical Zest<\/strong> \u0219i las\u0103-l s\u0103 fie o m\u0103rturie a personalit\u0103\u021bii tale vibrante. Perfect ca cadou sau r\u0103sf\u0103\u021b pentru tine, acest parfum este un must-have \u00een colec\u021bia ta. R\u0103sf\u0103\u021ba\u021bi-v\u0103 cu esen\u021ba tropicelor \u0219i ridica\u021bi-v\u0103 jocul de parfum cu Fariis ast\u0103zi!<\/p>","protected":false},"excerpt":{"rendered":"<p>Descoperi\u021bi esen\u021ba fericirii tropicale V\u0103 prezent\u0103m Apa De Parfum Afrah Tropical Zest de Fariis, un parfum captivant conceput pentru to\u021bi cei care caut\u0103 s\u0103 \u00eembr\u0103\u021bi\u0219eze esen\u021ba vibrant\u0103 a verii pe tot parcursul anului. Acest parfum unisex, prezentat \u00eentr-o sticl\u0103 generoas\u0103 de 100 ml, \u00eentruchipeaz\u0103 un amestec \u00eenc\u00e2nt\u0103tor de note fructate \u0219i florale, cre\u00e2nd un parfum [&hellip;]<\/p>","protected":false},"featured_media":3099,"comment_status":"open","ping_status":"closed","template":"","meta":{"om_disable_all_campaigns":false,"_monsterinsights_skip_tracking":false,"_monsterinsights_sitenote_active":false,"_monsterinsights_sitenote_note":"","_monsterinsights_sitenote_category":0},"product_brand":[102],"product_cat":[57],"product_tag":[],"class_list":{"0":"post-3098","1":"product","2":"type-product","3":"status-publish","4":"has-post-thumbnail","6":"product_brand-fariis","7":"product_cat-unisex","9":"first","10":"instock","11":"shipping-taxable","12":"purchasable","13":"product-type-simple"},"aioseo_notices":[],"ct_brands":[{"id":102,"name":"Fariis","slug":"fariis"}],"_links":{"self":[{"href":"https:\/\/habibimb.com\/en\/wp-json\/wp\/v2\/product\/3098","targetHints":{"allow":["GET"]}}],"collection":[{"href":"https:\/\/habibimb.com\/en\/wp-json\/wp\/v2\/product"}],"about":[{"href":"https:\/\/habibimb.com\/en\/wp-json\/wp\/v2\/types\/product"}],"replies":[{"embeddable":true,"href":"https:\/\/habibimb.com\/en\/wp-json\/wp\/v2\/comments?post=3098"}],"wp:featuredmedia":[{"embeddable":true,"href":"https:\/\/habibimb.com\/en\/wp-json\/wp\/v2\/media\/3099"}],"wp:attachment":[{"href":"https:\/\/habibimb.com\/en\/wp-json\/wp\/v2\/media?parent=3098"}],"wp:term":[{"taxonomy":"product_brand","embeddable":true,"href":"https:\/\/habibimb.com\/en\/wp-json\/wp\/v2\/product_brand?post=3098"},{"taxonomy":"product_cat","embeddable":true,"href":"https:\/\/habibimb.com\/en\/wp-json\/wp\/v2\/product_cat?post=3098"},{"taxonomy":"product_tag","embeddable":true,"href":"https:\/\/habibimb.com\/en\/wp-json\/wp\/v2\/product_tag?post=3098"}],"curies":[{"name":"wp","href":"https:\/\/api.w.org\/{rel}","templated":true}]}}