{"id":3095,"date":"2025-06-23T15:06:21","date_gmt":"2025-06-23T15:06:21","guid":{"rendered":"https:\/\/habibimb.com\/?post_type=product&#038;p=3095"},"modified":"2026-01-13T13:27:21","modified_gmt":"2026-01-13T13:27:21","slug":"extract-de-parfum-samah-onyx-riiffs-unisex-100ml","status":"publish","type":"product","link":"https:\/\/habibimb.com\/en\/product\/extract-de-parfum-samah-onyx-riiffs-unisex-100ml\/","title":{"rendered":"Samah Onyx, Riiffs"},"content":{"rendered":"<p>Descoper\u0103 alura \u00eemb\u0103t\u0103toare a <strong>Extract De Parfum Samah Onyx<\/strong> de la Riiffs, un parfum frumos realizat de 100 ml, conceput pentru cei care apreciaz\u0103 profunzimea \u0219i elegan\u021ba parfumului lor. Acest parfum unisex anun\u021b\u0103 o invita\u021bie de a explora at\u00e2t nuan\u021bele masculine, c\u00e2t \u0219i feminine ale parfumului, f\u0103c\u00e2ndu-l alegerea perfect\u0103 pentru toat\u0103 lumea.<\/p>\n<h2>Esen\u021ba rafinamentului<\/h2>\n<p>Samah Onyx surprinde esen\u021ba rafinamentului cu notele sale bogate, florale \u0219i lemnoase. Fiecare spritz dezv\u0103luie straturi complexe care se \u00eempletesc perfect, \u00eentruchip\u00e2nd ideea c\u0103 un parfum nu este doar purtat, ci experimentat. Fie c\u0103 te \u00eembraci pentru o ocazie special\u0103 sau cau\u021bi elegan\u021b\u0103 de zi cu zi, acest parfum se adapteaz\u0103 tuturor momentelor, asigur\u00e2ndu-te c\u0103 la\u0219i o impresie de durat\u0103 oriunde te-ai duce.<\/p>\n<h2>Ingrediente de calitate pentru impresii de durat\u0103<\/h2>\n<p>\u00cen inima Samah Onyx se afl\u0103 un amestec rafinat de extracte naturale de \u00eenalt\u0103 calitate. Realizat\u0103 de parfumieri pricepu\u021bi, aceast\u0103 formul\u0103 unic\u0103 asigur\u0103 c\u0103 parfumul persist\u0103 pe tot parcursul zilei, oferind explozii de prospe\u021bime la fiecare mi\u0219care. Combina\u021bia de nuan\u021be p\u0103m\u00e2ntii \u0219i note florale nu numai c\u0103 \u00eembun\u0103t\u0103\u021be\u0219te experien\u021ba olfactiv\u0103, dar asigur\u0103 \u0219i o semn\u0103tur\u0103 olfactiv\u0103 unic\u0103 care rezoneaz\u0103 cu individualitatea ta.<\/p>\n<h2>Cadoul perfect pentru orice ocazie<\/h2>\n<p>Fie c\u0103 v\u0103 r\u0103sf\u0103\u021ba\u021bi sau c\u0103uta\u021bi cadoul perfect, Extract De Parfum Samah Onyx este o alegere ideal\u0103. Ambalajul s\u0103u elegant \u0219i parfumul luxos \u00eel fac un cadou atent pentru zile de na\u0219tere, anivers\u0103ri sau pur \u0219i simplu pentru a ar\u0103ta cuiva c\u0103 \u00ee\u021bi pas\u0103. \u00cenvelit \u00eentr-o sticl\u0103 artistic\u0103 care reflect\u0103 esen\u021ba bogat\u0103 a parfumului, este un cadou care va \u00eenc\u00e2nta \u0219i surprinde.<\/p>\n<p>\u00cembun\u0103t\u0103\u021be\u0219te-\u021bi jocul de parfumuri cu Extract De Parfum Samah Onyx de la Riiffs, unde fiecare aplicare simbolizeaz\u0103 elegan\u021ba, iar rafinamentul este la doar o stropire distan\u021b\u0103. Cu angajamentul s\u0103u fa\u021b\u0103 de calitate \u0219i elegan\u021b\u0103, acest parfum unisex este mai mult dec\u00e2t un simplu parfum &#8211; este o declara\u021bie.<\/p>","protected":false},"excerpt":{"rendered":"<p>Descoper\u0103 alura \u00eemb\u0103t\u0103toare a Extract De Parfum Samah Onyx de la Riiffs, un parfum frumos realizat de 100 ml, conceput pentru cei care apreciaz\u0103 profunzimea \u0219i elegan\u021ba parfumului lor. Acest parfum unisex anun\u021b\u0103 o invita\u021bie de a explora at\u00e2t nuan\u021bele masculine, c\u00e2t \u0219i feminine ale parfumului, f\u0103c\u00e2ndu-l alegerea perfect\u0103 pentru toat\u0103 lumea. Esen\u021ba rafinamentului Samah [&hellip;]<\/p>","protected":false},"featured_media":3096,"comment_status":"open","ping_status":"closed","template":"","meta":{"om_disable_all_campaigns":false,"_monsterinsights_skip_tracking":false,"_monsterinsights_sitenote_active":false,"_monsterinsights_sitenote_note":"","_monsterinsights_sitenote_category":0},"product_brand":[73],"product_cat":[57],"product_tag":[],"class_list":{"0":"post-3095","1":"product","2":"type-product","3":"status-publish","4":"has-post-thumbnail","6":"product_brand-riiffs","7":"product_cat-unisex","9":"first","10":"instock","11":"sale","12":"shipping-taxable","13":"purchasable","14":"product-type-simple"},"aioseo_notices":[],"ct_brands":[{"id":73,"name":"Riiffs","slug":"riiffs"}],"_links":{"self":[{"href":"https:\/\/habibimb.com\/en\/wp-json\/wp\/v2\/product\/3095","targetHints":{"allow":["GET"]}}],"collection":[{"href":"https:\/\/habibimb.com\/en\/wp-json\/wp\/v2\/product"}],"about":[{"href":"https:\/\/habibimb.com\/en\/wp-json\/wp\/v2\/types\/product"}],"replies":[{"embeddable":true,"href":"https:\/\/habibimb.com\/en\/wp-json\/wp\/v2\/comments?post=3095"}],"wp:featuredmedia":[{"embeddable":true,"href":"https:\/\/habibimb.com\/en\/wp-json\/wp\/v2\/media\/3096"}],"wp:attachment":[{"href":"https:\/\/habibimb.com\/en\/wp-json\/wp\/v2\/media?parent=3095"}],"wp:term":[{"taxonomy":"product_brand","embeddable":true,"href":"https:\/\/habibimb.com\/en\/wp-json\/wp\/v2\/product_brand?post=3095"},{"taxonomy":"product_cat","embeddable":true,"href":"https:\/\/habibimb.com\/en\/wp-json\/wp\/v2\/product_cat?post=3095"},{"taxonomy":"product_tag","embeddable":true,"href":"https:\/\/habibimb.com\/en\/wp-json\/wp\/v2\/product_tag?post=3095"}],"curies":[{"name":"wp","href":"https:\/\/api.w.org\/{rel}","templated":true}]}}