{"id":3091,"date":"2025-06-23T15:03:30","date_gmt":"2025-06-23T15:03:30","guid":{"rendered":"https:\/\/habibimb.com\/?post_type=product&#038;p=3091"},"modified":"2025-06-23T15:02:28","modified_gmt":"2025-06-23T15:02:28","slug":"set-cadou-asad-apa-de-parfum-100mlasad-zanzibar-lattafa-100ml","status":"publish","type":"product","link":"https:\/\/habibimb.com\/en\/product\/set-cadou-asad-apa-de-parfum-100mlasad-zanzibar-lattafa-100ml\/","title":{"rendered":"Set Cadou Asad +Asad Zanzibar Lattafa"},"content":{"rendered":"<h2>\u00cembun\u0103t\u0103\u021be\u0219te-\u021bi experien\u021ba parfumurilor<\/h2>\n<p>V\u0103 prezent\u0103m <strong>Setul Cadou Asad Apa De Parfum 100ml<\/strong>, un set de parfumuri luxoase care \u00eencapsuleaz\u0103 elegan\u021b\u0103 \u0219i rafinament. Acest duo de parfumuri rafinate combin\u0103 parfumul \u00eenc\u00e2nt\u0103tor Asad Zanzibar de la Lattafa, asigur\u00e2ndu-v\u0103 farmec \u0219i farmec oriunde merge\u021bi. Cu notele sale bogate \u0219i aroma captivant\u0103, acest set nu este doar un cadou; este o experien\u021b\u0103 f\u0103cut\u0103 pentru a fi pre\u021buit\u0103.<\/p>\n<h2>Bucura\u021bi-v\u0103 de aroma lui Asad Zanzibar<\/h2>\n<p>Parfumul Asad Zanzibar este creat pentru cei care apreciaz\u0103 complexitatea \u00een simplitate. Fiecare spritz dezv\u0103luie o stratificare complicat\u0103 de parfumuri, \u00eencep\u00e2nd cu note de v\u00e2rf r\u0103coritoare, urmate de o inim\u0103 de nuan\u021be florale \u0219i picante \u0219i culmin\u00e2nd cu o baz\u0103 atr\u0103g\u0103toare care persist\u0103 pe pielea ta. Fie c\u0103 participi la o gal\u0103 de sear\u0103 sau te bucuri de o ie\u0219ire informal\u0103, acest parfum se adapteaz\u0103 mediului t\u0103u, f\u0103c\u00e2ndu-l perfect pentru orice ocazie.<\/p>\n<h2>Un cadou atent pentru orice ocazie<\/h2>\n<p>Acest set de parfumuri este ambalat remarcabil, f\u0103c\u00e2ndu-l un cadou ideal pentru o persoan\u0103 drag\u0103 sau un r\u0103sf\u0103\u021b binemeritat pentru tine. <strong>Setul Cadou Asad Apa De Parfum 100ml<\/strong> este perfect pentru zile de na\u0219tere, anivers\u0103ri sau pur \u0219i simplu pentru a-\u0219i exprima aprecierea. D\u0103ruie\u0219te-l cuiva special \u0219i las\u0103-l s\u0103 se r\u0103sfe\u021be cu parfumul luxos al lui Asad Zanzibar. Sticlele elegante servesc \u0219i ca decor, sporind atractivitatea estetic\u0103 a oric\u0103rei chiuvete.<\/p>\n<p>\u00cen concluzie, Setul Cadou Asad Apa De Parfum 100ml cu Asad Zanzibar de la Lattafa este mai mult dec\u00e2t un parfum; este o declara\u021bie de lux \u0219i elegan\u021b\u0103. Cu fiecare aplica\u021bie, transforma\u021bi momentele de zi cu zi \u00een experien\u021be extraordinare. Descoperi\u021bi magia Asad Zanzibar \u0219i ridica\u021bi-v\u0103 colec\u021bia de parfumuri ast\u0103zi!<\/p>","protected":false},"excerpt":{"rendered":"<p>\u00cembun\u0103t\u0103\u021be\u0219te-\u021bi experien\u021ba parfumurilor V\u0103 prezent\u0103m Setul Cadou Asad Apa De Parfum 100ml, un set de parfumuri luxoase care \u00eencapsuleaz\u0103 elegan\u021b\u0103 \u0219i rafinament. Acest duo de parfumuri rafinate combin\u0103 parfumul \u00eenc\u00e2nt\u0103tor Asad Zanzibar de la Lattafa, asigur\u00e2ndu-v\u0103 farmec \u0219i farmec oriunde merge\u021bi. Cu notele sale bogate \u0219i aroma captivant\u0103, acest set nu este doar un cadou; [&hellip;]<\/p>","protected":false},"featured_media":3093,"comment_status":"open","ping_status":"closed","template":"","meta":{"om_disable_all_campaigns":false,"_monsterinsights_skip_tracking":false,"_monsterinsights_sitenote_active":false,"_monsterinsights_sitenote_note":"","_monsterinsights_sitenote_category":0},"product_brand":[63],"product_cat":[82],"product_tag":[],"class_list":{"0":"post-3091","1":"product","2":"type-product","3":"status-publish","4":"has-post-thumbnail","6":"product_brand-lattafa","7":"product_cat-set-cadou","9":"first","10":"instock","11":"shipping-taxable","12":"purchasable","13":"product-type-simple"},"aioseo_notices":[],"ct_brands":[{"id":63,"name":"Lattafa","slug":"lattafa"}],"_links":{"self":[{"href":"https:\/\/habibimb.com\/en\/wp-json\/wp\/v2\/product\/3091","targetHints":{"allow":["GET"]}}],"collection":[{"href":"https:\/\/habibimb.com\/en\/wp-json\/wp\/v2\/product"}],"about":[{"href":"https:\/\/habibimb.com\/en\/wp-json\/wp\/v2\/types\/product"}],"replies":[{"embeddable":true,"href":"https:\/\/habibimb.com\/en\/wp-json\/wp\/v2\/comments?post=3091"}],"wp:featuredmedia":[{"embeddable":true,"href":"https:\/\/habibimb.com\/en\/wp-json\/wp\/v2\/media\/3093"}],"wp:attachment":[{"href":"https:\/\/habibimb.com\/en\/wp-json\/wp\/v2\/media?parent=3091"}],"wp:term":[{"taxonomy":"product_brand","embeddable":true,"href":"https:\/\/habibimb.com\/en\/wp-json\/wp\/v2\/product_brand?post=3091"},{"taxonomy":"product_cat","embeddable":true,"href":"https:\/\/habibimb.com\/en\/wp-json\/wp\/v2\/product_cat?post=3091"},{"taxonomy":"product_tag","embeddable":true,"href":"https:\/\/habibimb.com\/en\/wp-json\/wp\/v2\/product_tag?post=3091"}],"curies":[{"name":"wp","href":"https:\/\/api.w.org\/{rel}","templated":true}]}}