{"id":3083,"date":"2025-06-21T16:36:13","date_gmt":"2025-06-21T16:36:13","guid":{"rendered":"https:\/\/habibimb.com\/?post_type=product&#038;p=3083"},"modified":"2025-12-17T13:50:22","modified_gmt":"2025-12-17T13:50:22","slug":"apa-de-parfum-exclusive-prive-pink-riiffs-femei-80ml","status":"publish","type":"product","link":"https:\/\/habibimb.com\/en\/product\/apa-de-parfum-exclusive-prive-pink-riiffs-femei-80ml\/","title":{"rendered":"Exclusive Prive Pink, Riiffs, 80"},"content":{"rendered":"<h2>Descoper\u0103 esen\u021ba elegan\u021bei<\/h2>\n<p>V\u0103 prezent\u0103m Apa De Parfum Exclusive Prive Pink de la Riiffs, un parfum de lux creat pentru femeile care apreciaz\u0103 rafinamentul \u0219i vitalitatea. Acest parfum \u00eenc\u00e2nt\u0103tor este conceput pentru a s\u0103rb\u0103tori feminitatea, f\u0103c\u00e2ndu-l completarea perfect\u0103 pentru colec\u021bia ta de parfumuri. Cu un amestec rafinat de note fructate \u0219i florale, este o experien\u021b\u0103 olfactiv\u0103 care \u00eentruchipeaz\u0103 elegan\u021ba \u0219i farmecul.<\/p>\n<h2>Note care captiveaz\u0103<\/h2>\n<p>Parfumul se deschide cu note de v\u00e2rf proaspete care revigoreaz\u0103 sim\u021burile, oferind o explozie \u00eenc\u00e2nt\u0103toare de energie. Pe m\u0103sur\u0103 ce evolueaz\u0103, dezv\u0103luie o inim\u0103 de flori \u00eenflorite care adaug\u0103 o not\u0103 romantic\u0103 \u0219i feminin\u0103. \u00cen cele din urm\u0103, notele de baz\u0103 persist\u0103 pe piele, sporind profunzimea \u0219i farmecul parfumului. Apa De Parfum Exclusive Prive Pink nu este doar un parfum; este o declara\u021bie de stil \u0219i gra\u021bie.<\/p>\n<h2>Un cadou perfect pentru orice ocazie<\/h2>\n<p>Fie c\u0103 dori\u021bi s\u0103 v\u0103 r\u0103sf\u0103\u021ba\u021bi sau c\u0103uta\u021bi cadoul ideal, Apa De Parfum Exclusive Prive Pink este o alegere versatil\u0103 care se potrive\u0219te oric\u0103rei ocazii. Ambalajul s\u0103u elegant \u0219i parfumul captivant \u00eel fac un cadou pre\u021buit pentru zile de na\u0219tere, anivers\u0103ri sau pur \u0219i simplu pentru c\u0103. La 80 ml, ofer\u0103 o cantitate ampl\u0103, asigur\u00e2ndu-v\u0103 c\u0103 v\u0103 pute\u021bi r\u0103sf\u0103\u021ba cu aroma sa atr\u0103g\u0103toare oric\u00e2nd dori\u021bi.<\/p>\n<p>\u00cembun\u0103t\u0103\u021be\u0219te-\u021bi rutina de zi cu zi \u0219i \u00eentruchipeaz\u0103 esen\u021ba elegan\u021bei cu Apa De Parfum Exclusive Prive Pink. Comanda\u021bi-l pe al vostru ast\u0103zi \u0219i experimenta\u021bi armonia perfect\u0103 de rafinament \u0219i vitalitate \u00een fiecare spritz!<\/p>","protected":false},"excerpt":{"rendered":"<p>Inspirat din Delina Parfums de Marly<\/p>","protected":false},"featured_media":3084,"comment_status":"open","ping_status":"closed","template":"","meta":{"om_disable_all_campaigns":false,"_monsterinsights_skip_tracking":false,"_monsterinsights_sitenote_active":false,"_monsterinsights_sitenote_note":"","_monsterinsights_sitenote_category":0},"product_brand":[73],"product_cat":[56],"product_tag":[],"class_list":{"0":"post-3083","1":"product","2":"type-product","3":"status-publish","4":"has-post-thumbnail","6":"product_brand-riiffs","7":"product_cat-pentru-ea","9":"first","10":"instock","11":"shipping-taxable","12":"purchasable","13":"product-type-simple"},"aioseo_notices":[],"ct_brands":[{"id":73,"name":"Riiffs","slug":"riiffs"}],"_links":{"self":[{"href":"https:\/\/habibimb.com\/en\/wp-json\/wp\/v2\/product\/3083","targetHints":{"allow":["GET"]}}],"collection":[{"href":"https:\/\/habibimb.com\/en\/wp-json\/wp\/v2\/product"}],"about":[{"href":"https:\/\/habibimb.com\/en\/wp-json\/wp\/v2\/types\/product"}],"replies":[{"embeddable":true,"href":"https:\/\/habibimb.com\/en\/wp-json\/wp\/v2\/comments?post=3083"}],"wp:featuredmedia":[{"embeddable":true,"href":"https:\/\/habibimb.com\/en\/wp-json\/wp\/v2\/media\/3084"}],"wp:attachment":[{"href":"https:\/\/habibimb.com\/en\/wp-json\/wp\/v2\/media?parent=3083"}],"wp:term":[{"taxonomy":"product_brand","embeddable":true,"href":"https:\/\/habibimb.com\/en\/wp-json\/wp\/v2\/product_brand?post=3083"},{"taxonomy":"product_cat","embeddable":true,"href":"https:\/\/habibimb.com\/en\/wp-json\/wp\/v2\/product_cat?post=3083"},{"taxonomy":"product_tag","embeddable":true,"href":"https:\/\/habibimb.com\/en\/wp-json\/wp\/v2\/product_tag?post=3083"}],"curies":[{"name":"wp","href":"https:\/\/api.w.org\/{rel}","templated":true}]}}