{"id":3081,"date":"2025-06-21T16:26:58","date_gmt":"2025-06-21T16:26:58","guid":{"rendered":"https:\/\/habibimb.com\/?post_type=product&#038;p=3081"},"modified":"2026-03-31T11:45:40","modified_gmt":"2026-03-31T11:45:40","slug":"apa-de-parfum-prive-blue-riiffs-barbati-100ml","status":"publish","type":"product","link":"https:\/\/habibimb.com\/en\/product\/apa-de-parfum-prive-blue-riiffs-barbati-100ml\/","title":{"rendered":"Prive Blue, Riiffs"},"content":{"rendered":"<h2>Descoper\u0103 farmecul Apa De Parfum Prive Blue<\/h2>\n<p>Cufunda\u021bi-v\u0103 \u00eentr-o lume a rafinamentului cu Apa De Parfum Prive Blue de la Riiffs. Acest parfum excep\u021bional pentru b\u0103rba\u021bi surprinde esen\u021ba masculinit\u0103\u021bii, oferind o arom\u0103 bogat\u0103 \u0219i captivant\u0103, perfect\u0103 pentru orice ocazie. Fie c\u0103 te \u00eembraci pentru o noapte \u00een ora\u0219 sau cau\u021bi s\u0103 impresionezi \u00eentr-un cadru profesional, acest parfum te asigur\u0103 c\u0103 la\u0219i o impresie de durat\u0103.<\/p>\n<h2>Calitate de neegalat \u0219i parfum de durat\u0103<\/h2>\n<p>Creat cu cele mai bune ingrediente, Apa De Parfum Prive Blue \u00eentruchipeaz\u0103 calitatea care vorbe\u0219te de la sine. Cu note de v\u00e2rf care te \u00eent\u00e2mpin\u0103 cu arome proaspete \u0219i revigorante, urmate de o inim\u0103 de condimente aromate \u0219i o baz\u0103 care las\u0103 o urm\u0103 cald\u0103 \u0219i senzual\u0103, acest parfum de 100 ml este completarea perfect\u0103 pentru colec\u021bia ta de parfumuri. Complexitatea acestui parfum te va men\u021bine \u00eentinerit pe tot parcursul zilei, asigur\u00e2ndu-te c\u0103 te sim\u021bi \u00eencrez\u0103tor \u0219i \u00een cea mai bun\u0103 form\u0103.<\/p>\n<h2>Perfect pentru fiecare b\u0103rbat<\/h2>\n<p>Conceput pentru b\u0103rba\u021bii moderni care apreciaz\u0103 elegan\u021ba, Apa De Parfum Prive Blue este suficient de versatil pentru a trece f\u0103r\u0103 efort de la zi la noapte. Ideal at\u00e2t pentru decoruri casual, c\u00e2t \u0219i formale, acest parfum \u00ee\u021bi spore\u0219te carisma natural\u0103 \u0219i \u00ee\u021bi exprim\u0103 personalitatea unic\u0103. Cu profilul s\u0103u olfactiv sofisticat, este, de asemenea, un cadou atent pentru ocazii speciale, care va fi cu siguran\u021b\u0103 pre\u021buit de destinatar.<\/p>\n<p>R\u0103sf\u0103\u021ba\u021bi-v\u0103 cu experien\u021ba de lux pe care o aduce Apa De Parfum Prive Blue, Riiffs. Acest parfum de 100 ml nu este doar un parfum; este o expresie a stilului \u0219i a \u00eencrederii. Ridic\u0103-\u021bi prezen\u021ba \u0219i farmec\u0103-i pe cei din jurul t\u0103u cu acest parfum rafinat care iese \u00een eviden\u021b\u0103, f\u0103r\u0103 a cople\u0219i. Pune-\u021bi amprenta cu un parfum care spune multe despre gustul \u0219i rafinamentul t\u0103u.<\/p>","protected":false},"excerpt":{"rendered":"<p>Inspirat din Sauvage Dior<\/p>","protected":false},"featured_media":3082,"comment_status":"open","ping_status":"closed","template":"","meta":{"om_disable_all_campaigns":false,"_monsterinsights_skip_tracking":false,"_monsterinsights_sitenote_active":false,"_monsterinsights_sitenote_note":"","_monsterinsights_sitenote_category":0},"product_brand":[73],"product_cat":[55],"product_tag":[],"class_list":{"0":"post-3081","1":"product","2":"type-product","3":"status-publish","4":"has-post-thumbnail","6":"product_brand-riiffs","7":"product_cat-pentru-el","9":"first","10":"instock","11":"sale","12":"shipping-taxable","13":"purchasable","14":"product-type-simple"},"aioseo_notices":[],"ct_brands":[{"id":73,"name":"Riiffs","slug":"riiffs"}],"_links":{"self":[{"href":"https:\/\/habibimb.com\/en\/wp-json\/wp\/v2\/product\/3081","targetHints":{"allow":["GET"]}}],"collection":[{"href":"https:\/\/habibimb.com\/en\/wp-json\/wp\/v2\/product"}],"about":[{"href":"https:\/\/habibimb.com\/en\/wp-json\/wp\/v2\/types\/product"}],"replies":[{"embeddable":true,"href":"https:\/\/habibimb.com\/en\/wp-json\/wp\/v2\/comments?post=3081"}],"wp:featuredmedia":[{"embeddable":true,"href":"https:\/\/habibimb.com\/en\/wp-json\/wp\/v2\/media\/3082"}],"wp:attachment":[{"href":"https:\/\/habibimb.com\/en\/wp-json\/wp\/v2\/media?parent=3081"}],"wp:term":[{"taxonomy":"product_brand","embeddable":true,"href":"https:\/\/habibimb.com\/en\/wp-json\/wp\/v2\/product_brand?post=3081"},{"taxonomy":"product_cat","embeddable":true,"href":"https:\/\/habibimb.com\/en\/wp-json\/wp\/v2\/product_cat?post=3081"},{"taxonomy":"product_tag","embeddable":true,"href":"https:\/\/habibimb.com\/en\/wp-json\/wp\/v2\/product_tag?post=3081"}],"curies":[{"name":"wp","href":"https:\/\/api.w.org\/{rel}","templated":true}]}}