{"id":3079,"date":"2025-06-21T16:24:08","date_gmt":"2025-06-21T16:24:08","guid":{"rendered":"https:\/\/habibimb.com\/?post_type=product&#038;p=3079"},"modified":"2026-01-27T10:58:30","modified_gmt":"2026-01-27T10:58:30","slug":"extract-de-parfum-areebah-riiffs-unisex-100ml","status":"publish","type":"product","link":"https:\/\/habibimb.com\/en\/product\/extract-de-parfum-areebah-riiffs-unisex-100ml\/","title":{"rendered":"Areebah, Riiffs"},"content":{"rendered":"<h2>Experimenta\u021bi esen\u021ba Areebah<\/h2>\n<p>P\u0103\u0219e\u0219te \u00eentr-o lume a rafinamentului \u0219i a farmecului cu Extract De Parfum Areebah de la Riiffs. Acest parfum unisex de lux este creat cu grij\u0103 pentru cei care doresc s\u0103-\u0219i exprime individualitatea \u0219i farmecul. Fie c\u0103 te \u00eendrep\u021bi spre o ocazie special\u0103 sau vrei s\u0103-\u021bi ridici stilul de zi cu zi, Areebah este \u00eenso\u021bitorul perfect. Mirosul s\u0103u atr\u0103g\u0103tor te \u00eenv\u0103luie, cre\u00e2nd o impresie memorabil\u0103 \u0219i de durat\u0103.<\/p>\n<h2>Un amestec unic de note<\/h2>\n<p>Extract De Parfum Areebah prezint\u0103 un amestec rafinat de note de v\u00e2rf, de mijloc \u0219i de baz\u0103 care ispitesc sim\u021burile. Notele de v\u00e2rf surprind cu o explozie r\u0103coritoare de nuan\u021be de citrice \u0219i florale, invit\u00e2nd curiozitatea \u00eenc\u0103 de la prima pulverizare. Pe m\u0103sur\u0103 ce parfumul se a\u0219eaz\u0103, inima dezv\u0103luie un buchet de arome bogate \u0219i elegante care adaug\u0103 profunzime \u0219i caracter. \u00cen cele din urm\u0103, notele de baz\u0103 ofer\u0103 un final cald \u0219i reconfortant, care persist\u0103 pe tot parcursul zilei, asigur\u00e2ndu-v\u0103 c\u0103 v\u0103 sim\u021bi\u021bi \u00eencrez\u0103tor \u0219i vibrant din zori p\u00e2n\u0103 seara.<\/p>\n<h2>Conceput pentru toate momentele<\/h2>\n<p>Acest parfum unisex, cu o sticl\u0103 generoas\u0103 de 100 ml, este perfect pentru toat\u0103 lumea, indiferent de sex, v\u00e2rst\u0103 sau stil. Extract De Parfum Areebah se potrive\u0219te at\u00e2t mediilor formale, c\u00e2t \u0219i ie\u0219irilor casual. D\u0103ruie\u0219te-l unei persoane dragi sau r\u0103sf\u0103\u021b\u0103-te cu acest parfum atr\u0103g\u0103tor care aduce versatilitate \u0219i farmec colec\u021biei tale. S\u0103rb\u0103tore\u0219te cine e\u0219ti cu un parfum care se potrive\u0219te cu personalitatea ta \u0219i \u00ee\u021bi \u00eembun\u0103t\u0103\u021be\u0219te aura.<\/p>\n<p>Pe scurt, Extract De Parfum Areebah, de Riiffs, este mai mult dec\u00e2t un parfum; este o declara\u021bie. \u00cembr\u0103\u021bi\u0219eaz\u0103 c\u0103l\u0103toria parfumului \u0219i a exprim\u0103rii de sine cu fiecare aplica\u021bie. Alege Areebah pentru o not\u0103 de elegan\u021b\u0103 \u00een fiecare moment.<\/p>","protected":false},"excerpt":{"rendered":"<p>Inspirat dupa Creed Queen of Silk<\/p>","protected":false},"featured_media":3080,"comment_status":"open","ping_status":"closed","template":"","meta":{"om_disable_all_campaigns":false,"_monsterinsights_skip_tracking":false,"_monsterinsights_sitenote_active":false,"_monsterinsights_sitenote_note":"","_monsterinsights_sitenote_category":0},"product_brand":[73],"product_cat":[57],"product_tag":[],"class_list":{"0":"post-3079","1":"product","2":"type-product","3":"status-publish","4":"has-post-thumbnail","6":"product_brand-riiffs","7":"product_cat-unisex","9":"first","10":"instock","11":"shipping-taxable","12":"purchasable","13":"product-type-simple"},"aioseo_notices":[],"ct_brands":[{"id":73,"name":"Riiffs","slug":"riiffs"}],"_links":{"self":[{"href":"https:\/\/habibimb.com\/en\/wp-json\/wp\/v2\/product\/3079","targetHints":{"allow":["GET"]}}],"collection":[{"href":"https:\/\/habibimb.com\/en\/wp-json\/wp\/v2\/product"}],"about":[{"href":"https:\/\/habibimb.com\/en\/wp-json\/wp\/v2\/types\/product"}],"replies":[{"embeddable":true,"href":"https:\/\/habibimb.com\/en\/wp-json\/wp\/v2\/comments?post=3079"}],"wp:featuredmedia":[{"embeddable":true,"href":"https:\/\/habibimb.com\/en\/wp-json\/wp\/v2\/media\/3080"}],"wp:attachment":[{"href":"https:\/\/habibimb.com\/en\/wp-json\/wp\/v2\/media?parent=3079"}],"wp:term":[{"taxonomy":"product_brand","embeddable":true,"href":"https:\/\/habibimb.com\/en\/wp-json\/wp\/v2\/product_brand?post=3079"},{"taxonomy":"product_cat","embeddable":true,"href":"https:\/\/habibimb.com\/en\/wp-json\/wp\/v2\/product_cat?post=3079"},{"taxonomy":"product_tag","embeddable":true,"href":"https:\/\/habibimb.com\/en\/wp-json\/wp\/v2\/product_tag?post=3079"}],"curies":[{"name":"wp","href":"https:\/\/api.w.org\/{rel}","templated":true}]}}