{"id":3076,"date":"2025-06-21T16:20:29","date_gmt":"2025-06-21T16:20:29","guid":{"rendered":"https:\/\/habibimb.com\/?post_type=product&#038;p=3076"},"modified":"2026-01-26T16:20:07","modified_gmt":"2026-01-26T16:20:07","slug":"apa-de-parfum-rose-de-soleil-eclat","status":"publish","type":"product","link":"https:\/\/habibimb.com\/en\/product\/apa-de-parfum-rose-de-soleil-eclat\/","title":{"rendered":"Rose De Soleil Eclat"},"content":{"rendered":"<h2>Dezv\u0103luie-\u021bi str\u0103lucirea cu Rosa De Soleil \u00c9clat<\/h2>\n<p>V\u0103 prezent\u0103m \u00eenc\u00e2nt\u0103torul <strong>parfum Apa De Parfum Rose De Soleil Eclat<\/strong> de la Riiffs, un parfum conceput pentru a v\u0103 ridica spiritul cu fiecare pulverizare. Acest parfum rafinat de 100 ml \u00eentruchipeaz\u0103 echilibrul delicat al aromelor florale \u0219i fructate, surprinz\u00e2nd esen\u021ba unei gr\u0103dini luminate de soare \u00een plin\u0103 floare. Experimenta\u021bi un parfum care radiaz\u0103 at\u00e2t elegan\u021b\u0103, c\u00e2t \u0219i vitalitate, perfect pentru femeia modern\u0103 care caut\u0103 s\u0103-\u0219i exprime personalitatea unic\u0103.<\/p>\n<h2>Un parfum care spune o poveste<\/h2>\n<p>\u00cen inima <strong>Apa De Parfum Rose De Soleil Eclat<\/strong> se afl\u0103 un buchet frumos de trandafiri bogati \u0219i note de v\u00e2rf fructate care te transport\u0103 \u00eentr-o zi vibrant\u0103 de prim\u0103var\u0103. Pe m\u0103sur\u0103 ce parfumul se desf\u0103\u0219oar\u0103, apar note delicate de iasomie \u0219i crin, oferind o arom\u0103 moale \u0219i captivant\u0103 care \u00eei \u00eenc\u00e2nt\u0103 pe cei din jur. Notele de baz\u0103, un amestec cald de lemn de santal \u0219i chihlimbar, adaug\u0103 o profunzime persistent\u0103 care completeaz\u0103 acest parfum luxos, f\u0103c\u00e2ndu-l perfect at\u00e2t pentru zi, c\u00e2t \u0219i pentru sear\u0103.<\/p>\n<h2>Elegan\u021b\u0103 \u00een fiecare detaliu<\/h2>\n<p><strong>Apa De Parfum Rose De Soleil Eclat<\/strong> nu este doar un parfum; este o experien\u021b\u0103. \u00cenvelit \u00eentr-o sticl\u0103 cu design elegant, acest parfum este pe c\u00e2t de atr\u0103g\u0103tor din punct de vedere vizual, pe at\u00e2t de \u00eenc\u00e2nt\u0103tor de purtat. M\u0103iestria atent\u0103 reflect\u0103 calitatea ingredientelor \u0219i pasiunea din spatele crea\u021biei sale, asigur\u00e2ndu-se c\u0103 fiecare pic\u0103tur\u0103 ofer\u0103 o explozie de soare \u0219i bucurie. Ideal pentru ocazii speciale sau pentru utilizarea zilnic\u0103, vei descoperi c\u0103 acest parfum \u00ee\u021bi completeaz\u0103 stilul f\u0103r\u0103 efort.<\/p>\n<p>Fie c\u0103 e\u0219ti \u00een c\u0103utarea unui r\u0103sf\u0103\u021b pentru tine sau a unui cadou de neuitat pentru o persoan\u0103 special\u0103, <strong>Apa De Parfum Rose De Soleil Eclat<\/strong> este o alegere care \u00eenc\u00e2nt\u0103 toate sim\u021burile. \u00cembr\u0103\u021bi\u0219eaz\u0103 farmecul acestui parfum rafinat \u0219i las\u0103-l s\u0103 te \u00eenso\u021beasc\u0103 \u00een c\u0103l\u0103toria ta c\u0103tre exprimarea de sine.<\/p>","protected":false},"excerpt":{"rendered":"<p>Inspirat din <strong data-start=\"202\" data-end=\"234\">Jean Paul Gaultier \u2013 Scandal<\/strong><\/p>","protected":false},"featured_media":3077,"comment_status":"open","ping_status":"closed","template":"","meta":{"om_disable_all_campaigns":false,"_monsterinsights_skip_tracking":false,"_monsterinsights_sitenote_active":false,"_monsterinsights_sitenote_note":"","_monsterinsights_sitenote_category":0},"product_brand":[73],"product_cat":[56],"product_tag":[],"class_list":{"0":"post-3076","1":"product","2":"type-product","3":"status-publish","4":"has-post-thumbnail","6":"product_brand-riiffs","7":"product_cat-pentru-ea","9":"first","10":"instock","11":"shipping-taxable","12":"purchasable","13":"product-type-simple"},"aioseo_notices":[],"ct_brands":[{"id":73,"name":"Riiffs","slug":"riiffs"}],"_links":{"self":[{"href":"https:\/\/habibimb.com\/en\/wp-json\/wp\/v2\/product\/3076","targetHints":{"allow":["GET"]}}],"collection":[{"href":"https:\/\/habibimb.com\/en\/wp-json\/wp\/v2\/product"}],"about":[{"href":"https:\/\/habibimb.com\/en\/wp-json\/wp\/v2\/types\/product"}],"replies":[{"embeddable":true,"href":"https:\/\/habibimb.com\/en\/wp-json\/wp\/v2\/comments?post=3076"}],"wp:featuredmedia":[{"embeddable":true,"href":"https:\/\/habibimb.com\/en\/wp-json\/wp\/v2\/media\/3077"}],"wp:attachment":[{"href":"https:\/\/habibimb.com\/en\/wp-json\/wp\/v2\/media?parent=3076"}],"wp:term":[{"taxonomy":"product_brand","embeddable":true,"href":"https:\/\/habibimb.com\/en\/wp-json\/wp\/v2\/product_brand?post=3076"},{"taxonomy":"product_cat","embeddable":true,"href":"https:\/\/habibimb.com\/en\/wp-json\/wp\/v2\/product_cat?post=3076"},{"taxonomy":"product_tag","embeddable":true,"href":"https:\/\/habibimb.com\/en\/wp-json\/wp\/v2\/product_tag?post=3076"}],"curies":[{"name":"wp","href":"https:\/\/api.w.org\/{rel}","templated":true}]}}