{"id":3073,"date":"2025-06-21T16:14:25","date_gmt":"2025-06-21T16:14:25","guid":{"rendered":"https:\/\/habibimb.com\/?post_type=product&#038;p=3073"},"modified":"2026-02-27T09:25:03","modified_gmt":"2026-02-27T09:25:03","slug":"extract-de-parfum-costa-de-amalfi-riiffs-unisex-100ml","status":"publish","type":"product","link":"https:\/\/habibimb.com\/en\/product\/extract-de-parfum-costa-de-amalfi-riiffs-unisex-100ml\/","title":{"rendered":"Costa De Amalfi, Riiffs"},"content":{"rendered":"<h2>Note \u00eenc\u00e2nt\u0103toare ale Coastei Amalfi<\/h2>\n<p>Descoperi\u021bi esen\u021ba uimitoarei Coaste Amalfi cu Extract De Parfum Costa De Amalfi de la Riiffs. Acest parfum unisex este un amestec captivant care te transport\u0103 pe \u021b\u0103rmuri \u00eensorite, livezi vibrante de l\u0103m\u00e2i \u0219i briza mediteranean\u0103 r\u0103coritoare. Creat at\u00e2t pentru b\u0103rba\u021bi, c\u00e2t \u0219i pentru femei, \u00eentruchipeaz\u0103 echilibrul perfect \u00eentre prospe\u021bimea citric\u0103 \u0219i nuan\u021bele calde, f\u0103c\u00e2ndu-l o alegere versatil\u0103 pentru orice ocazie.<\/p>\n<h2>Elegan\u021b\u0103 de lung\u0103 durat\u0103<\/h2>\n<p>Formulat cu ingrediente de \u00eenalt\u0103 calitate, Extract De Parfum ofer\u0103 longevitate f\u0103r\u0103 a compromite mirosul s\u0103u atr\u0103g\u0103tor. Fiecare spritz elibereaz\u0103 o explozie de l\u0103m\u00e2ie \u0219i bergamot\u0103, combinate armonios cu note de inim\u0103 de iasomie \u00eenflorit\u0103 \u0219i lavand\u0103. Notele de baz\u0103, care includ lemn de santal senzual \u0219i vanilie cremoas\u0103, completeaz\u0103 parfumul, l\u0103s\u00e2nd o urm\u0103 bl\u00e2nd\u0103, dar memorabil\u0103. Perfect at\u00e2t pentru zi, c\u00e2t \u0219i pentru noapte, acest parfum v\u0103 asigur\u0103 c\u0103 v\u0103 sim\u021bi\u021bi \u00eencrez\u0103tori \u0219i sofistica\u021bi oriunde v\u0103 duce ziua.<\/p>\n<h2>Ambalaje de lux<\/h2>\n<p>Extract De Parfum Costa De Amalfi vine \u00eentr-o sticl\u0103 de 100 ml frumos proiectat\u0103, reflect\u00e2nd elegan\u021ba con\u021binutului s\u0103u. Ambalajul premium \u00eembun\u0103t\u0103\u021be\u0219te experien\u021ba general\u0103 de utilizare a acestui parfum rafinat, f\u0103c\u00e2ndu-l un cadou ideal pentru cei dragi sau un r\u0103sf\u0103\u021b de lux pentru tine. Indiferent dac\u0103 \u00eel pulveriza\u021bi \u00eenainte de o zi la birou sau de o sear\u0103 \u00een ora\u0219, acest parfum va evoca spiritul Coastei Amalfi \u0219i v\u0103 va ridica rutina de zi cu zi.<\/p>","protected":false},"excerpt":{"rendered":"<p>Inspirat din Tom Ford \u2013 Costa Azzurra<\/p>","protected":false},"featured_media":3074,"comment_status":"open","ping_status":"closed","template":"","meta":{"om_disable_all_campaigns":false,"_monsterinsights_skip_tracking":false,"_monsterinsights_sitenote_active":false,"_monsterinsights_sitenote_note":"","_monsterinsights_sitenote_category":0},"product_brand":[73],"product_cat":[57],"product_tag":[],"class_list":{"0":"post-3073","1":"product","2":"type-product","3":"status-publish","4":"has-post-thumbnail","6":"product_brand-riiffs","7":"product_cat-unisex","9":"first","10":"instock","11":"shipping-taxable","12":"purchasable","13":"product-type-simple"},"aioseo_notices":[],"ct_brands":[{"id":73,"name":"Riiffs","slug":"riiffs"}],"_links":{"self":[{"href":"https:\/\/habibimb.com\/en\/wp-json\/wp\/v2\/product\/3073","targetHints":{"allow":["GET"]}}],"collection":[{"href":"https:\/\/habibimb.com\/en\/wp-json\/wp\/v2\/product"}],"about":[{"href":"https:\/\/habibimb.com\/en\/wp-json\/wp\/v2\/types\/product"}],"replies":[{"embeddable":true,"href":"https:\/\/habibimb.com\/en\/wp-json\/wp\/v2\/comments?post=3073"}],"wp:featuredmedia":[{"embeddable":true,"href":"https:\/\/habibimb.com\/en\/wp-json\/wp\/v2\/media\/3074"}],"wp:attachment":[{"href":"https:\/\/habibimb.com\/en\/wp-json\/wp\/v2\/media?parent=3073"}],"wp:term":[{"taxonomy":"product_brand","embeddable":true,"href":"https:\/\/habibimb.com\/en\/wp-json\/wp\/v2\/product_brand?post=3073"},{"taxonomy":"product_cat","embeddable":true,"href":"https:\/\/habibimb.com\/en\/wp-json\/wp\/v2\/product_cat?post=3073"},{"taxonomy":"product_tag","embeddable":true,"href":"https:\/\/habibimb.com\/en\/wp-json\/wp\/v2\/product_tag?post=3073"}],"curies":[{"name":"wp","href":"https:\/\/api.w.org\/{rel}","templated":true}]}}