{"id":3070,"date":"2025-06-21T16:10:13","date_gmt":"2025-06-21T16:10:13","guid":{"rendered":"https:\/\/habibimb.com\/?post_type=product&#038;p=3070"},"modified":"2025-11-21T16:58:05","modified_gmt":"2025-11-21T16:58:05","slug":"apa-de-parfum-jack-fragrance-world-barbati-80ml","status":"publish","type":"product","link":"https:\/\/habibimb.com\/en\/product\/apa-de-parfum-jack-fragrance-world-barbati-80ml\/","title":{"rendered":"Jack, Fragrance World, 80"},"content":{"rendered":"<h2>Experimenta\u021bi esen\u021ba elegan\u021bei<\/h2>\n<p>Descoperi\u021bi alura captivant\u0103 a Apa De Parfum Jack, un parfum rafinat de la Fragrance World conceput special pentru gentlemanul modern. Aceast\u0103 sticl\u0103 de 80 ml \u00eencapsuleaz\u0103 o lume de rafinament, f\u0103c\u00e2ndu-l \u00eenso\u021bitorul ideal pentru orice ocazie. De la s\u0103li de \u0219edin\u021be la evenimente de sear\u0103, Jack v\u0103 asigur\u0103 c\u0103 l\u0103sa\u021bi o impresie de durat\u0103 la fiecare pulverizare.<\/p>\n<h2>Un amestec unic de note<\/h2>\n<p>Parfumul se deschide cu note de v\u00e2rf vibrante care revigoreaz\u0103 sim\u021burile, duc\u00e2nd la o inim\u0103 care \u00eentruchipeaz\u0103 \u00eencrederea \u0219i carisma. Amestecul atent organizat de citrice revigorante, ierburi aromatice \u0219i condimente calde creeaz\u0103 un profil olfactiv perfect echilibrat. Notele de baz\u0103 trec u\u0219or la o baz\u0103 bogat\u0103 de lemn \u0219i mosc, l\u0103s\u00e2nd o urm\u0103 tentant\u0103 care reflect\u0103 prezen\u021ba ta. Las\u0103-l pe Jack s\u0103 fie parfumul t\u0103u caracteristic care rezoneaz\u0103 cu personalitatea ta.<\/p>\n<h2>De ce sa alegi Apa de Parfum Jack?<\/h2>\n<p>Alegerea parfumului potrivit \u00eenseamn\u0103 mai mult dec\u00e2t un simplu parfum; este vorba despre a exprima cine e\u0219ti. Apa De Parfum Jack se remarc\u0103 ca un parfum versatil, potrivit at\u00e2t ziua, c\u00e2t \u0219i noaptea. Formula sa de lung\u0103 durat\u0103 v\u0103 asigur\u0103 c\u0103 r\u0103m\u00e2ne\u021bi proasp\u0103t pe tot parcursul zilei, f\u0103r\u0103 a fi nevoie de o reaplicare constant\u0103. Sticla cu design elegant o face, de asemenea, un plus elegant pentru masa ta de toalet\u0103 sau un cadou impresionant pentru cineva special.<\/p>\n<p>Dezl\u0103n\u021buie-\u021bi poten\u021bialul cu farmecul atemporal al Apa De Parfum Jack. Experimenta\u021bi amestecul de tradi\u021bie \u0219i modernitate pe care \u00eel ofer\u0103 acest parfum. Perfec\u021bioneaz\u0103-\u021bi stilul semn\u0103tur\u0103 cu un parfum care \u00eentruchipeaz\u0103 clasa \u0219i \u00eencrederea. \u00cembun\u0103t\u0103\u021be\u0219te-\u021bi rutina zilnic\u0103 \u0219i s\u0103rb\u0103tore\u0219te momentele care conteaz\u0103 cu acest parfum distins.<\/p>","protected":false},"excerpt":{"rendered":"<p>Inspirat din La nuit de l&#8217;Homme Bleu Elecrique Yves Saint Laurent<\/p>","protected":false},"featured_media":3072,"comment_status":"open","ping_status":"closed","template":"","meta":{"om_disable_all_campaigns":false,"_monsterinsights_skip_tracking":false,"_monsterinsights_sitenote_active":false,"_monsterinsights_sitenote_note":"","_monsterinsights_sitenote_category":0},"product_brand":[61],"product_cat":[55],"product_tag":[],"class_list":{"0":"post-3070","1":"product","2":"type-product","3":"status-publish","4":"has-post-thumbnail","6":"product_brand-fragance-world","7":"product_cat-pentru-el","9":"first","10":"instock","11":"shipping-taxable","12":"purchasable","13":"product-type-simple"},"aioseo_notices":[],"ct_brands":[{"id":61,"name":"Fragrance World","slug":"fragance-world"}],"_links":{"self":[{"href":"https:\/\/habibimb.com\/en\/wp-json\/wp\/v2\/product\/3070","targetHints":{"allow":["GET"]}}],"collection":[{"href":"https:\/\/habibimb.com\/en\/wp-json\/wp\/v2\/product"}],"about":[{"href":"https:\/\/habibimb.com\/en\/wp-json\/wp\/v2\/types\/product"}],"replies":[{"embeddable":true,"href":"https:\/\/habibimb.com\/en\/wp-json\/wp\/v2\/comments?post=3070"}],"wp:featuredmedia":[{"embeddable":true,"href":"https:\/\/habibimb.com\/en\/wp-json\/wp\/v2\/media\/3072"}],"wp:attachment":[{"href":"https:\/\/habibimb.com\/en\/wp-json\/wp\/v2\/media?parent=3070"}],"wp:term":[{"taxonomy":"product_brand","embeddable":true,"href":"https:\/\/habibimb.com\/en\/wp-json\/wp\/v2\/product_brand?post=3070"},{"taxonomy":"product_cat","embeddable":true,"href":"https:\/\/habibimb.com\/en\/wp-json\/wp\/v2\/product_cat?post=3070"},{"taxonomy":"product_tag","embeddable":true,"href":"https:\/\/habibimb.com\/en\/wp-json\/wp\/v2\/product_tag?post=3070"}],"curies":[{"name":"wp","href":"https:\/\/api.w.org\/{rel}","templated":true}]}}