{"id":3068,"date":"2025-06-21T16:06:59","date_gmt":"2025-06-21T16:06:59","guid":{"rendered":"https:\/\/habibimb.com\/?post_type=product&#038;p=3068"},"modified":"2025-08-09T05:12:29","modified_gmt":"2025-08-09T05:12:29","slug":"apa-de-parfum-velvet-era-fragrance-world-unisex100ml","status":"publish","type":"product","link":"https:\/\/habibimb.com\/en\/product\/apa-de-parfum-velvet-era-fragrance-world-unisex100ml\/","title":{"rendered":"Velvet Era, Fragrance World"},"content":{"rendered":"<h2>Dezl\u0103n\u021buie-\u021bi esen\u021ba cu Velvet Era<\/h2>\n<p>P\u0103\u0219e\u0219te \u00eentr-o lume a rafinamentului \u0219i a stilului cu Apa De Parfum Velvet Era de la Fragrance World. Acest parfum unisex este o s\u0103rb\u0103toare a elegan\u021bei, atent conceput\u0103 pentru a se potrivi oricui dore\u0219te s\u0103-\u0219i exprime farmecul interior. Cu profilul s\u0103u olfactiv fascinant, Velvet Era ofer\u0103 o experien\u021b\u0103 olfactiv\u0103 luxoas\u0103 care surprinde at\u00e2t aspectele \u00eendr\u0103zne\u021be, c\u00e2t \u0219i cele subtile ale personalit\u0103\u021bii tale.<\/p>\n<h2>Profil de parfum bogat \u0219i primitor<\/h2>\n<p>Velvet Era se deschide cu note de v\u00e2rf de citrice str\u0103lucitoare \u0219i condimente atr\u0103g\u0103toare, invit\u00e2ndu-v\u0103 s\u0103 v\u0103 r\u0103sf\u0103\u021ba\u021bi cu complexitatea sa. Pe m\u0103sur\u0103 ce evolueaz\u0103, inima dezv\u0103luie o fuziune de flori bogate \u0219i acorduri p\u0103m\u00e2ntii care se \u00eembin\u0103 perfect pentru a crea o arom\u0103 primitoare, ideal\u0103 at\u00e2t pentru purtarea zilei, c\u00e2t \u0219i pentru serile speciale. Notele de baz\u0103, subliniate de chihlimbar cald \u0219i mosc, ofer\u0103 un final de durat\u0103 care persist\u0103 u\u0219or pe piele, l\u0103s\u00e2nd o impresie memorabil\u0103.<\/p>\n<h2>Cadoul perfect pentru toat\u0103 lumea<\/h2>\n<p>Prezentat \u00eentr-o sticl\u0103 de 100 ml cu design elegant, Apa De Parfum Velvet Era este perfect pentru a fi d\u0103ruit celor dragi sau pentru a v\u0103 r\u0103sf\u0103\u021ba. Atractivitatea sa unisex \u00eel face o alegere versatil\u0103 pentru oricine dore\u0219te s\u0103 adauge o not\u0103 de lux colec\u021biei lor de parfumuri. Fie c\u0103 este vorba de zile de na\u0219tere, anivers\u0103ri sau doar un gest atent, Velvet Era este un cadou atemporal care va fi pre\u021buit. \u00cembun\u0103t\u0103\u021be\u0219te-\u021bi jocul de parfumuri f\u0103r\u0103 efort cu Velvet Era \u0219i \u00eembr\u0103\u021bi\u0219eaz\u0103 esen\u021ba adev\u0103ratei elegan\u021be.<\/p>","protected":false},"excerpt":{"rendered":"<p>Inspirat din Xerjoff Erba Pura<\/p>","protected":false},"featured_media":3069,"comment_status":"open","ping_status":"closed","template":"","meta":{"om_disable_all_campaigns":false,"_monsterinsights_skip_tracking":false,"_monsterinsights_sitenote_active":false,"_monsterinsights_sitenote_note":"","_monsterinsights_sitenote_category":0},"product_brand":[61],"product_cat":[57],"product_tag":[],"class_list":{"0":"post-3068","1":"product","2":"type-product","3":"status-publish","4":"has-post-thumbnail","6":"product_brand-fragance-world","7":"product_cat-unisex","9":"first","10":"outofstock","11":"shipping-taxable","12":"purchasable","13":"product-type-simple"},"aioseo_notices":[],"ct_brands":[{"id":61,"name":"Fragrance World","slug":"fragance-world"}],"_links":{"self":[{"href":"https:\/\/habibimb.com\/en\/wp-json\/wp\/v2\/product\/3068","targetHints":{"allow":["GET"]}}],"collection":[{"href":"https:\/\/habibimb.com\/en\/wp-json\/wp\/v2\/product"}],"about":[{"href":"https:\/\/habibimb.com\/en\/wp-json\/wp\/v2\/types\/product"}],"replies":[{"embeddable":true,"href":"https:\/\/habibimb.com\/en\/wp-json\/wp\/v2\/comments?post=3068"}],"wp:featuredmedia":[{"embeddable":true,"href":"https:\/\/habibimb.com\/en\/wp-json\/wp\/v2\/media\/3069"}],"wp:attachment":[{"href":"https:\/\/habibimb.com\/en\/wp-json\/wp\/v2\/media?parent=3068"}],"wp:term":[{"taxonomy":"product_brand","embeddable":true,"href":"https:\/\/habibimb.com\/en\/wp-json\/wp\/v2\/product_brand?post=3068"},{"taxonomy":"product_cat","embeddable":true,"href":"https:\/\/habibimb.com\/en\/wp-json\/wp\/v2\/product_cat?post=3068"},{"taxonomy":"product_tag","embeddable":true,"href":"https:\/\/habibimb.com\/en\/wp-json\/wp\/v2\/product_tag?post=3068"}],"curies":[{"name":"wp","href":"https:\/\/api.w.org\/{rel}","templated":true}]}}