{"id":3065,"date":"2025-06-21T16:04:26","date_gmt":"2025-06-21T16:04:26","guid":{"rendered":"https:\/\/habibimb.com\/?post_type=product&#038;p=3065"},"modified":"2025-06-21T16:03:36","modified_gmt":"2025-06-21T16:03:36","slug":"apa-de-parfum-tuscany-leather-fragrance-world-unisex-80ml","status":"publish","type":"product","link":"https:\/\/habibimb.com\/en\/product\/apa-de-parfum-tuscany-leather-fragrance-world-unisex-80ml\/","title":{"rendered":"Tuscany Leather, Fragrance World, 80"},"content":{"rendered":"<h2>Dezv\u0103luie farmecul pielii toscane<\/h2>\n<p>Experimenta\u021bi parfumul captivant al Apa De Parfum Tuscany Leather de la Fragrance World, un parfum unisex rafinat care \u00eentruchipeaz\u0103 luxul \u0219i rafinamentul. Conceput pentru cei care apreciaz\u0103 elegan\u021ba \u00een fiecare aspect al vie\u021bii, acest parfum de 80 ml captiveaz\u0103 prin notele sale bogate \u0219i \u00eendr\u0103zne\u021be. Un amestec armonios de elemente aromatice \u00ee\u0219i propune s\u0103 creeze o impresie de durat\u0103, f\u0103c\u00e2ndu-l perfect at\u00e2t pentru purtarea zilnic\u0103, c\u00e2t \u0219i pentru ocazii speciale.<\/p>\n<h2>Profilul \u0219i notele parfumului<\/h2>\n<p>Tuscany Leather este realizat cu m\u0103iestrie pentru a evoca senza\u021bia peisajelor toscane sc\u0103ldate de soare. Parfumul se deschide cu note proaspete \u0219i fructate, trec\u00e2nd f\u0103r\u0103 probleme \u00eentr-o inim\u0103 bogat\u0103 de piele \u0219i accente florale. Termin\u00e2nd cu o baz\u0103 cald\u0103 de chihlimbar \u0219i lemn, aceast\u0103 combina\u021bie unic\u0103 asigur\u0103 o experien\u021b\u0103 de parfum de durat\u0103, care rezoneaz\u0103 cu spiritul de aventur\u0103 \u0219i rafinament. Fiecare spritz este o c\u0103l\u0103torie prin priveli\u0219ti frumoase italiene.<\/p>\n<h2>De ce sa alegi pielea Apa de Parfum Tuscany?<\/h2>\n<p>Acest parfum nu este doar despre parfum; este despre identitate. Fie c\u0103 te \u00eembraci pentru o ie\u0219ire \u00een ora\u0219 sau cau\u021bi s\u0103-\u021bi \u00eembun\u0103t\u0103\u021be\u0219ti stilul de zi cu zi, Tuscany Leather \u00ee\u021bi completeaz\u0103 perfect personalitatea. Atractivitatea sa unisex \u00eel face un cadou ideal at\u00e2t pentru b\u0103rba\u021bi, c\u00e2t \u0219i pentru femei, \u00eencuraj\u00e2nd explorarea expresiei individuale. Ie\u0219i\u021bi \u00een eviden\u021b\u0103 din mul\u021bime cu un parfum care spune multe despre cine sunte\u021bi.<\/p>\n<p>Trece\u021bi de la zi la noapte f\u0103r\u0103 efort cu un parfum care se adapteaz\u0103 la fiecare setare. Apa De Parfum Tuscany Leather v\u0103 invit\u0103 s\u0103 explora\u021bi straturile sale, asigur\u00e2ndu-v\u0103 c\u0103 fiecare \u00eent\u00e2lnire las\u0103 un impact memorabil. \u00cembr\u0103\u021bi\u0219eaz\u0103 farmecul \u0219i las\u0103 parfumul s\u0103-\u021bi spun\u0103 povestea.<\/p>","protected":false},"excerpt":{"rendered":"<p>Inspirat din Tuscan Leather Tom Ford<\/p>","protected":false},"featured_media":3067,"comment_status":"open","ping_status":"closed","template":"","meta":{"om_disable_all_campaigns":false,"_monsterinsights_skip_tracking":false,"_monsterinsights_sitenote_active":false,"_monsterinsights_sitenote_note":"","_monsterinsights_sitenote_category":0},"product_brand":[61],"product_cat":[57],"product_tag":[],"class_list":{"0":"post-3065","1":"product","2":"type-product","3":"status-publish","4":"has-post-thumbnail","6":"product_brand-fragance-world","7":"product_cat-unisex","9":"first","10":"instock","11":"shipping-taxable","12":"purchasable","13":"product-type-simple"},"aioseo_notices":[],"ct_brands":[{"id":61,"name":"Fragrance World","slug":"fragance-world"}],"_links":{"self":[{"href":"https:\/\/habibimb.com\/en\/wp-json\/wp\/v2\/product\/3065","targetHints":{"allow":["GET"]}}],"collection":[{"href":"https:\/\/habibimb.com\/en\/wp-json\/wp\/v2\/product"}],"about":[{"href":"https:\/\/habibimb.com\/en\/wp-json\/wp\/v2\/types\/product"}],"replies":[{"embeddable":true,"href":"https:\/\/habibimb.com\/en\/wp-json\/wp\/v2\/comments?post=3065"}],"wp:featuredmedia":[{"embeddable":true,"href":"https:\/\/habibimb.com\/en\/wp-json\/wp\/v2\/media\/3067"}],"wp:attachment":[{"href":"https:\/\/habibimb.com\/en\/wp-json\/wp\/v2\/media?parent=3065"}],"wp:term":[{"taxonomy":"product_brand","embeddable":true,"href":"https:\/\/habibimb.com\/en\/wp-json\/wp\/v2\/product_brand?post=3065"},{"taxonomy":"product_cat","embeddable":true,"href":"https:\/\/habibimb.com\/en\/wp-json\/wp\/v2\/product_cat?post=3065"},{"taxonomy":"product_tag","embeddable":true,"href":"https:\/\/habibimb.com\/en\/wp-json\/wp\/v2\/product_tag?post=3065"}],"curies":[{"name":"wp","href":"https:\/\/api.w.org\/{rel}","templated":true}]}}