{"id":3062,"date":"2025-06-21T16:01:59","date_gmt":"2025-06-21T16:01:59","guid":{"rendered":"https:\/\/habibimb.com\/?post_type=product&#038;p=3062"},"modified":"2025-10-02T11:19:50","modified_gmt":"2025-10-02T11:19:50","slug":"apa-de-parfum-rose-seduction-femme-fragrance-world-femei-100ml","status":"publish","type":"product","link":"https:\/\/habibimb.com\/en\/product\/apa-de-parfum-rose-seduction-femme-fragrance-world-femei-100ml\/","title":{"rendered":"Rose Seduction Femme, Fragrance World"},"content":{"rendered":"<h2>Dezl\u0103n\u021buie-\u021bi farmecul interior cu Rose Seduction<\/h2>\n<p>Descoperi\u021bi aroma \u00eenc\u00e2nt\u0103toare a <strong>Apa De Parfum Rose Seduction Femme<\/strong> de la Fragrance World, special conceput\u0103 pentru femeile care doresc s\u0103 \u00eentruchipeze gra\u021bia \u0219i elegan\u021ba. Acest parfum rafinat surprinde esen\u021ba trandafirilor, oferind un parfum captivant care persist\u0103 pe tot parcursul zilei, f\u0103c\u00e2ndu-l \u00eenso\u021bitorul perfect pentru orice ocazie.<\/p>\n<h2>Note care definesc elegan\u021ba<\/h2>\n<p>Rose Seduction se deschide cu note de v\u00e2rf vibrante care trezesc sim\u021burile, contopindu-se frumos \u00eentr-o inim\u0103 plin\u0103 de amestecuri florale bogate. Notele de mijloc excep\u021bionale eman\u0103 feminitate \u0219i farmec, asigur\u00e2ndu-v\u0103 c\u0103 v\u0103 sim\u021bi\u021bi atr\u0103g\u0103toare \u0219i \u00eencrez\u0103toare de fiecare dat\u0103 c\u00e2nd o purta\u021bi. Pe m\u0103sur\u0103 ce parfumul se a\u0219eaz\u0103, o baz\u0103 cald\u0103 de lemn subtil \u0219i nuan\u021be dulci te \u00eenv\u0103luie \u00eentr-o \u00eembr\u0103\u021bi\u0219are irezistibil\u0103, l\u0103s\u00e2nd o impresie memorabil\u0103 oriunde te-ai duce.<\/p>\n<h2>Perfect pentru orice ocazie<\/h2>\n<p>Fie c\u0103 te \u00eembraci pentru o sear\u0103 plin\u0103 de farmec sau cau\u021bi un parfum r\u0103coritor pentru purtarea de zi cu zi, <strong>Apa De Parfum Rose Seduction Femme<\/strong> este alegerea ideal\u0103. Natura sa versatil\u0103 \u00eel face potrivit at\u00e2t pentru evenimente formale, c\u00e2t \u0219i pentru ie\u0219iri casual. \u00cembun\u0103t\u0103\u021be\u0219te-\u021bi stilul personal \u0219i \u00eembun\u0103t\u0103\u021be\u0219te-\u021bi colec\u021bia de parfumuri cu acest parfum conceput pentru femeile dinamice \u0219i moderne.<\/p>\n<p>Fiecare sticl\u0103 de 100 ml de Rose Seduction este conceput\u0103 elegant pentru a reflecta rafinamentul parfumului s\u0103u \u00eenc\u00e2nt\u0103tor, f\u0103c\u00e2ndu-l un cadou excep\u021bional pentru tine sau pentru o persoan\u0103 drag\u0103. Experimenta\u021bi farmecul trandafirilor \u0219i l\u0103sa\u021bi acest parfum frumos s\u0103 v\u0103 transporte \u00eentr-o gr\u0103din\u0103 \u00een plin\u0103 floare, eman\u00e2nd \u00eencredere \u0219i farmec cu fiecare pulverizare.<\/p>","protected":false},"excerpt":{"rendered":"<p>Inspirat din 212 Vip Rose Carolina Herrera<\/p>","protected":false},"featured_media":3063,"comment_status":"open","ping_status":"closed","template":"","meta":{"om_disable_all_campaigns":false,"_monsterinsights_skip_tracking":false,"_monsterinsights_sitenote_active":false,"_monsterinsights_sitenote_note":"","_monsterinsights_sitenote_category":0},"product_brand":[61],"product_cat":[56],"product_tag":[],"class_list":{"0":"post-3062","1":"product","2":"type-product","3":"status-publish","4":"has-post-thumbnail","6":"product_brand-fragance-world","7":"product_cat-pentru-ea","9":"first","10":"outofstock","11":"shipping-taxable","12":"purchasable","13":"product-type-simple"},"aioseo_notices":[],"ct_brands":[{"id":61,"name":"Fragrance World","slug":"fragance-world"}],"_links":{"self":[{"href":"https:\/\/habibimb.com\/en\/wp-json\/wp\/v2\/product\/3062","targetHints":{"allow":["GET"]}}],"collection":[{"href":"https:\/\/habibimb.com\/en\/wp-json\/wp\/v2\/product"}],"about":[{"href":"https:\/\/habibimb.com\/en\/wp-json\/wp\/v2\/types\/product"}],"replies":[{"embeddable":true,"href":"https:\/\/habibimb.com\/en\/wp-json\/wp\/v2\/comments?post=3062"}],"wp:featuredmedia":[{"embeddable":true,"href":"https:\/\/habibimb.com\/en\/wp-json\/wp\/v2\/media\/3063"}],"wp:attachment":[{"href":"https:\/\/habibimb.com\/en\/wp-json\/wp\/v2\/media?parent=3062"}],"wp:term":[{"taxonomy":"product_brand","embeddable":true,"href":"https:\/\/habibimb.com\/en\/wp-json\/wp\/v2\/product_brand?post=3062"},{"taxonomy":"product_cat","embeddable":true,"href":"https:\/\/habibimb.com\/en\/wp-json\/wp\/v2\/product_cat?post=3062"},{"taxonomy":"product_tag","embeddable":true,"href":"https:\/\/habibimb.com\/en\/wp-json\/wp\/v2\/product_tag?post=3062"}],"curies":[{"name":"wp","href":"https:\/\/api.w.org\/{rel}","templated":true}]}}