{"id":3058,"date":"2025-06-21T13:43:56","date_gmt":"2025-06-21T13:43:56","guid":{"rendered":"https:\/\/habibimb.com\/?post_type=product&#038;p=3058"},"modified":"2025-12-12T07:30:05","modified_gmt":"2025-12-12T07:30:05","slug":"apa-de-parfum-just-lychee-fragrance-world-femei-100ml","status":"publish","type":"product","link":"https:\/\/habibimb.com\/en\/product\/apa-de-parfum-just-lychee-fragrance-world-femei-100ml\/","title":{"rendered":"Just Lychee, Fragrance World"},"content":{"rendered":"<h2>Dezl\u0103n\u021buie-\u021bi sim\u021burile doar cu litchi<\/h2>\n<p>P\u0103\u0219e\u0219te \u00eentr-o lume a parfumurilor \u00eenc\u00e2nt\u0103toare cu Apa De Parfum Just Lychee de la Fragrance World. Acest parfum rafinat este conceput pentru femeile care apreciaz\u0103 farmecul parfumurilor florale fructate. Cu un amestec r\u0103coritor de note de litchi, acest parfum \u00eencapsuleaz\u0103 esen\u021ba feminit\u0103\u021bii vibrante \u0219i a elegan\u021bei moderne. Perfect pentru orice ocazie, fie c\u0103 este vorba de o zi casual sau de o sear\u0103 sofisticat\u0103, Just Lychee va \u00eentoarce cu siguran\u021b\u0103 capetele \u0219i va face o impresie de durat\u0103.<\/p>\n<h2>Un parfum care define\u0219te elegan\u021ba<\/h2>\n<p>Cu o sticl\u0103 de 100 ml, aceast\u0103 ap\u0103 de parfum ofer\u0103 un parfum de lung\u0103 durat\u0103 care te men\u021bine proasp\u0103t \u0219i \u00eencrez\u0103tor pe tot parcursul zilei. Notele de deschidere ale litchiului suculent creeaz\u0103 o explozie de dulcea\u021b\u0103 revigorant\u0103, perfect echilibrat\u0103 de nuan\u021be florale subtile care adaug\u0103 profunzime \u0219i complexitate. Aceast\u0103 compozi\u021bie armonioas\u0103 las\u0103 loc unei baze calde, f\u0103c\u00e2nd din Just Lychee o alegere ideal\u0103 pentru femeile care caut\u0103 un parfum de semn\u0103tur\u0103 care rezoneaz\u0103 cu personalitatea lor unic\u0103.<\/p>\n<h2>De ce s\u0103 alegi doar litchi?<\/h2>\n<p>\u00centr-o mare de parfumuri, Apa De Parfum Just Lychee se remarc\u0103 prin calitatea \u0219i profilul olfactiv sofisticat. Fragrance World a creat acest parfum cu o aten\u021bie deosebit\u0103 la detalii pentru a se asigura c\u0103 atrage femeia modern\u0103. Designul elegant al sticlei reflect\u0103 experien\u021ba de lux din interior, f\u0103c\u00e2ndu-l un plus perfect pentru orice colec\u021bie de parfumuri sau un cadou atent pentru cineva special. Bucura\u021bi-v\u0103 de echilibrul delicat de dulcea\u021b\u0103 \u0219i c\u0103ldur\u0103 pe care Just Lychee \u00eel ofer\u0103 \u0219i l\u0103sa\u021bi-v\u0103 \u00eenv\u0103luit \u00eentr-o aur\u0103 de elegan\u021b\u0103 \u0219i farmec.<\/p>","protected":false},"excerpt":{"rendered":"<p>Inspirat din Eden Sparkling Lychee 39 Kayali<\/p>","protected":false},"featured_media":3061,"comment_status":"open","ping_status":"closed","template":"","meta":{"om_disable_all_campaigns":false,"_monsterinsights_skip_tracking":false,"_monsterinsights_sitenote_active":false,"_monsterinsights_sitenote_note":"","_monsterinsights_sitenote_category":0},"product_brand":[61],"product_cat":[56],"product_tag":[],"class_list":{"0":"post-3058","1":"product","2":"type-product","3":"status-publish","4":"has-post-thumbnail","6":"product_brand-fragance-world","7":"product_cat-pentru-ea","9":"first","10":"outofstock","11":"shipping-taxable","12":"purchasable","13":"product-type-simple"},"aioseo_notices":[],"ct_brands":[{"id":61,"name":"Fragrance World","slug":"fragance-world"}],"_links":{"self":[{"href":"https:\/\/habibimb.com\/en\/wp-json\/wp\/v2\/product\/3058","targetHints":{"allow":["GET"]}}],"collection":[{"href":"https:\/\/habibimb.com\/en\/wp-json\/wp\/v2\/product"}],"about":[{"href":"https:\/\/habibimb.com\/en\/wp-json\/wp\/v2\/types\/product"}],"replies":[{"embeddable":true,"href":"https:\/\/habibimb.com\/en\/wp-json\/wp\/v2\/comments?post=3058"}],"wp:featuredmedia":[{"embeddable":true,"href":"https:\/\/habibimb.com\/en\/wp-json\/wp\/v2\/media\/3061"}],"wp:attachment":[{"href":"https:\/\/habibimb.com\/en\/wp-json\/wp\/v2\/media?parent=3058"}],"wp:term":[{"taxonomy":"product_brand","embeddable":true,"href":"https:\/\/habibimb.com\/en\/wp-json\/wp\/v2\/product_brand?post=3058"},{"taxonomy":"product_cat","embeddable":true,"href":"https:\/\/habibimb.com\/en\/wp-json\/wp\/v2\/product_cat?post=3058"},{"taxonomy":"product_tag","embeddable":true,"href":"https:\/\/habibimb.com\/en\/wp-json\/wp\/v2\/product_tag?post=3058"}],"curies":[{"name":"wp","href":"https:\/\/api.w.org\/{rel}","templated":true}]}}