{"id":3055,"date":"2025-06-21T13:41:14","date_gmt":"2025-06-21T13:41:14","guid":{"rendered":"https:\/\/habibimb.com\/?post_type=product&#038;p=3055"},"modified":"2025-08-09T05:12:45","modified_gmt":"2025-08-09T05:12:45","slug":"apa-de-parfum-velvet-accent-fragrance-world-unisex-100ml","status":"publish","type":"product","link":"https:\/\/habibimb.com\/en\/product\/apa-de-parfum-velvet-accent-fragrance-world-unisex-100ml\/","title":{"rendered":"Velvet Accent, Fragrance World"},"content":{"rendered":"<h2>Experimenta\u021bi esen\u021ba elegan\u021bei<\/h2>\n<p>Descoperi\u021bi alura luxoas\u0103 a accentului de catifea Apa De Parfum de la Fragrance World. Acest parfum unisex este creat artistic pentru a te \u00eenv\u0103lui \u00eentr-un parfum sofisticat, perfect pentru orice ocazie. Indiferent dac\u0103 v\u0103 \u00eendrepta\u021bi spre un eveniment formal sau o \u00eent\u00e2lnire casual, acest parfum rafinat v\u0103 \u00eembun\u0103t\u0103\u021be\u0219te prezen\u021ba cu o not\u0103 de elegan\u021b\u0103 \u0219i farmec.<\/p>\n<h2>Dezv\u0103luie notele accentului de catifea<\/h2>\n<p>Apa De Parfum Velvet Accent captiveaz\u0103 sim\u021burile cu amestecul s\u0103u unic de note parfumate. Deschiz\u00e2ndu-se cu note de v\u00e2rf atr\u0103g\u0103toare care creeaz\u0103 o prim\u0103 impresie \u00eembietoare, acest parfum trece subtil \u00eentr-o inim\u0103 de acorduri florale delicate \u0219i condimentate calde, culmin\u00e2nd cu o baz\u0103 neted\u0103 \u0219i reconfortant\u0103 de lemn bogat \u0219i note cremoase. Echilibrul acestor note \u00eel face o alegere versatil\u0103 at\u00e2t pentru b\u0103rba\u021bi, c\u00e2t \u0219i pentru femei, asigur\u00e2nd o aur\u0103 proasp\u0103t\u0103 \u0219i vibrant\u0103.<\/p>\n<h2>O impresie de durat\u0103<\/h2>\n<p>Aceast\u0103 sticl\u0103 de 100 ml de Apa De Parfum Velvet Accent nu este doar un parfum; este o experien\u021b\u0103. Mirosul de lung\u0103 durat\u0103 v\u0103 asigur\u0103 c\u0103 r\u0103m\u00e2ne\u021bi \u00eenv\u0103luit \u00een straturile sale \u00eenc\u00e2nt\u0103toare pe tot parcursul zilei. Perfect dimensionat at\u00e2t pentru c\u0103l\u0103torii, c\u00e2t \u0219i pentru purtarea zilnic\u0103, ambalajul s\u0103u elegant \u00eel face un plus frumos pentru toaleta ta sau un cadou ideal pentru cei dragi. Cufunda\u021bi-v\u0103 \u00een lumea parfumurilor fine cu acest parfum remarcabil care \u00eentruchipeaz\u0103 at\u00e2t elemente moderne, c\u00e2t \u0219i clasice.<\/p>\n<p>Las\u0103 Apa De Parfum Velvet Accent s\u0103 fie parfumul t\u0103u semn\u0103tur\u0103, f\u0103c\u00e2nd impresii de durat\u0103 oriunde te-ai duce. \u00cembr\u0103\u021bi\u0219eaz\u0103 atingerea catifea de lux pe care o \u00eentruchipeaz\u0103 acest parfum \u0219i \u00eembun\u0103t\u0103\u021be\u0219te-\u021bi colec\u021bia de parfumuri cu un amestec cu adev\u0103rat creat pentru toat\u0103 lumea.<\/p>","protected":false},"excerpt":{"rendered":"<p>Inspirat din Accento Viola Sospiro<\/p>","protected":false},"featured_media":3057,"comment_status":"open","ping_status":"closed","template":"","meta":{"om_disable_all_campaigns":false,"_monsterinsights_skip_tracking":false,"_monsterinsights_sitenote_active":false,"_monsterinsights_sitenote_note":"","_monsterinsights_sitenote_category":0},"product_brand":[61],"product_cat":[57],"product_tag":[],"class_list":{"0":"post-3055","1":"product","2":"type-product","3":"status-publish","4":"has-post-thumbnail","6":"product_brand-fragance-world","7":"product_cat-unisex","9":"first","10":"outofstock","11":"shipping-taxable","12":"purchasable","13":"product-type-simple"},"aioseo_notices":[],"ct_brands":[{"id":61,"name":"Fragrance World","slug":"fragance-world"}],"_links":{"self":[{"href":"https:\/\/habibimb.com\/en\/wp-json\/wp\/v2\/product\/3055","targetHints":{"allow":["GET"]}}],"collection":[{"href":"https:\/\/habibimb.com\/en\/wp-json\/wp\/v2\/product"}],"about":[{"href":"https:\/\/habibimb.com\/en\/wp-json\/wp\/v2\/types\/product"}],"replies":[{"embeddable":true,"href":"https:\/\/habibimb.com\/en\/wp-json\/wp\/v2\/comments?post=3055"}],"wp:featuredmedia":[{"embeddable":true,"href":"https:\/\/habibimb.com\/en\/wp-json\/wp\/v2\/media\/3057"}],"wp:attachment":[{"href":"https:\/\/habibimb.com\/en\/wp-json\/wp\/v2\/media?parent=3055"}],"wp:term":[{"taxonomy":"product_brand","embeddable":true,"href":"https:\/\/habibimb.com\/en\/wp-json\/wp\/v2\/product_brand?post=3055"},{"taxonomy":"product_cat","embeddable":true,"href":"https:\/\/habibimb.com\/en\/wp-json\/wp\/v2\/product_cat?post=3055"},{"taxonomy":"product_tag","embeddable":true,"href":"https:\/\/habibimb.com\/en\/wp-json\/wp\/v2\/product_tag?post=3055"}],"curies":[{"name":"wp","href":"https:\/\/api.w.org\/{rel}","templated":true}]}}