{"id":3052,"date":"2025-06-21T13:38:40","date_gmt":"2025-06-21T13:38:40","guid":{"rendered":"https:\/\/habibimb.com\/?post_type=product&#038;p=3052"},"modified":"2025-12-10T12:11:48","modified_gmt":"2025-12-10T12:11:48","slug":"apa-de-parfum-just-choco-fragrance-world-unisex-100ml","status":"publish","type":"product","link":"https:\/\/habibimb.com\/en\/product\/apa-de-parfum-just-choco-fragrance-world-unisex-100ml\/","title":{"rendered":"Just Choco, Fragrance World"},"content":{"rendered":"<h2>Experimenta\u021bi farmecul Just Choco<\/h2>\n<p>Dezl\u0103n\u021buie-\u021bi iubitorul de ciocolat\u0103 interior cu Apa De Parfum Just Choco de la Fragrance World. Acest parfum unisex rafinat prezint\u0103 o fuziune \u00eenc\u00e2nt\u0103toare de note bogate de ciocolat\u0103 care captiveaz\u0103 sim\u021burile \u0219i evoc\u0103 amintiri dulci. Fie c\u0103 v\u0103 \u00eembr\u0103ca\u021bi pentru o ocazie special\u0103 sau dori\u021bi un r\u0103sf\u0103\u021b zilnic, acest parfum ofer\u0103 o arom\u0103 luxoas\u0103 care v\u0103 \u00eenv\u0103luie \u00een c\u0103ldur\u0103 \u0219i confort.<\/p>\n<h2>Profil unic de parfum<\/h2>\n<p>Parfumul Just Choco este conceput pentru cei care apreciaz\u0103 o abordare unic\u0103 a parfumului. Are un echilibru armonios de note dulci \u0219i aromate, f\u0103c\u00e2ndu-l o op\u021biune versatil\u0103 pentru oricine. Notele de v\u00e2rf izbucnesc cu un parfum \u00eembietor de ciocolat\u0103, \u00eempletit cu note de vanilie cremoas\u0103 \u0219i o not\u0103 de nuan\u021be florale. Pe m\u0103sur\u0103 ce parfumul se dezvolt\u0103, inima dezv\u0103luie o esen\u021b\u0103 mai moale, mai gurmand\u0103, care persist\u0103 frumos pe piele. \u00cen cele din urm\u0103, notele de baz\u0103 completeaz\u0103 experien\u021ba cu o c\u0103ldur\u0103 subtil\u0103, asigur\u00e2ndu-v\u0103 c\u0103 r\u0103m\u00e2ne\u021bi cu un traseu memorabil oriunde merge\u021bi.<\/p>\n<h2>Perfect pentru orice ocazie<\/h2>\n<p>Acest Apa De Parfum de 100ml nu este doar un parfum; Este o experien\u021b\u0103 care \u00ee\u021bi ridic\u0103 starea de spirit \u0219i d\u0103 tonul oric\u0103rui eveniment. Fie c\u0103 te \u00eendrep\u021bi spre o ie\u0219ire casual, o cin\u0103 romantic\u0103 sau o gal\u0103 de sear\u0103, Just Choco trece perfect cu tine, f\u0103c\u00e2ndu-l \u00eenso\u021bitorul perfect pentru orice moment. Atrac\u021bia sa unisex \u00eenseamn\u0103 c\u0103 poate fi savurat de oricine, f\u0103c\u00e2ndu-l un cadou ideal pentru prieteni, familie sau chiar pentru tine. R\u0103sf\u0103\u021ba\u021bi-v\u0103 cu pl\u0103cerea acestui parfum \u00eenc\u00e2nt\u0103tor \u0219i l\u0103sa\u021bi-l s\u0103 v\u0103 exprime personalitatea unic\u0103.<\/p>","protected":false},"excerpt":{"rendered":"<p>Inspirat din Bianco Latte Giardini di Toscana<\/p>","protected":false},"featured_media":3053,"comment_status":"open","ping_status":"closed","template":"","meta":{"om_disable_all_campaigns":false,"_monsterinsights_skip_tracking":false,"_monsterinsights_sitenote_active":false,"_monsterinsights_sitenote_note":"","_monsterinsights_sitenote_category":0},"product_brand":[61],"product_cat":[57],"product_tag":[],"class_list":{"0":"post-3052","1":"product","2":"type-product","3":"status-publish","4":"has-post-thumbnail","6":"product_brand-fragance-world","7":"product_cat-unisex","9":"first","10":"outofstock","11":"sale","12":"shipping-taxable","13":"purchasable","14":"product-type-simple"},"aioseo_notices":[],"ct_brands":[{"id":61,"name":"Fragrance World","slug":"fragance-world"}],"_links":{"self":[{"href":"https:\/\/habibimb.com\/en\/wp-json\/wp\/v2\/product\/3052","targetHints":{"allow":["GET"]}}],"collection":[{"href":"https:\/\/habibimb.com\/en\/wp-json\/wp\/v2\/product"}],"about":[{"href":"https:\/\/habibimb.com\/en\/wp-json\/wp\/v2\/types\/product"}],"replies":[{"embeddable":true,"href":"https:\/\/habibimb.com\/en\/wp-json\/wp\/v2\/comments?post=3052"}],"wp:featuredmedia":[{"embeddable":true,"href":"https:\/\/habibimb.com\/en\/wp-json\/wp\/v2\/media\/3053"}],"wp:attachment":[{"href":"https:\/\/habibimb.com\/en\/wp-json\/wp\/v2\/media?parent=3052"}],"wp:term":[{"taxonomy":"product_brand","embeddable":true,"href":"https:\/\/habibimb.com\/en\/wp-json\/wp\/v2\/product_brand?post=3052"},{"taxonomy":"product_cat","embeddable":true,"href":"https:\/\/habibimb.com\/en\/wp-json\/wp\/v2\/product_cat?post=3052"},{"taxonomy":"product_tag","embeddable":true,"href":"https:\/\/habibimb.com\/en\/wp-json\/wp\/v2\/product_tag?post=3052"}],"curies":[{"name":"wp","href":"https:\/\/api.w.org\/{rel}","templated":true}]}}