{"id":3048,"date":"2025-06-21T13:35:20","date_gmt":"2025-06-21T13:35:20","guid":{"rendered":"https:\/\/habibimb.com\/?post_type=product&#038;p=3048"},"modified":"2025-10-02T11:20:45","modified_gmt":"2025-10-02T11:20:45","slug":"apa-de-parfum-just-wardi-fragrance-world-femei-100ml","status":"publish","type":"product","link":"https:\/\/habibimb.com\/en\/product\/apa-de-parfum-just-wardi-fragrance-world-femei-100ml\/","title":{"rendered":"Just Wardi, Fragrance World"},"content":{"rendered":"<p>P\u0103\u0219e\u0219te \u00eentr-o lume a elegan\u021bei rafinate cu <strong>Apa De Parfum Just Wardi<\/strong>, un parfum captivant de la Fragrance World conceput pentru femeia modern\u0103. Cu amestecul s\u0103u armonios de note florale \u0219i lemnoase, acest parfum rafinat \u00ee\u021bi ridic\u0103 sim\u021burile \u0219i las\u0103 o impresie de neuitat.<\/p>\n<h2>Dezv\u0103luirea profilului parfumului<\/h2>\n<p>Parfumul <strong>Just Wardi<\/strong> se deschide cu o explozie \u00eenc\u00e2nt\u0103toare de note proaspete de citrice, cre\u00e2nd o aur\u0103 revigorant\u0103 care captiveaz\u0103 \u00eenc\u0103 de la prima pulverizare. Pe m\u0103sur\u0103 ce parfumul evolueaz\u0103, note de inim\u0103 de iasomie delicat\u0103 \u0219i trandafir bogat se dezv\u0103luie, \u00eenv\u0103luindu-te \u00eentr-o \u00eembr\u0103\u021bi\u0219are moale \u0219i feminin\u0103. \u00cen cele din urm\u0103, parfumul se stabile\u0219te pe o baz\u0103 cald\u0103 \u0219i senzual\u0103, cu note de lemn de santal \u0219i chihlimbar, oferind o c\u0103ldur\u0103 persistent\u0103 care v\u0103 va \u00eenso\u021bi pe tot parcursul zilei.<\/p>\n<h2>Elegan\u021b\u0103 de lung\u0103 durat\u0103<\/h2>\n<p>Mai mult dec\u00e2t un parfum, <strong>Apa De Parfum Just Wardi<\/strong> este o experien\u021b\u0103. Cu concentra\u021bia sa ridicat\u0103 de uleiuri de parfum, acest parfum nu numai c\u0103 promite longevitate, dar v\u0103 asigur\u0103 \u0219i c\u0103 l\u0103sa\u021bi o urm\u0103 de elegan\u021b\u0103 oriunde merge\u021bi. Ideal at\u00e2t pentru zi, c\u00e2t \u0219i pentru noapte, acest flacon de 100 ml ofer\u0103 un volum amplu pentru utilizarea zilnic\u0103, f\u0103c\u00e2ndu-l un plus esen\u021bial pentru colec\u021bia ta de parfumuri.<\/p>\n<h2>Cadoul perfect<\/h2>\n<p>Fie c\u0103 v\u0103 r\u0103sf\u0103\u021ba\u021bi sau c\u0103uta\u021bi cadoul perfect, <strong>Just Wardi<\/strong> de la Fragrance World este o alegere \u00eenc\u00e2nt\u0103toare. Ambalajul s\u0103u sofisticat \u0219i parfumul atr\u0103g\u0103tor \u00eel fac un cadou atent pentru zile de na\u0219tere, anivers\u0103ri sau chiar un simplu gest &#8222;doar pentru c\u0103&#8221;. Arat\u0103-i cuiva c\u0103ruia \u00ee\u021bi pas\u0103 oferindu-i un parfum care \u00eentruchipeaz\u0103 individualitatea \u0219i gra\u021bia.<\/p>\n<p>\u00cen concluzie, <strong>Apa De Parfum Just Wardi, Fragrance World, Femei 100ml<\/strong> este mai mult dec\u00e2t un parfum; este o declara\u021bie de stil \u0219i elegan\u021b\u0103. Experimenta\u021bi amestecul s\u0103u luxos \u0219i l\u0103sa\u021bi-l s\u0103 v\u0103 \u00eembun\u0103t\u0103\u021beasc\u0103 rutina zilnic\u0103 cu o not\u0103 de rafinament. Adaug\u0103 acest parfum rafinat \u00een co\u0219ul t\u0103u ast\u0103zi \u0219i transform\u0103-\u021bi c\u0103l\u0103toria parfumului.<\/p>","protected":false},"excerpt":{"rendered":"<p>Inspirat din Yara Lattafa<\/p>","protected":false},"featured_media":3049,"comment_status":"open","ping_status":"closed","template":"","meta":{"om_disable_all_campaigns":false,"_monsterinsights_skip_tracking":false,"_monsterinsights_sitenote_active":false,"_monsterinsights_sitenote_note":"","_monsterinsights_sitenote_category":0},"product_brand":[61],"product_cat":[56],"product_tag":[],"class_list":{"0":"post-3048","1":"product","2":"type-product","3":"status-publish","4":"has-post-thumbnail","6":"product_brand-fragance-world","7":"product_cat-pentru-ea","9":"first","10":"outofstock","11":"shipping-taxable","12":"purchasable","13":"product-type-simple"},"aioseo_notices":[],"ct_brands":[{"id":61,"name":"Fragrance World","slug":"fragance-world"}],"_links":{"self":[{"href":"https:\/\/habibimb.com\/en\/wp-json\/wp\/v2\/product\/3048","targetHints":{"allow":["GET"]}}],"collection":[{"href":"https:\/\/habibimb.com\/en\/wp-json\/wp\/v2\/product"}],"about":[{"href":"https:\/\/habibimb.com\/en\/wp-json\/wp\/v2\/types\/product"}],"replies":[{"embeddable":true,"href":"https:\/\/habibimb.com\/en\/wp-json\/wp\/v2\/comments?post=3048"}],"wp:featuredmedia":[{"embeddable":true,"href":"https:\/\/habibimb.com\/en\/wp-json\/wp\/v2\/media\/3049"}],"wp:attachment":[{"href":"https:\/\/habibimb.com\/en\/wp-json\/wp\/v2\/media?parent=3048"}],"wp:term":[{"taxonomy":"product_brand","embeddable":true,"href":"https:\/\/habibimb.com\/en\/wp-json\/wp\/v2\/product_brand?post=3048"},{"taxonomy":"product_cat","embeddable":true,"href":"https:\/\/habibimb.com\/en\/wp-json\/wp\/v2\/product_cat?post=3048"},{"taxonomy":"product_tag","embeddable":true,"href":"https:\/\/habibimb.com\/en\/wp-json\/wp\/v2\/product_tag?post=3048"}],"curies":[{"name":"wp","href":"https:\/\/api.w.org\/{rel}","templated":true}]}}