{"id":3045,"date":"2025-06-21T13:31:08","date_gmt":"2025-06-21T13:31:08","guid":{"rendered":"https:\/\/habibimb.com\/?post_type=product&#038;p=3045"},"modified":"2026-01-08T11:48:58","modified_gmt":"2026-01-08T11:48:58","slug":"apa-de-parfum-just-anabi-fragrance-world-femei-100ml","status":"publish","type":"product","link":"https:\/\/habibimb.com\/en\/product\/apa-de-parfum-just-anabi-fragrance-world-femei-100ml\/","title":{"rendered":"Just Anabi, Fragrance World"},"content":{"rendered":"<h2>Dezl\u0103n\u021buie-\u021bi esen\u021ba interioar\u0103<\/h2>\n<p>Descoper\u0103 aroma captivant\u0103 a <strong>Apa De Parfum Just Anabi<\/strong> de la Fragrance World, special conceput\u0103 pentru femeile care apreciaz\u0103 un parfum \u00eenc\u00e2nt\u0103tor. Acest parfum rafinat este mai mult dec\u00e2t un simplu parfum; este o declara\u021bie care \u00eentruchipeaz\u0103 elegan\u021ba \u0219i rafinamentul. Cu amestecul s\u0103u \u00eemb\u0103t\u0103tor, Just Anabi este conceput pentru a evoca \u00eencredere \u0219i a v\u0103 \u00eemputernici prezen\u021ba, f\u0103c\u00e2ndu-l un plus esen\u021bial pentru orice colec\u021bie de parfumuri.<\/p>\n<h2>Profilul parfumului<\/h2>\n<p>Parfumul se deschide cu note de v\u00e2rf vibrante care \u00ee\u021bi trezesc sim\u021burile, conduc\u00e2ndu-te \u00eentr-o inim\u0103 plin\u0103 de bog\u0103\u021bie floral\u0103. Pe m\u0103sur\u0103 ce parfumul se dezvolt\u0103, notele de baz\u0103 calde \u0219i p\u0103m\u00e2ntii \u00ee\u021bi \u00eenv\u0103luie pielea, cre\u00e2nd o impresie de durat\u0103 care persist\u0103 pe tot parcursul zilei. Amestecul acestor note atent selectate face <strong>ca Apa De Parfum Just Anabi<\/strong> s\u0103 fie nu numai \u00eenc\u00e2nt\u0103tor, ci \u0219i uimitor de memorabil, perfect at\u00e2t pentru purtarea de zi cu zi, c\u00e2t \u0219i pentru ocazii speciale.<\/p>\n<h2>De ce s\u0103 alegi Just Anabi?<\/h2>\n<p>Aceast\u0103 sticl\u0103 de parfum de 100 ml ofer\u0103 o valoare excelent\u0103, asigur\u00e2ndu-v\u0103 c\u0103 ave\u021bi suficient din acest parfum \u00eenc\u00e2nt\u0103tor pentru a rezista. Fie c\u0103 v\u0103 r\u0103sf\u0103\u021ba\u021bi sau c\u0103uta\u021bi cadoul perfect pentru o persoan\u0103 drag\u0103, <strong>Apa De Parfum Just Anabi<\/strong> este suficient de versatil pentru a fi apreciat de orice femeie care se bucur\u0103 de un parfum rafinat. Ambalajul elegant \u00eei spore\u0219te \u0219i mai mult atractivitatea, f\u0103c\u00e2ndu-l un plus minunat pentru toaleta ta sau un cadou atent.<\/p>\n<p>\u00cembr\u0103\u021bi\u0219eaz\u0103 farmecul Just Anabi \u0219i las\u0103-l s\u0103 te transporte \u00eentr-o lume a elegan\u021bei \u0219i farmecului. Experimenteaz\u0103 magia fiec\u0103rui spritz \u0219i simte puterea transformatoare a acestui parfum excep\u021bional. \u00cembun\u0103t\u0103\u021be\u0219te-\u021bi rutina de zi cu zi \u0219i las\u0103 o impresie de durat\u0103 oriunde mergi cu <strong>Apa De Parfum Just Anabi<\/strong>.<\/p>","protected":false},"excerpt":{"rendered":"<p>Inspirat din Lost Cherry Tom Ford<\/p>","protected":false},"featured_media":3046,"comment_status":"open","ping_status":"closed","template":"","meta":{"om_disable_all_campaigns":false,"_monsterinsights_skip_tracking":false,"_monsterinsights_sitenote_active":false,"_monsterinsights_sitenote_note":"","_monsterinsights_sitenote_category":0},"product_brand":[61],"product_cat":[56],"product_tag":[],"class_list":{"0":"post-3045","1":"product","2":"type-product","3":"status-publish","4":"has-post-thumbnail","6":"product_brand-fragance-world","7":"product_cat-pentru-ea","9":"first","10":"instock","11":"shipping-taxable","12":"purchasable","13":"product-type-simple"},"aioseo_notices":[],"ct_brands":[{"id":61,"name":"Fragrance World","slug":"fragance-world"}],"_links":{"self":[{"href":"https:\/\/habibimb.com\/en\/wp-json\/wp\/v2\/product\/3045","targetHints":{"allow":["GET"]}}],"collection":[{"href":"https:\/\/habibimb.com\/en\/wp-json\/wp\/v2\/product"}],"about":[{"href":"https:\/\/habibimb.com\/en\/wp-json\/wp\/v2\/types\/product"}],"replies":[{"embeddable":true,"href":"https:\/\/habibimb.com\/en\/wp-json\/wp\/v2\/comments?post=3045"}],"wp:featuredmedia":[{"embeddable":true,"href":"https:\/\/habibimb.com\/en\/wp-json\/wp\/v2\/media\/3046"}],"wp:attachment":[{"href":"https:\/\/habibimb.com\/en\/wp-json\/wp\/v2\/media?parent=3045"}],"wp:term":[{"taxonomy":"product_brand","embeddable":true,"href":"https:\/\/habibimb.com\/en\/wp-json\/wp\/v2\/product_brand?post=3045"},{"taxonomy":"product_cat","embeddable":true,"href":"https:\/\/habibimb.com\/en\/wp-json\/wp\/v2\/product_cat?post=3045"},{"taxonomy":"product_tag","embeddable":true,"href":"https:\/\/habibimb.com\/en\/wp-json\/wp\/v2\/product_tag?post=3045"}],"curies":[{"name":"wp","href":"https:\/\/api.w.org\/{rel}","templated":true}]}}