{"id":3042,"date":"2025-06-21T13:24:11","date_gmt":"2025-06-21T13:24:11","guid":{"rendered":"https:\/\/habibimb.com\/?post_type=product&#038;p=3042"},"modified":"2025-07-01T12:27:05","modified_gmt":"2025-07-01T12:27:05","slug":"apa-de-parfum-neroni-riviera-fragrance-world-unisex-80ml","status":"publish","type":"product","link":"https:\/\/habibimb.com\/en\/product\/apa-de-parfum-neroni-riviera-fragrance-world-unisex-80ml\/","title":{"rendered":"Neroni Riviera, Fragrance World, 80"},"content":{"rendered":"<h2>Descoper\u0103-\u021bi esen\u021ba cu Neroni Riviera<\/h2>\n<p>P\u0103\u0219e\u0219te \u00eentr-o lume a aromelor \u00eenc\u00e2nt\u0103toare cu Apa De Parfum Neroni Riviera de la Fragrance World. Conceput ca un parfum unisex, acest parfum rafinat surprinde esen\u021ba unei zile lini\u0219tite de var\u0103 la mare. Notele sale vibrante evoc\u0103 un sentiment de libertate \u0219i rafinament, f\u0103c\u00e2ndu-l alegerea perfect\u0103 pentru orice ocazie.<\/p>\n<h2>Note care transcend genul<\/h2>\n<p>Neroni Riviera prezint\u0103 un amestec atent echilibrat de note de v\u00e2rf, mijloc \u0219i de baz\u0103, care creeaz\u0103 o experien\u021b\u0103 olfactiv\u0103 cu adev\u0103rat unic\u0103. Notele de v\u00e2rf izbucnesc cu un pumn r\u0103coritor de citrice, invit\u00e2ndu-te s\u0103 \u00eembr\u0103\u021bi\u0219ezi ziua cu energie. Pe m\u0103sur\u0103 ce parfumul evolueaz\u0103, inima dezv\u0103luie nuan\u021be florale \u0219i acvatice, \u00eentruchip\u00e2nd spiritul Rivierei. \u00cen cele din urm\u0103, notele de baz\u0103 las\u0103 o impresie cald\u0103 \u0219i de durat\u0103, asigur\u00e2ndu-v\u0103 c\u0103 purta\u021bi esen\u021ba rafinamentului cu dumneavoastr\u0103 oriunde merge\u021bi.<\/p>\n<h2>Perfect pentru orice ocazie<\/h2>\n<p>Fie c\u0103 v\u0103 \u00eendrepta\u021bi spre un brunch casual, o \u00eent\u00e2lnire de afaceri sau o cin\u0103 romantic\u0103, Apa De Parfum Neroni Riviera trece f\u0103r\u0103 probleme de la zi la noapte. Atrac\u021bia sa unisex \u00eenseamn\u0103 c\u0103 poate fi savurat de oricine apreciaz\u0103 m\u0103iestria parfumurilor fine. \u00cen plus, sticla elegant\u0103 de 80 ml nu este doar practic\u0103 pentru c\u0103l\u0103torii, ci \u0219i o completare elegant\u0103 a colec\u021biei tale de parfumuri.<\/p>\n<p>R\u0103sf\u0103\u021ba\u021bi-v\u0103 cu experien\u021ba de lux a Rivierei Neroni \u0219i l\u0103sa\u021bi-o s\u0103 v\u0103 duc\u0103 \u00eentr-o c\u0103l\u0103torie senzorial\u0103. Cu fiecare pulverizare, \u00ee\u021bi aminte\u0219ti de soarele cald \u0219i de valurile bl\u00e2nde, frumos \u00eencapsulate \u00een acest parfum de semn\u0103tur\u0103. \u00cembr\u0103\u021bi\u0219eaz\u0103-\u021bi farmecul unic cu acest parfum captivant \u0219i experimenteaz\u0103 bog\u0103\u021bia pe care o ofer\u0103 Fragrance World.<\/p>","protected":false},"excerpt":{"rendered":"<p>Inspirat din Neroli Portofino Tom Ford<\/p>","protected":false},"featured_media":3043,"comment_status":"open","ping_status":"closed","template":"","meta":{"om_disable_all_campaigns":false,"_monsterinsights_skip_tracking":false,"_monsterinsights_sitenote_active":false,"_monsterinsights_sitenote_note":"","_monsterinsights_sitenote_category":0},"product_brand":[61],"product_cat":[57],"product_tag":[],"class_list":{"0":"post-3042","1":"product","2":"type-product","3":"status-publish","4":"has-post-thumbnail","6":"product_brand-fragance-world","7":"product_cat-unisex","9":"first","10":"outofstock","11":"shipping-taxable","12":"purchasable","13":"product-type-simple"},"aioseo_notices":[],"ct_brands":[{"id":61,"name":"Fragrance World","slug":"fragance-world"}],"_links":{"self":[{"href":"https:\/\/habibimb.com\/en\/wp-json\/wp\/v2\/product\/3042","targetHints":{"allow":["GET"]}}],"collection":[{"href":"https:\/\/habibimb.com\/en\/wp-json\/wp\/v2\/product"}],"about":[{"href":"https:\/\/habibimb.com\/en\/wp-json\/wp\/v2\/types\/product"}],"replies":[{"embeddable":true,"href":"https:\/\/habibimb.com\/en\/wp-json\/wp\/v2\/comments?post=3042"}],"wp:featuredmedia":[{"embeddable":true,"href":"https:\/\/habibimb.com\/en\/wp-json\/wp\/v2\/media\/3043"}],"wp:attachment":[{"href":"https:\/\/habibimb.com\/en\/wp-json\/wp\/v2\/media?parent=3042"}],"wp:term":[{"taxonomy":"product_brand","embeddable":true,"href":"https:\/\/habibimb.com\/en\/wp-json\/wp\/v2\/product_brand?post=3042"},{"taxonomy":"product_cat","embeddable":true,"href":"https:\/\/habibimb.com\/en\/wp-json\/wp\/v2\/product_cat?post=3042"},{"taxonomy":"product_tag","embeddable":true,"href":"https:\/\/habibimb.com\/en\/wp-json\/wp\/v2\/product_tag?post=3042"}],"curies":[{"name":"wp","href":"https:\/\/api.w.org\/{rel}","templated":true}]}}