{"id":3038,"date":"2025-06-21T13:20:49","date_gmt":"2025-06-21T13:20:49","guid":{"rendered":"https:\/\/habibimb.com\/?post_type=product&#038;p=3038"},"modified":"2025-12-19T10:37:49","modified_gmt":"2025-12-19T10:37:49","slug":"apa-de-parfum-cocktail-intense-fragrance-world-unisex-100ml","status":"publish","type":"product","link":"https:\/\/habibimb.com\/en\/product\/apa-de-parfum-cocktail-intense-fragrance-world-unisex-100ml\/","title":{"rendered":"Cocktail Intense, Fragrance World"},"content":{"rendered":"<h2>Dezl\u0103n\u021buie-\u021bi esen\u021ba interioar\u0103<\/h2>\n<p>V\u0103 prezent\u0103m Apa De Parfum Cocktail Intense de la Fragrance World &#8211; un parfum care ridic\u0103 arta parfumului cu amestecul s\u0103u captivant de arome. \u00cenvelit \u00eentr-o sticl\u0103 de 100 ml frumos proiectat\u0103, acest parfum unisex este perfect pentru oricine caut\u0103 un parfum de semn\u0103tur\u0103 care s\u0103 ias\u0103 \u00een eviden\u021b\u0103 \u00een orice mul\u021bime. Descoper\u0103 farmecul \u0219i rafinamentul care vin cu fiecare spritz, l\u0103s\u00e2nd o impresie de durat\u0103 oriunde te-ai duce.<\/p>\n<h2>Un amestec captivant pentru orice ocazie<\/h2>\n<p>Apa De Parfum Cocktail Intense prezint\u0103 o fuziune rafinat\u0103 de note care danseaz\u0103 armonios, cre\u00e2nd o experien\u021b\u0103 olfactiv\u0103 de neuitat. Notele de v\u00e2rf de citrice vibrante trezesc sim\u021burile, trec\u00e2nd f\u0103r\u0103 probleme \u00eentr-o inim\u0103 de nuan\u021be florale \u0219i picante care adaug\u0103 profunzime \u0219i caracter. \u00cen cele din urm\u0103, notele de baz\u0103 persist\u0103 cu o arom\u0103 cald\u0103, lemnoas\u0103, \u00eemp\u0103m\u00e2nt\u00e2nd parfumul \u0219i sporindu-i longevitatea. Acest parfum multifa\u021betat \u00eel face ideal at\u00e2t pentru purtarea zilei, c\u00e2t \u0219i pentru serile speciale, asigur\u00e2ndu-v\u0103 c\u0103 v\u0103 sim\u021bi\u021bi \u00eencrez\u0103tor \u0219i atr\u0103g\u0103tor pe tot parcursul zilei.<\/p>\n<h2>Tovar\u0103\u0219ul t\u0103u de zi cu zi<\/h2>\n<p>Conceput pentru versatilitate, Apa De Parfum Cocktail Intense se potrive\u0219te f\u0103r\u0103 efort \u00een fiecare aspect al vie\u021bii tale. Indiferent dac\u0103 te \u00eembraci pentru un eveniment formal sau \u00eembr\u0103\u021bi\u0219ezi o ie\u0219ire casual, acest parfum \u00ee\u021bi completeaz\u0103 perfect stilul. Natura sa unisex \u00eenseamn\u0103 c\u0103 poate fi savurat de oricine, \u00eencuraj\u00e2nd un sentiment de conexiune \u0219i experien\u021be \u00eemp\u0103rt\u0103\u0219ite. Face\u021bi din acest parfum luxos op\u021biunea preferat\u0103 \u0219i crea\u021bi o poveste unic\u0103 de parfum personal\u0103, care este distinctiv a dvs.<\/p>\n<p>R\u0103sf\u0103\u021ba\u021bi-v\u0103 cu alura premium a Apa De Parfum Cocktail Intense, unde notele sofisticate se \u00eempletesc pentru un parfum care vorbe\u0219te despre individualitatea dvs. Nu rata\u021bi ocazia de a v\u0103 \u00eembun\u0103t\u0103\u021bi colec\u021bia de parfumuri cu acest parfum magnific de la Fragrance World. \u00cembr\u0103\u021bi\u0219eaz\u0103 elegan\u021ba \u0219i farmecul pe care \u00eel aduce \u00een via\u021ba ta de zi cu zi.<\/p>","protected":false},"excerpt":{"rendered":"<p>Inspirat din Angel&#8217;s Share Kilian<\/p>","protected":false},"featured_media":3039,"comment_status":"open","ping_status":"closed","template":"","meta":{"om_disable_all_campaigns":false,"_monsterinsights_skip_tracking":false,"_monsterinsights_sitenote_active":false,"_monsterinsights_sitenote_note":"","_monsterinsights_sitenote_category":0},"product_brand":[61],"product_cat":[57],"product_tag":[],"class_list":{"0":"post-3038","1":"product","2":"type-product","3":"status-publish","4":"has-post-thumbnail","6":"product_brand-fragance-world","7":"product_cat-unisex","9":"first","10":"outofstock","11":"shipping-taxable","12":"purchasable","13":"product-type-simple"},"aioseo_notices":[],"ct_brands":[{"id":61,"name":"Fragrance World","slug":"fragance-world"}],"_links":{"self":[{"href":"https:\/\/habibimb.com\/en\/wp-json\/wp\/v2\/product\/3038","targetHints":{"allow":["GET"]}}],"collection":[{"href":"https:\/\/habibimb.com\/en\/wp-json\/wp\/v2\/product"}],"about":[{"href":"https:\/\/habibimb.com\/en\/wp-json\/wp\/v2\/types\/product"}],"replies":[{"embeddable":true,"href":"https:\/\/habibimb.com\/en\/wp-json\/wp\/v2\/comments?post=3038"}],"wp:featuredmedia":[{"embeddable":true,"href":"https:\/\/habibimb.com\/en\/wp-json\/wp\/v2\/media\/3039"}],"wp:attachment":[{"href":"https:\/\/habibimb.com\/en\/wp-json\/wp\/v2\/media?parent=3038"}],"wp:term":[{"taxonomy":"product_brand","embeddable":true,"href":"https:\/\/habibimb.com\/en\/wp-json\/wp\/v2\/product_brand?post=3038"},{"taxonomy":"product_cat","embeddable":true,"href":"https:\/\/habibimb.com\/en\/wp-json\/wp\/v2\/product_cat?post=3038"},{"taxonomy":"product_tag","embeddable":true,"href":"https:\/\/habibimb.com\/en\/wp-json\/wp\/v2\/product_tag?post=3038"}],"curies":[{"name":"wp","href":"https:\/\/api.w.org\/{rel}","templated":true}]}}