{"id":3034,"date":"2025-06-21T13:11:26","date_gmt":"2025-06-21T13:11:26","guid":{"rendered":"https:\/\/habibimb.com\/?post_type=product&#038;p=3034"},"modified":"2025-11-28T12:39:48","modified_gmt":"2025-11-28T12:39:48","slug":"apa-de-parfum-scandal-by-patric-femei-100ml","status":"publish","type":"product","link":"https:\/\/habibimb.com\/en\/product\/apa-de-parfum-scandal-by-patric-femei-100ml\/","title":{"rendered":"Scandal By Patric"},"content":{"rendered":"<h2>Descoperi\u021bi farmecul scandalului<\/h2>\n<p>Deblocheaz\u0103 o lume de parfumuri captivante cu <strong>Apa De Parfum Scandal By Patric<\/strong>. Acest parfum rafinat, conceput special pentru femei, surprinde esen\u021ba feminit\u0103\u021bii, f\u0103c\u00e2nd \u00een acela\u0219i timp o declara\u021bie \u00eendr\u0103znea\u021b\u0103. Perfect pentru orice ocazie, Scandal te \u00eenv\u0103luie \u00eentr-o tapiserie bogat\u0103 de note care persist\u0103 delicat pe pielea ta pe tot parcursul zilei.<\/p>\n<h2>Note de parfum de neuitat<\/h2>\n<p>\u00cen centrul <strong>Apa De Parfum Scandal<\/strong> se afl\u0103 un amestec \u00eenc\u00e2nt\u0103tor care echilibreaz\u0103 notele florale \u0219i fructate cu o \u00eentors\u0103tur\u0103 nea\u0219teptat\u0103. Notele de v\u00e2rf te \u00eent\u00e2mpin\u0103 cu arome vibrante de citrice \u0219i fructe de p\u0103dure dulci, cre\u00e2nd o intrare primitoare. Pe m\u0103sur\u0103 ce aprofundezi, inima dezv\u0103luie buchete florale delicioase care eman\u0103 elegan\u021b\u0103, \u00een timp ce notele de baz\u0103 de chihlimbar cald \u0219i mosc senzual ofer\u0103 un final reconfortant \u0219i de durat\u0103. Aceast\u0103 compozi\u021bie armonioas\u0103 asigur\u0103 c\u0103 nimeni nu poate rezista s\u0103 fie atras mai aproape de tine.<\/p>\n<h2>Ridic\u0103-\u021bi cu u\u0219urin\u021b\u0103 parfumul de zi cu zi<\/h2>\n<p>Cu sticla sa elegant\u0103 de 100 ml, <strong>Apa De Parfum Scandal By Patric<\/strong> nu este doar o s\u0103rb\u0103toare pentru sim\u021buri, ci \u0219i un plus uimitor pentru toaleta ta. Ideal at\u00e2t pentru zi, c\u00e2t \u0219i pentru noapte, acest parfum este suficient de versatil pentru a v\u0103 \u00eembun\u0103t\u0103\u021bi rutina zilnic\u0103 sau pentru a ad\u0103uga o not\u0103 de lux ocaziilor speciale. \u00cembr\u0103\u021bi\u0219eaz\u0103 alura scandaloas\u0103 doar cu un spritz \u0219i las\u0103-\u021bi prezen\u021ba s\u0103 spun\u0103 multe f\u0103r\u0103 a spune un cuv\u00e2nt.<\/p>","protected":false},"excerpt":{"rendered":"<p>Inspirat din Scandal Jean Paul Gaultier<\/p>","protected":false},"featured_media":3035,"comment_status":"open","ping_status":"closed","template":"","meta":{"om_disable_all_campaigns":false,"_monsterinsights_skip_tracking":false,"_monsterinsights_sitenote_active":false,"_monsterinsights_sitenote_note":"","_monsterinsights_sitenote_category":0},"product_brand":[76],"product_cat":[56],"product_tag":[],"class_list":{"0":"post-3034","1":"product","2":"type-product","3":"status-publish","4":"has-post-thumbnail","6":"product_brand-by-patric","7":"product_cat-pentru-ea","9":"first","10":"instock","11":"shipping-taxable","12":"purchasable","13":"product-type-simple"},"aioseo_notices":[],"ct_brands":[{"id":76,"name":"By Patric","slug":"by-patric"}],"_links":{"self":[{"href":"https:\/\/habibimb.com\/en\/wp-json\/wp\/v2\/product\/3034","targetHints":{"allow":["GET"]}}],"collection":[{"href":"https:\/\/habibimb.com\/en\/wp-json\/wp\/v2\/product"}],"about":[{"href":"https:\/\/habibimb.com\/en\/wp-json\/wp\/v2\/types\/product"}],"replies":[{"embeddable":true,"href":"https:\/\/habibimb.com\/en\/wp-json\/wp\/v2\/comments?post=3034"}],"wp:featuredmedia":[{"embeddable":true,"href":"https:\/\/habibimb.com\/en\/wp-json\/wp\/v2\/media\/3035"}],"wp:attachment":[{"href":"https:\/\/habibimb.com\/en\/wp-json\/wp\/v2\/media?parent=3034"}],"wp:term":[{"taxonomy":"product_brand","embeddable":true,"href":"https:\/\/habibimb.com\/en\/wp-json\/wp\/v2\/product_brand?post=3034"},{"taxonomy":"product_cat","embeddable":true,"href":"https:\/\/habibimb.com\/en\/wp-json\/wp\/v2\/product_cat?post=3034"},{"taxonomy":"product_tag","embeddable":true,"href":"https:\/\/habibimb.com\/en\/wp-json\/wp\/v2\/product_tag?post=3034"}],"curies":[{"name":"wp","href":"https:\/\/api.w.org\/{rel}","templated":true}]}}